{"id":1456,"date":"2022-03-14T09:59:34","date_gmt":"2022-03-14T08:59:34","guid":{"rendered":"https:\/\/wordpress.nibis.de\/gsahlem\/?page_id=1456"},"modified":"2022-03-14T14:27:17","modified_gmt":"2022-03-14T13:27:17","slug":"informationsabend","status":"publish","type":"page","link":"https:\/\/wordpress.nibis.de\/gsahlem\/informationsabend\/","title":{"rendered":"Virtueller Informationsabend"},"content":{"rendered":"<p>Liebe Eltern und Interessierte,<\/p>\n<p>hier finden sie einen Link zu unserem virtuellen &#8222;Elterninformationsabend&#8220; f\u00fcr Lernanf\u00e4nger*innen, der in diesem Jahr leider nur digital stattfinden kann. Viel Spa\u00df beim Durchklicken.<\/p>\n<p style=\"text-align: center\"><a href=\"https:\/\/docs.google.com\/presentation\/d\/1hrYnECQcbyAOPQXQw8dmL0USEZcEgf2GWDRzCrY1Qcg\/present?slide=id.p\" target=\"_blank\" rel=\"noopener noreferrer\"><img loading=\"lazy\" decoding=\"async\" class=\"aligncenter wp-image-1466 size-large\" src=\"https:\/\/wordpress.nibis.de\/gsahlem\/files\/2021\/03\/Informationsabend-1024x577.png\" alt=\"\" width=\"600\" height=\"338\" srcset=\"https:\/\/wordpress.nibis.de\/gsahlem\/files\/2021\/03\/Informationsabend-1024x577.png 1024w, https:\/\/wordpress.nibis.de\/gsahlem\/files\/2021\/03\/Informationsabend-300x169.png 300w, https:\/\/wordpress.nibis.de\/gsahlem\/files\/2021\/03\/Informationsabend-768x433.png 768w, https:\/\/wordpress.nibis.de\/gsahlem\/files\/2021\/03\/Informationsabend-1536x865.png 1536w, https:\/\/wordpress.nibis.de\/gsahlem\/files\/2021\/03\/Informationsabend-2048x1154.png 2048w\" sizes=\"auto, (max-width: 600px) 100vw, 600px\" \/>Bitte hier klicken!<\/a><\/p>\n<p><span style=\"color: #ff0000\"><b>Wichtig! <\/b><\/span>Die Pr\u00e4sentation muss in einem neuem Tab geladen werden.<\/p>\n<p>Sie haben aber auch die M\u00f6glichkeit, die unten stehende Adresse selbst zu kopieren und in einem neuem Browserfenster einzuf\u00fcgen: <a href=\"https:\/\/docs.google.com\/presentation\/d\/1hrYnECQcbyAOPQXQw8dmL0USEZcEgf2GWDRzCrY1Qcg\/present?slide=id.p\">https:\/\/docs.google.com\/presentation\/d\/1hrYnECQcbyAOPQXQw8dmL0USEZcEgf2GWDRzCrY1Qcg\/present?slide=id.p<\/a><\/p>\n<p>&nbsp;<\/p>\n<p><code><\/code><\/p>\n","protected":false},"excerpt":{"rendered":"<p>Liebe Eltern und Interessierte, hier finden sie einen Link zu unserem virtuellen &#8222;Elterninformationsabend&#8220; f\u00fcr Lernanf\u00e4nger*innen, der in diesem Jahr leider nur digital stattfinden kann. Viel Spa\u00df beim Durchklicken. Bitte hier klicken! Wichtig! Die Pr\u00e4sentation muss in einem neuem Tab geladen werden. Sie haben aber auch die M\u00f6glichkeit, die unten stehende Adresse selbst zu kopieren und [&hellip;]<\/p>\n","protected":false},"author":9192592,"featured_media":0,"parent":0,"menu_order":0,"comment_status":"closed","ping_status":"closed","template":"","meta":{"footnotes":""},"class_list":["post-1456","page","type-page","status-publish","hentry"],"_links":{"self":[{"href":"https:\/\/wordpress.nibis.de\/gsahlem\/wp-json\/wp\/v2\/pages\/1456","targetHints":{"allow":["GET"]}}],"collection":[{"href":"https:\/\/wordpress.nibis.de\/gsahlem\/wp-json\/wp\/v2\/pages"}],"about":[{"href":"https:\/\/wordpress.nibis.de\/gsahlem\/wp-json\/wp\/v2\/types\/page"}],"author":[{"embeddable":true,"href":"https:\/\/wordpress.nibis.de\/gsahlem\/wp-json\/wp\/v2\/users\/9192592"}],"replies":[{"embeddable":true,"href":"https:\/\/wordpress.nibis.de\/gsahlem\/wp-json\/wp\/v2\/comments?post=1456"}],"version-history":[{"count":18,"href":"https:\/\/wordpress.nibis.de\/gsahlem\/wp-json\/wp\/v2\/pages\/1456\/revisions"}],"predecessor-version":[{"id":1950,"href":"https:\/\/wordpress.nibis.de\/gsahlem\/wp-json\/wp\/v2\/pages\/1456\/revisions\/1950"}],"wp:attachment":[{"href":"https:\/\/wordpress.nibis.de\/gsahlem\/wp-json\/wp\/v2\/media?parent=1456"}],"curies":[{"name":"wp","href":"https:\/\/api.w.org\/{rel}","templated":true}]}}