{"id":1537,"date":"2021-05-17T11:18:01","date_gmt":"2021-05-17T09:18:01","guid":{"rendered":"https:\/\/wordpress.nibis.de\/gsahlem\/?page_id=1537"},"modified":"2025-04-04T14:43:32","modified_gmt":"2025-04-04T12:43:32","slug":"schulsozialarbeit","status":"publish","type":"page","link":"https:\/\/wordpress.nibis.de\/gsahlem\/schulsozialarbeit\/","title":{"rendered":"Schulsozialarbeit"},"content":{"rendered":"<p>Hallo zusammen!<\/p>\n<p>Ich bin Daniela Kunze und bin als Fachkraft f\u00fcr schulische Sozialarbeit hier an der GS Ahlem t\u00e4tig.<\/p>\n<p><strong>Als Schulsozialarbeiterin bin ich Ansprechpartnerin f\u00fcr:<\/strong><\/p>\n<ul>\n<li><strong>alle Sch\u00fclerinnen und Sch\u00fcler<\/strong><\/li>\n<li><strong>f\u00fcr alle Eltern und Erziehungsberechtigte und <\/strong><\/li>\n<li><strong>f\u00fcr alle Lehrkr\u00e4fte und Mitarbeiter:innen der Grundschule Ahlem<\/strong><\/li>\n<\/ul>\n<p style=\"text-align: justify\">Mein B\u00fcro befindet sich im Untergeschoss neben der B\u00fccherei.<\/p>\n<p style=\"text-align: justify\">Erreichbar bin ich unter den Rufnummer:\u00a0 <strong>0511 &#8211; 168 33860 <\/strong>oder per Mail:<\/p>\n<p style=\"text-align: justify\">dan&#105;&#101;&#108;&#97;&#x2e;&#x4b;&#x75;&#x6e;&#x7a;&#x65;&#x32;&#64;sc&#104;&#117;&#108;&#101;&#110;&#x2d;&#x68;&#x61;&#x6e;&#x6e;&#x6f;ver&#46;&#100;&#101;<\/p>\n<p>&nbsp;<\/p>\n","protected":false},"excerpt":{"rendered":"<p>Hallo zusammen! Ich bin Daniela Kunze und bin als Fachkraft f\u00fcr schulische Sozialarbeit hier an der GS Ahlem t\u00e4tig. Als Schulsozialarbeiterin bin ich Ansprechpartnerin f\u00fcr: alle Sch\u00fclerinnen und Sch\u00fcler f\u00fcr alle Eltern und Erziehungsberechtigte und f\u00fcr alle Lehrkr\u00e4fte und Mitarbeiter:innen der Grundschule Ahlem Mein B\u00fcro befindet sich im Untergeschoss neben der B\u00fccherei. Erreichbar bin ich [&hellip;]<\/p>\n","protected":false},"author":9192592,"featured_media":0,"parent":0,"menu_order":0,"comment_status":"closed","ping_status":"closed","template":"","meta":{"footnotes":""},"class_list":["post-1537","page","type-page","status-publish","hentry"],"_links":{"self":[{"href":"https:\/\/wordpress.nibis.de\/gsahlem\/wp-json\/wp\/v2\/pages\/1537","targetHints":{"allow":["GET"]}}],"collection":[{"href":"https:\/\/wordpress.nibis.de\/gsahlem\/wp-json\/wp\/v2\/pages"}],"about":[{"href":"https:\/\/wordpress.nibis.de\/gsahlem\/wp-json\/wp\/v2\/types\/page"}],"author":[{"embeddable":true,"href":"https:\/\/wordpress.nibis.de\/gsahlem\/wp-json\/wp\/v2\/users\/9192592"}],"replies":[{"embeddable":true,"href":"https:\/\/wordpress.nibis.de\/gsahlem\/wp-json\/wp\/v2\/comments?post=1537"}],"version-history":[{"count":13,"href":"https:\/\/wordpress.nibis.de\/gsahlem\/wp-json\/wp\/v2\/pages\/1537\/revisions"}],"predecessor-version":[{"id":3099,"href":"https:\/\/wordpress.nibis.de\/gsahlem\/wp-json\/wp\/v2\/pages\/1537\/revisions\/3099"}],"wp:attachment":[{"href":"https:\/\/wordpress.nibis.de\/gsahlem\/wp-json\/wp\/v2\/media?parent=1537"}],"curies":[{"name":"wp","href":"https:\/\/api.w.org\/{rel}","templated":true}]}}