{"id":1664,"date":"2021-08-18T19:14:44","date_gmt":"2021-08-18T17:14:44","guid":{"rendered":"https:\/\/wordpress.nibis.de\/gsahlem\/?page_id=1664"},"modified":"2024-07-17T20:53:50","modified_gmt":"2024-07-17T18:53:50","slug":"fit4future","status":"publish","type":"page","link":"https:\/\/wordpress.nibis.de\/gsahlem\/schulleben-2\/fit4future\/","title":{"rendered":"Fit4future"},"content":{"rendered":"<p><strong>\u201efit4future Kids\u201c \u2013 Die Grundschule Ahlem ist dabei!<\/strong><\/p>\n<p>Seit dem Schuljahr 2016\/2017 ist die Grundschule Ahlem Teil von \u201efit4future\u201c, einer gro\u00dfen Pr\u00e4ventionsinitiative der Cleven-Stiftung und der DAK-Gesundheit. Das Konzept definiert vier Ziele: mehr Bewegung, eine gute Ern\u00e4hrung, eine stressfreie, positive Lernatmosph\u00e4re sowie eine gesunde Lebenswelt.\u00a0 Die Initiative unterst\u00fctzt aktuell 2.000 Grund- und F\u00f6rderschulen in ganz Deutschland und ist inzwischen aufgrund der positiven Bilanz verl\u00e4ngert worden. Die Kinder sind nachweislich fitter, haben ein besseres Gesp\u00fcr f\u00fcr gesunde Ern\u00e4hrung, k\u00f6nnen gelassener mit Stress umgehen und sich besser konzentrieren. Das belegen die Evaluationsergebnisse der TU M\u00fcnchen. Auch an der Schule selbst hat vieles zu einem ges\u00fcnderen Schulumfeld beigetragen.<\/p>\n<p>Das Programm vermittelt Spa\u00df an Bewegung und ausgewogener Ern\u00e4hrung und gibt Impulse zur Stressbew\u00e4ltigung f\u00fcr Kinder und Lehrkr\u00e4fte.\u00a0 Neben den Inhalten der \u2018fit4future\u2018-Spieletonne und der Brainfitnessbox, die in die schuleigenen Bewegungsangebote \u00fcbernommen wurden, kommen die Ideen und Anregungen aus den Workshops f\u00fcr Lehrkr\u00e4fte t\u00e4glich im Schulalltag zum Einsatz. Dar\u00fcber hinaus hat sich der fit4future-Projekttag als Sport- und Spielefest f\u00fcr die Klassen 1 und 2 fest im j\u00e4hrlichen Schulrhythmus etabliert.<\/p>\n<p>Auf dem Blog der Initiative finden sich viele spannende Ideen und Anregungen zu den Modulen: Bewegung, Ern\u00e4hrung, Medien, Brainfitness und Verh\u00e4ltnispr\u00e4ventation:<\/p>\n<p><a href=\"https:\/\/kids.fit-4-future.de\/entdecken\">https:\/\/kids.fit-4-future.de\/entdecken<\/a><\/p>\n","protected":false},"excerpt":{"rendered":"<p>\u201efit4future Kids\u201c \u2013 Die Grundschule Ahlem ist dabei! Seit dem Schuljahr 2016\/2017 ist die Grundschule Ahlem Teil von \u201efit4future\u201c, einer gro\u00dfen Pr\u00e4ventionsinitiative der Cleven-Stiftung und der DAK-Gesundheit. Das Konzept definiert vier Ziele: mehr Bewegung, eine gute Ern\u00e4hrung, eine stressfreie, positive Lernatmosph\u00e4re sowie eine gesunde Lebenswelt.\u00a0 Die Initiative unterst\u00fctzt aktuell 2.000 Grund- und F\u00f6rderschulen in ganz [&hellip;]<\/p>\n","protected":false},"author":9193831,"featured_media":0,"parent":87,"menu_order":4,"comment_status":"closed","ping_status":"closed","template":"","meta":{"footnotes":""},"class_list":["post-1664","page","type-page","status-publish","hentry"],"_links":{"self":[{"href":"https:\/\/wordpress.nibis.de\/gsahlem\/wp-json\/wp\/v2\/pages\/1664","targetHints":{"allow":["GET"]}}],"collection":[{"href":"https:\/\/wordpress.nibis.de\/gsahlem\/wp-json\/wp\/v2\/pages"}],"about":[{"href":"https:\/\/wordpress.nibis.de\/gsahlem\/wp-json\/wp\/v2\/types\/page"}],"author":[{"embeddable":true,"href":"https:\/\/wordpress.nibis.de\/gsahlem\/wp-json\/wp\/v2\/users\/9193831"}],"replies":[{"embeddable":true,"href":"https:\/\/wordpress.nibis.de\/gsahlem\/wp-json\/wp\/v2\/comments?post=1664"}],"version-history":[{"count":3,"href":"https:\/\/wordpress.nibis.de\/gsahlem\/wp-json\/wp\/v2\/pages\/1664\/revisions"}],"predecessor-version":[{"id":2826,"href":"https:\/\/wordpress.nibis.de\/gsahlem\/wp-json\/wp\/v2\/pages\/1664\/revisions\/2826"}],"up":[{"embeddable":true,"href":"https:\/\/wordpress.nibis.de\/gsahlem\/wp-json\/wp\/v2\/pages\/87"}],"wp:attachment":[{"href":"https:\/\/wordpress.nibis.de\/gsahlem\/wp-json\/wp\/v2\/media?parent=1664"}],"curies":[{"name":"wp","href":"https:\/\/api.w.org\/{rel}","templated":true}]}}