{"id":294,"date":"2018-09-25T19:55:01","date_gmt":"2018-09-25T17:55:01","guid":{"rendered":"http:\/\/wordpress.nibis.de\/gsahlem\/?page_id=294"},"modified":"2021-03-19T13:20:35","modified_gmt":"2021-03-19T12:20:35","slug":"rucksack","status":"publish","type":"page","link":"https:\/\/wordpress.nibis.de\/gsahlem\/projekte\/rucksack\/","title":{"rendered":"Rucksack"},"content":{"rendered":"<p>&nbsp;<\/p>\n<p><span style=\"color: #003366\"><strong><span style=\"font-family: arial, helvetica, sans-serif;font-size: 14pt\">\u201eRucksack in der Grundschule\u201c<\/span><\/strong><\/span><\/p>\n<p style=\"text-align: justify\"><span style=\"font-family: arial, helvetica, sans-serif\">Seit Oktober 2011 bieten wir f\u00fcr Eltern zweisprachiger Kinder vormittags einen Kurs in der Schule an, in dem sie lernen, wie sie ihre Kinder auf dem Weg zum Schul- und Bildungserfolg unterst\u00fctzen k\u00f6nnen. Es ist ein koordiniertes Programm zur Sprachf\u00f6rderung und Elternbildung. Die Eltern lernen in den Gruppen Unterrichtsinhalte und Material der Schule kennen und erhalten Anregungen f\u00fcr Aufgaben\/Aktivit\u00e4ten, die sie zuhause mit ihren Kindern durchf\u00fchren k\u00f6nnen. Auch Erziehungsthemen k\u00f6nnen miteinander besprochen werden. Neben den Lerninhalten geht es aber auch darum, einfach nur Kontakt untereinander aufzubauen und Spa\u00df miteinander zu haben. Der Kurs findet jeden Mittwoch am Vormittag statt. Er wird von einer qualifizierten Elternbegleiterin geleitet. Die Teilnahme ist kostenlos. Anmeldungen nehmen die Klassenlehrer\/innen und unser Sekretariat entgegen.<\/span><\/p>\n<table style=\"border-collapse: collapse;width: 100%\" border=\"1\">\n<tbody>\n<tr style=\"height: 60px\">\n<td style=\"width: 50%;border-style: hidden;height: 60px\">Rucksack in der Grundschule<\/td>\n<td style=\"width: 50%;border-style: hidden;height: 60px\"><a href=\"http:\/\/wordpress.nibis.de\/gsahlem\/files\/2018\/09\/Rucksack-in-der-Grundschule.pdf\" target=\"_blank\" rel=\"noopener noreferrer\"><img loading=\"lazy\" decoding=\"async\" class=\"alignnone wp-image-258\" src=\"http:\/\/wordpress.nibis.de\/gsahlem\/files\/2018\/09\/Download.png\" alt=\"\" width=\"50\" height=\"52\" \/><\/a><a href=\"http:\/\/wordpress.nibis.de\/gsahlem\/files\/2018\/09\/Rucksack-in-der-Grundschule.pdf\" target=\"_blank\" rel=\"noopener noreferrer\">Rucksack in der Grundschule Ahlem<\/a><\/td>\n<\/tr>\n<tr style=\"height: 60px\">\n<td style=\"width: 50%;border-style: hidden;height: 60px\">Mehr Informationen entnehmen Sie bitte dem Portal der Region und der Landeshauptstadt Hannover<\/td>\n<td style=\"width: 50%;border-style: hidden;height: 60px\">\u00a0<a href=\"https:\/\/www.hannover.de\/Leben-in-der-Region-Hannover\/Soziales\/Familie-Partnerschaft\/Erziehen-mit-Migrationshintergrund\/Sprachf%C3%B6rderung\/Rucksack-Schule\" target=\"_blank\" rel=\"https:\/\/www.hannover.de\/leben-in-der-region-hannover\/soziales\/familie-partnerschaft\/erziehen-mit-migrationshintergrund\/sprachf%c3%b6rderung\/rucksack-schule noopener noreferrer\"><img loading=\"lazy\" decoding=\"async\" class=\"alignnone wp-image-300\" src=\"http:\/\/wordpress.nibis.de\/gsahlem\/files\/2018\/09\/Link.png\" alt=\"\" width=\"50\" height=\"52\" \/><\/a><a href=\"https:\/\/www.hannover.de\/Leben-in-der-Region-Hannover\/Soziales\/Familie-Partnerschaft\/Erziehen-mit-Migrationshintergrund\/Sprachf%C3%B6rderung\/Rucksack-Schule\" target=\"_blank\" rel=\"noopener noreferrer\">Rucksack Schule <\/a><\/td>\n<\/tr>\n<\/tbody>\n<\/table>\n<p>&nbsp;<\/p>\n<table style=\"width: 696px\">\n<tbody>\n<tr>\n<td style=\"width: 481.6px\">Flyer der Landeshauptstadt Hannover<\/td>\n<td style=\"width: 200px\">\u00a0 <a href=\"http:\/\/wordpress.nibis.de\/gsahlem\/files\/2018\/09\/Rucksack-in-der-Grundschule.pdf\" target=\"_blank\" rel=\"noopener noreferrer\"><img loading=\"lazy\" decoding=\"async\" class=\"alignnone wp-image-258\" src=\"http:\/\/wordpress.nibis.de\/gsahlem\/files\/2018\/09\/Download.png\" alt=\"\" width=\"50\" height=\"52\" \/><\/a><a href=\"https:\/\/wordpress.nibis.de\/gsahlem\/files\/2021\/03\/RucksackSchule.pdf\">Rucksack Flyer<\/a><\/td>\n<\/tr>\n<\/tbody>\n<\/table>\n<p>&nbsp;<\/p>\n","protected":false},"excerpt":{"rendered":"<p>&nbsp; \u201eRucksack in der Grundschule\u201c Seit Oktober 2011 bieten wir f\u00fcr Eltern zweisprachiger Kinder vormittags einen Kurs in der Schule an, in dem sie lernen, wie sie ihre Kinder auf dem Weg zum Schul- und Bildungserfolg unterst\u00fctzen k\u00f6nnen. Es ist ein koordiniertes Programm zur Sprachf\u00f6rderung und Elternbildung. Die Eltern lernen in den Gruppen Unterrichtsinhalte und [&hellip;]<\/p>\n","protected":false},"author":9192592,"featured_media":0,"parent":96,"menu_order":0,"comment_status":"closed","ping_status":"closed","template":"","meta":{"footnotes":""},"class_list":["post-294","page","type-page","status-publish","hentry"],"_links":{"self":[{"href":"https:\/\/wordpress.nibis.de\/gsahlem\/wp-json\/wp\/v2\/pages\/294","targetHints":{"allow":["GET"]}}],"collection":[{"href":"https:\/\/wordpress.nibis.de\/gsahlem\/wp-json\/wp\/v2\/pages"}],"about":[{"href":"https:\/\/wordpress.nibis.de\/gsahlem\/wp-json\/wp\/v2\/types\/page"}],"author":[{"embeddable":true,"href":"https:\/\/wordpress.nibis.de\/gsahlem\/wp-json\/wp\/v2\/users\/9192592"}],"replies":[{"embeddable":true,"href":"https:\/\/wordpress.nibis.de\/gsahlem\/wp-json\/wp\/v2\/comments?post=294"}],"version-history":[{"count":12,"href":"https:\/\/wordpress.nibis.de\/gsahlem\/wp-json\/wp\/v2\/pages\/294\/revisions"}],"predecessor-version":[{"id":1444,"href":"https:\/\/wordpress.nibis.de\/gsahlem\/wp-json\/wp\/v2\/pages\/294\/revisions\/1444"}],"up":[{"embeddable":true,"href":"https:\/\/wordpress.nibis.de\/gsahlem\/wp-json\/wp\/v2\/pages\/96"}],"wp:attachment":[{"href":"https:\/\/wordpress.nibis.de\/gsahlem\/wp-json\/wp\/v2\/media?parent=294"}],"curies":[{"name":"wp","href":"https:\/\/api.w.org\/{rel}","templated":true}]}}