{"id":3077,"date":"2025-03-28T10:07:24","date_gmt":"2025-03-28T09:07:24","guid":{"rendered":"https:\/\/wordpress.nibis.de\/gsahlem\/?page_id=3077"},"modified":"2025-10-05T20:21:47","modified_gmt":"2025-10-05T18:21:47","slug":"kidsbasar","status":"publish","type":"page","link":"https:\/\/wordpress.nibis.de\/gsahlem\/foerderverein\/kidsbasar\/","title":{"rendered":"Kidsbasar"},"content":{"rendered":"<h3>Kleine Sch\u00e4tze! Gro\u00dfe Freude!<\/h3>\n<p>Der letzte Kidsbasar hat am 20. September 2025 stattgefunden. Wir danken allen Verk\u00e4ufer*innen, Helfer*innen und allen G\u00e4sten.<\/p>\n<p>Aktuell ist noch kein neuer Termin geplant.<br \/>\nDas Organisationsteam vom F\u00f6rderverein der Grundschule Ahlem<\/p>\n<p>&nbsp;<\/p>\n<p>&nbsp;<\/p>\n<p>&nbsp;<\/p>\n","protected":false},"excerpt":{"rendered":"<p>Kleine Sch\u00e4tze! Gro\u00dfe Freude! Der letzte Kidsbasar hat am 20. September 2025 stattgefunden. Wir danken allen Verk\u00e4ufer*innen, Helfer*innen und allen G\u00e4sten. Aktuell ist noch kein neuer Termin geplant. Das Organisationsteam vom F\u00f6rderverein der Grundschule Ahlem &nbsp; &nbsp; &nbsp;<\/p>\n","protected":false},"author":9194571,"featured_media":0,"parent":92,"menu_order":0,"comment_status":"closed","ping_status":"closed","template":"","meta":{"footnotes":""},"class_list":["post-3077","page","type-page","status-publish","hentry"],"_links":{"self":[{"href":"https:\/\/wordpress.nibis.de\/gsahlem\/wp-json\/wp\/v2\/pages\/3077","targetHints":{"allow":["GET"]}}],"collection":[{"href":"https:\/\/wordpress.nibis.de\/gsahlem\/wp-json\/wp\/v2\/pages"}],"about":[{"href":"https:\/\/wordpress.nibis.de\/gsahlem\/wp-json\/wp\/v2\/types\/page"}],"author":[{"embeddable":true,"href":"https:\/\/wordpress.nibis.de\/gsahlem\/wp-json\/wp\/v2\/users\/9194571"}],"replies":[{"embeddable":true,"href":"https:\/\/wordpress.nibis.de\/gsahlem\/wp-json\/wp\/v2\/comments?post=3077"}],"version-history":[{"count":37,"href":"https:\/\/wordpress.nibis.de\/gsahlem\/wp-json\/wp\/v2\/pages\/3077\/revisions"}],"predecessor-version":[{"id":3317,"href":"https:\/\/wordpress.nibis.de\/gsahlem\/wp-json\/wp\/v2\/pages\/3077\/revisions\/3317"}],"up":[{"embeddable":true,"href":"https:\/\/wordpress.nibis.de\/gsahlem\/wp-json\/wp\/v2\/pages\/92"}],"wp:attachment":[{"href":"https:\/\/wordpress.nibis.de\/gsahlem\/wp-json\/wp\/v2\/media?parent=3077"}],"curies":[{"name":"wp","href":"https:\/\/api.w.org\/{rel}","templated":true}]}}