{"id":3115,"date":"2025-05-04T20:44:19","date_gmt":"2025-05-04T18:44:19","guid":{"rendered":"https:\/\/wordpress.nibis.de\/gsahlem\/?page_id=3115"},"modified":"2026-01-25T15:32:40","modified_gmt":"2026-01-25T14:32:40","slug":"schulshirts","status":"publish","type":"page","link":"https:\/\/wordpress.nibis.de\/gsahlem\/foerderverein\/schulshirts\/","title":{"rendered":"Schulshirts"},"content":{"rendered":"<h3>Neue Kollektion 2025!<\/h3>\n<table style=\"border-collapse: collapse;width: 100%\">\n<tbody>\n<tr>\n<td style=\"width: 100%\"><img loading=\"lazy\" decoding=\"async\" class=\"alignleft wp-image-3134\" src=\"https:\/\/wordpress.nibis.de\/gsahlem\/files\/2025\/05\/Schulshirts_Label-300x300.png\" alt=\"Schulshirts\" width=\"250\" height=\"250\" srcset=\"https:\/\/wordpress.nibis.de\/gsahlem\/files\/2025\/05\/Schulshirts_Label-300x300.png 300w, https:\/\/wordpress.nibis.de\/gsahlem\/files\/2025\/05\/Schulshirts_Label-1024x1024.png 1024w, https:\/\/wordpress.nibis.de\/gsahlem\/files\/2025\/05\/Schulshirts_Label-150x150.png 150w, https:\/\/wordpress.nibis.de\/gsahlem\/files\/2025\/05\/Schulshirts_Label-768x768.png 768w, https:\/\/wordpress.nibis.de\/gsahlem\/files\/2025\/05\/Schulshirts_Label-1536x1536.png 1536w, https:\/\/wordpress.nibis.de\/gsahlem\/files\/2025\/05\/Schulshirts_Label.png 2000w\" sizes=\"auto, (max-width: 250px) 100vw, 250px\" \/><\/td>\n<\/tr>\n<\/tbody>\n<\/table>\n<p>Wir freuen uns, Ihnen die neue Kollektion der Schulshirts und -hoodies zu pr\u00e4sentieren. Wir haben derzeit Shirts (keine Hoodies) aller Farben und diverse Gr\u00f6\u00dfen auf Lager und k\u00f6nnen sie jederzeit herausgeben. Bitte senden Sie eine Mail an <a href=\"&#x6d;&#x61;&#x69;&#108;&#116;o:&#x66;&#x76;&#x2d;&#x67;&#115;&#45;ah&#x6c;&#x65;&#x6d;&#64;&#119;&#101;b&#46;&#x64;&#x65;\">&#x66;&#118;&#x2d;&#x67;&#115;&#x2d;&#97;h&#x6c;&#101;m&#x40;&#119;e&#x62;&#46;d&#x65;<\/a> oder nutzen direkt die Bezahlinformationen am Ende dieser Seite.<\/p>\n<p><strong>Kinderkollektion<\/strong><\/p>\n<table style=\"border-collapse: collapse;width: 100%\">\n<tbody>\n<tr>\n<td style=\"width: 495.6px\">Shirt blau 15\u20ac<\/p>\n<div class=\"wp-block-image\"><a href=\"https:\/\/wordpress.nibis.de\/gsahlem\/files\/2025\/05\/Kinder_Shirt_blau.png\" target=\"_blank\" rel=\"noopener\"><img loading=\"lazy\" decoding=\"async\" class=\"alignleft size-medium wp-image-3177\" src=\"https:\/\/wordpress.nibis.de\/gsahlem\/files\/2025\/05\/Kinder_Shirt_blau-257x300.png\" alt=\"Kinder_Shirt_blau\" width=\"257\" height=\"300\" srcset=\"https:\/\/wordpress.nibis.de\/gsahlem\/files\/2025\/05\/Kinder_Shirt_blau-257x300.png 257w, https:\/\/wordpress.nibis.de\/gsahlem\/files\/2025\/05\/Kinder_Shirt_blau.png 600w\" sizes=\"auto, (max-width: 257px) 100vw, 257px\" \/><\/a><\/div>\n<\/td>\n<td style=\"width: 495.6px\">Shirt gr\u00fcn 15\u20ac<\/p>\n<div class=\"wp-block-image\"><a href=\"https:\/\/wordpress.nibis.de\/gsahlem\/files\/2025\/05\/Kinder_Shirt_gruen.png\"><img loading=\"lazy\" decoding=\"async\" class=\"alignleft size-medium wp-image-3179\" src=\"https:\/\/wordpress.nibis.de\/gsahlem\/files\/2025\/05\/Kinder_Shirt_gruen-257x300.png\" alt=\"Kinder_Shirt_gruen\" width=\"257\" height=\"300\" srcset=\"https:\/\/wordpress.nibis.de\/gsahlem\/files\/2025\/05\/Kinder_Shirt_gruen-257x300.png 257w, https:\/\/wordpress.nibis.de\/gsahlem\/files\/2025\/05\/Kinder_Shirt_gruen.png 600w\" sizes=\"auto, (max-width: 257px) 100vw, 257px\" \/><\/a><\/div>\n<\/td>\n<\/tr>\n<tr>\n<td style=\"width: 495.6px\">Shirt gelb 15\u20ac<\/p>\n<div class=\"wp-block-image\"><a href=\"https:\/\/wordpress.nibis.de\/gsahlem\/files\/2025\/05\/Kinder_Shirt_gelb.png\"><img loading=\"lazy\" decoding=\"async\" class=\"alignleft size-medium wp-image-3178\" src=\"https:\/\/wordpress.nibis.de\/gsahlem\/files\/2025\/05\/Kinder_Shirt_gelb-257x300.png\" alt=\"Kinder_Shirt_gelb\" width=\"257\" height=\"300\" srcset=\"https:\/\/wordpress.nibis.de\/gsahlem\/files\/2025\/05\/Kinder_Shirt_gelb-257x300.png 257w, https:\/\/wordpress.nibis.de\/gsahlem\/files\/2025\/05\/Kinder_Shirt_gelb.png 600w\" sizes=\"auto, (max-width: 257px) 100vw, 257px\" \/><\/a><\/div>\n<\/td>\n<td style=\"width: 495.6px\">Shirt pink 15\u20ac<\/p>\n<div class=\"wp-block-image\"><a href=\"https:\/\/wordpress.nibis.de\/gsahlem\/files\/2025\/05\/Kinder_Shirt_pink.png\"><img loading=\"lazy\" decoding=\"async\" class=\"alignleft size-medium wp-image-3174\" src=\"https:\/\/wordpress.nibis.de\/gsahlem\/files\/2025\/05\/Kinder_Shirt_pink-257x300.png\" alt=\"Kinder_Shirt_pink\" width=\"257\" height=\"300\" srcset=\"https:\/\/wordpress.nibis.de\/gsahlem\/files\/2025\/05\/Kinder_Shirt_pink-257x300.png 257w, https:\/\/wordpress.nibis.de\/gsahlem\/files\/2025\/05\/Kinder_Shirt_pink.png 600w\" sizes=\"auto, (max-width: 257px) 100vw, 257px\" \/><\/a><\/div>\n<\/td>\n<\/tr>\n<tr>\n<td style=\"width: 495.6px\"><span style=\"color: #ff6600\"><strong>Hoodie blau 25\u20ac (nicht auf Lager)<\/strong><\/span><\/p>\n<div class=\"wp-block-image\"><a href=\"https:\/\/wordpress.nibis.de\/gsahlem\/files\/2025\/05\/Kinder_Hoodie_blau.png\"><img loading=\"lazy\" decoding=\"async\" class=\"alignleft size-medium wp-image-3175\" src=\"https:\/\/wordpress.nibis.de\/gsahlem\/files\/2025\/05\/Kinder_Hoodie_blau-257x300.png\" alt=\"Kinder_Hoodie_blau\" width=\"257\" height=\"300\" srcset=\"https:\/\/wordpress.nibis.de\/gsahlem\/files\/2025\/05\/Kinder_Hoodie_blau-257x300.png 257w, https:\/\/wordpress.nibis.de\/gsahlem\/files\/2025\/05\/Kinder_Hoodie_blau.png 600w\" sizes=\"auto, (max-width: 257px) 100vw, 257px\" \/><\/a><\/div>\n<\/td>\n<td style=\"width: 495.6px\"><span style=\"color: #ff6600\"><strong>Hoodie pink 25\u20ac (nicht auf Lager)<\/strong><\/span><\/p>\n<div class=\"wp-block-image\"><a href=\"https:\/\/wordpress.nibis.de\/gsahlem\/files\/2025\/05\/Kinder_Hoodie_pink.png\"><img loading=\"lazy\" decoding=\"async\" class=\"alignleft size-medium wp-image-3176\" src=\"https:\/\/wordpress.nibis.de\/gsahlem\/files\/2025\/05\/Kinder_Hoodie_pink-257x300.png\" alt=\"Kinder_Hoodie_pink\" width=\"257\" height=\"300\" srcset=\"https:\/\/wordpress.nibis.de\/gsahlem\/files\/2025\/05\/Kinder_Hoodie_pink-257x300.png 257w, https:\/\/wordpress.nibis.de\/gsahlem\/files\/2025\/05\/Kinder_Hoodie_pink.png 600w\" sizes=\"auto, (max-width: 257px) 100vw, 257px\" \/><\/a><\/div>\n<\/td>\n<\/tr>\n<\/tbody>\n<\/table>\n<p>Verf\u00fcgbare Gr\u00f6\u00dfen Shirts: 116\/122, 128\/134, 140\/146, 152\/158<br \/>\nVerf\u00fcgbare Gr\u00f6\u00dfen Hoodies: 122\/128, 134\/140, 146\/152<\/p>\n<p>&nbsp;<\/p>\n<p><strong>Waschhinweise<\/strong><\/p>\n<table style=\"border-collapse: collapse;width: 100%\">\n<tbody>\n<tr>\n<td style=\"width: 100%\"><img loading=\"lazy\" decoding=\"async\" class=\"alignleft size-full wp-image-3201\" src=\"https:\/\/wordpress.nibis.de\/gsahlem\/files\/2025\/05\/Waschhinweise.png\" alt=\"waschhinweise\" width=\"600\" height=\"300\" srcset=\"https:\/\/wordpress.nibis.de\/gsahlem\/files\/2025\/05\/Waschhinweise.png 600w, https:\/\/wordpress.nibis.de\/gsahlem\/files\/2025\/05\/Waschhinweise-300x150.png 300w\" sizes=\"auto, (max-width: 600px) 100vw, 600px\" \/><\/td>\n<\/tr>\n<\/tbody>\n<\/table>\n<p>F\u00fcr <strong>Zahlungen per \u00dcberweisung<\/strong> verwenden sie bitte folgende Bankdaten:<br \/>\nF\u00f6rderverein Grundschule Ahlem, Hannoversche Volksbank (VOHADE2HXXX), IBAN: DE79 2519 0001 8001 4917 00<br \/>\nVerwendungszweck: <em>Vorname Name ihres Kindes_Klasse_Produkt (Art, Farbe)_Gr\u00f6\u00dfe<br \/>\n<\/em>Beispiel: <em>Anna Muster_3d_Shirt gelb_146<\/em><\/p>\n<p>F\u00fcr <strong>Zahlungen per Paypal<\/strong> verwenden sie bitte folgende Mailadresse als Empf\u00e4nger: f&#118;&#45;&#x67;&#x73;&#x2d;a&#104;&#108;&#x65;&#x6d;&#x40;we&#98;&#x2e;&#x64;&#x65;<br \/>\nVerwendungszweck: <em>Vorname Name ihres Kindes_Klasse_Produkt (Art, Farbe)_Gr\u00f6\u00dfe<br \/>\n<\/em>Beispiel: <em>Anna Muster_3d_Shirt gelb_146<\/em><\/p>\n","protected":false},"excerpt":{"rendered":"<p>Neue Kollektion 2025! Wir freuen uns, Ihnen die neue Kollektion der Schulshirts und -hoodies zu pr\u00e4sentieren. Wir haben derzeit Shirts (keine Hoodies) aller Farben und diverse Gr\u00f6\u00dfen auf Lager und k\u00f6nnen sie jederzeit herausgeben. Bitte senden Sie eine Mail an &#102;&#x76;-&#x67;s&#45;&#x61;&#104;&#x6c;e&#109;&#x40;&#119;&#x65;b&#x2e;&#x64;&#101; oder nutzen direkt die Bezahlinformationen am Ende dieser Seite. Kinderkollektion Shirt blau 15\u20ac Shirt [&hellip;]<\/p>\n","protected":false},"author":9194571,"featured_media":0,"parent":92,"menu_order":0,"comment_status":"closed","ping_status":"closed","template":"","meta":{"footnotes":""},"class_list":["post-3115","page","type-page","status-publish","hentry"],"_links":{"self":[{"href":"https:\/\/wordpress.nibis.de\/gsahlem\/wp-json\/wp\/v2\/pages\/3115","targetHints":{"allow":["GET"]}}],"collection":[{"href":"https:\/\/wordpress.nibis.de\/gsahlem\/wp-json\/wp\/v2\/pages"}],"about":[{"href":"https:\/\/wordpress.nibis.de\/gsahlem\/wp-json\/wp\/v2\/types\/page"}],"author":[{"embeddable":true,"href":"https:\/\/wordpress.nibis.de\/gsahlem\/wp-json\/wp\/v2\/users\/9194571"}],"replies":[{"embeddable":true,"href":"https:\/\/wordpress.nibis.de\/gsahlem\/wp-json\/wp\/v2\/comments?post=3115"}],"version-history":[{"count":65,"href":"https:\/\/wordpress.nibis.de\/gsahlem\/wp-json\/wp\/v2\/pages\/3115\/revisions"}],"predecessor-version":[{"id":3847,"href":"https:\/\/wordpress.nibis.de\/gsahlem\/wp-json\/wp\/v2\/pages\/3115\/revisions\/3847"}],"up":[{"embeddable":true,"href":"https:\/\/wordpress.nibis.de\/gsahlem\/wp-json\/wp\/v2\/pages\/92"}],"wp:attachment":[{"href":"https:\/\/wordpress.nibis.de\/gsahlem\/wp-json\/wp\/v2\/media?parent=3115"}],"curies":[{"name":"wp","href":"https:\/\/api.w.org\/{rel}","templated":true}]}}