{"id":37,"date":"2018-06-19T11:18:55","date_gmt":"2018-06-19T09:18:55","guid":{"rendered":"http:\/\/wordpress.nibis.de\/gsahlem\/?page_id=37"},"modified":"2026-04-04T16:54:33","modified_gmt":"2026-04-04T14:54:33","slug":"unsereschule","status":"publish","type":"page","link":"https:\/\/wordpress.nibis.de\/gsahlem\/unsereschule\/","title":{"rendered":"Unsere Schule"},"content":{"rendered":"<p>Hier finden Sie allgemeine Informationen \u00fcber unsere Schule und die Schulfamilie.<br \/>\nViel Spa\u00df beim Durchklicken!<\/p>\n<ul>\n<li><a href=\"https:\/\/wordpress.nibis.de\/gsahlem\/schulprofil\/\" target=\"_blank\" rel=\"noopener noreferrer\"><img loading=\"lazy\" decoding=\"async\" class=\"wp-image-300 alignnone\" src=\"http:\/\/wordpress.nibis.de\/gsahlem\/files\/2018\/09\/Link.png\" alt=\"\" width=\"50\" height=\"52\" \/><\/a><a href=\"https:\/\/wordpress.nibis.de\/gsahlem\/schulprofil\/\" target=\"_blank\" rel=\"noopener noreferrer\">Schulprofil<\/a><\/li>\n<li><a href=\"https:\/\/wordpress.nibis.de\/gsahlem\/leitbild-der-schule\/\" target=\"_blank\" rel=\"noopener noreferrer\"><img loading=\"lazy\" decoding=\"async\" class=\"alignnone wp-image-300\" src=\"http:\/\/wordpress.nibis.de\/gsahlem\/files\/2018\/09\/Link.png\" alt=\"\" width=\"50\" height=\"52\" \/><\/a><a href=\"https:\/\/wordpress.nibis.de\/gsahlem\/leitbild-der-schule\/\" target=\"_blank\" rel=\"noopener noreferrer\">Leitbild der Schule<\/a><\/li>\n<li><a href=\"https:\/\/wordpress.nibis.de\/gsahlem\/kollegium\/\" target=\"_blank\" rel=\"noopener noreferrer\"><img loading=\"lazy\" decoding=\"async\" class=\"alignnone wp-image-300\" src=\"http:\/\/wordpress.nibis.de\/gsahlem\/files\/2018\/09\/Link.png\" alt=\"\" width=\"50\" height=\"52\" \/><\/a><a href=\"https:\/\/wordpress.nibis.de\/gsahlem\/kollegium\/\" target=\"_blank\" rel=\"noopener noreferrer\">Kollegium<\/a><\/li>\n<li><a href=\"https:\/\/wordpress.nibis.de\/gsahlem\/verlaessliche-grundschule\/\" target=\"_blank\" rel=\"noopener noreferrer\"><img loading=\"lazy\" decoding=\"async\" class=\"alignnone wp-image-300\" src=\"http:\/\/wordpress.nibis.de\/gsahlem\/files\/2018\/09\/Link.png\" alt=\"\" width=\"50\" height=\"52\" \/><\/a><a href=\"https:\/\/wordpress.nibis.de\/gsahlem\/verlaessliche-grundschule\/\" target=\"_blank\" rel=\"noopener noreferrer\">Verl\u00e4ssliche Grundschule<\/a><\/li>\n<li><a href=\"https:\/\/wordpress.nibis.de\/gsahlem\/nachmittagsangebot\/\" target=\"_blank\" rel=\"noopener noreferrer\"><img loading=\"lazy\" decoding=\"async\" class=\"alignnone wp-image-300\" src=\"http:\/\/wordpress.nibis.de\/gsahlem\/files\/2018\/09\/Link.png\" alt=\"\" width=\"50\" height=\"52\" \/><\/a><a href=\"https:\/\/wordpress.nibis.de\/gsahlem\/nachmittagsangebot\/\" target=\"_blank\" rel=\"noopener noreferrer\">Nachmittagsangebot<\/a><\/li>\n<\/ul>\n","protected":false},"excerpt":{"rendered":"<p>Hier finden Sie allgemeine Informationen \u00fcber unsere Schule und die Schulfamilie. Viel Spa\u00df beim Durchklicken! Schulprofil Leitbild der Schule Kollegium Verl\u00e4ssliche Grundschule Nachmittagsangebot<\/p>\n","protected":false},"author":9192592,"featured_media":0,"parent":0,"menu_order":0,"comment_status":"closed","ping_status":"closed","template":"","meta":{"footnotes":""},"class_list":["post-37","page","type-page","status-publish","hentry"],"_links":{"self":[{"href":"https:\/\/wordpress.nibis.de\/gsahlem\/wp-json\/wp\/v2\/pages\/37","targetHints":{"allow":["GET"]}}],"collection":[{"href":"https:\/\/wordpress.nibis.de\/gsahlem\/wp-json\/wp\/v2\/pages"}],"about":[{"href":"https:\/\/wordpress.nibis.de\/gsahlem\/wp-json\/wp\/v2\/types\/page"}],"author":[{"embeddable":true,"href":"https:\/\/wordpress.nibis.de\/gsahlem\/wp-json\/wp\/v2\/users\/9192592"}],"replies":[{"embeddable":true,"href":"https:\/\/wordpress.nibis.de\/gsahlem\/wp-json\/wp\/v2\/comments?post=37"}],"version-history":[{"count":10,"href":"https:\/\/wordpress.nibis.de\/gsahlem\/wp-json\/wp\/v2\/pages\/37\/revisions"}],"predecessor-version":[{"id":4042,"href":"https:\/\/wordpress.nibis.de\/gsahlem\/wp-json\/wp\/v2\/pages\/37\/revisions\/4042"}],"wp:attachment":[{"href":"https:\/\/wordpress.nibis.de\/gsahlem\/wp-json\/wp\/v2\/media?parent=37"}],"curies":[{"name":"wp","href":"https:\/\/api.w.org\/{rel}","templated":true}]}}