{"id":4061,"date":"2026-05-02T16:51:12","date_gmt":"2026-05-02T14:51:12","guid":{"rendered":"https:\/\/wordpress.nibis.de\/gsahlem\/?page_id=4061"},"modified":"2026-05-02T16:51:12","modified_gmt":"2026-05-02T14:51:12","slug":"kooperation-mit-wilhelm-schade-schule","status":"publish","type":"page","link":"https:\/\/wordpress.nibis.de\/gsahlem\/unsereschule\/kooperation-mit-wilhelm-schade-schule\/","title":{"rendered":"Kooperation mit Wilhelm-Schade-Schule"},"content":{"rendered":"<p style=\"text-align: center\">Grundschule Ahlem und Wilhelm-Schade-Schule &#8211; gemeinsam unter einem Dach<\/p>\n<p>Seit dem Schuljahr 2025\/26 ist eine Klasse der Wilhelm-Schade-Schule fest in das Schulleben der Grundschule Ahlem eingebunden. Die Wilhelm-Schade-Schule ist eine F\u00f6rderschule mit dem Schwerpunkt Geistige Entwicklung, wobei das Lernen gezielt auf die individuellen Bed\u00fcrfnisse der Sch\u00fclerinnen und Sch\u00fcler mit einem Bedarf an sonderp\u00e4dagogischer Unterst\u00fctzung im Bereich Geistige Entwicklung zugeschnitten ist.<\/p>\n<p>Den Sch\u00fclerinnen und Sch\u00fclern der Wilhelm-Schade-Schule steht neben den Fachr\u00e4umen der Grundschule ein eigener Klassenraum zur Verf\u00fcgung, wo in einem strukturierten und ruhigen Rahmen gelernt werden kann. Im Schulalltag werden zusammen mit den Klassen der Grundschule viele Angebote oder Aktionen gestaltet. So lernen alle Kinder nicht nur im eigenen Klassenverband, sondern auch im Austausch voneinander. Ob gemeinsame Projekte, Pausen, Feste oder Schulveranstaltungen \u2013 alle profitieren voneinander und wachsen im Schulleben zusammen. Mit den Grundschulklassen des ersten Jahrgangs findet beispielsweise w\u00f6chentlich der Sport- und Musikunterricht statt. Kleinere gemeinsame Aktionen, wie \u201egelbe F\u00fc\u00dfe, gelbe Weste\u201c und \u201eder Zaungarten\u201c oder der gemeinsame Zoobesuch w\u00e4hrend der Projektwoche waren f\u00fcr alle Kinder besondere Highlights.<\/p>\n<p style=\"text-align: center\">Das Team der Wilhelm-Schade-Schule freut sich \u00fcber die herzliche Aufnahme in die Grundschule<\/p>\n<p style=\"text-align: center\">und bedankt sich f\u00fcr das Engagement seitens der Lehrkr\u00e4fte der Grundschule!<\/p>\n<p>&nbsp;<\/p>\n<div class=\"wp-block-image\" style=\"text-align: center\"><img loading=\"lazy\" decoding=\"async\" class=\"wpa-warning wpa-image-missing-alt aligncenter size-medium wp-image-4074\" src=\"https:\/\/wordpress.nibis.de\/gsahlem\/files\/2026\/05\/WSS-reizarme-Gestaltung-des-Klassenraums-300x225.jpg\" alt=\"\" width=\"300\" height=\"225\" data-warning=\"Missing alt text\" srcset=\"https:\/\/wordpress.nibis.de\/gsahlem\/files\/2026\/05\/WSS-reizarme-Gestaltung-des-Klassenraums-300x225.jpg 300w, https:\/\/wordpress.nibis.de\/gsahlem\/files\/2026\/05\/WSS-reizarme-Gestaltung-des-Klassenraums-768x576.jpg 768w, https:\/\/wordpress.nibis.de\/gsahlem\/files\/2026\/05\/WSS-reizarme-Gestaltung-des-Klassenraums-100x75.jpg 100w, https:\/\/wordpress.nibis.de\/gsahlem\/files\/2026\/05\/WSS-reizarme-Gestaltung-des-Klassenraums.jpg 1024w\" sizes=\"auto, (max-width: 300px) 100vw, 300px\" \/><span style=\"font-size: 12pt\"><sub>reizarme Gestaltung des Klassenraums<\/sub><\/span><\/div>\n<div><\/div>\n<div><\/div>\n<div><\/div>\n<div class=\"wp-block-image\" style=\"text-align: center\"><img loading=\"lazy\" decoding=\"async\" class=\"wpa-warning wpa-image-missing-alt aligncenter size-medium wp-image-4072\" src=\"https:\/\/wordpress.nibis.de\/gsahlem\/files\/2026\/05\/WSS-Klassenraum-mit-Bewegungs-und-Spielmoeglichkeiten-300x225.jpg\" alt=\"\" width=\"300\" height=\"225\" data-warning=\"Missing alt text\" srcset=\"https:\/\/wordpress.nibis.de\/gsahlem\/files\/2026\/05\/WSS-Klassenraum-mit-Bewegungs-und-Spielmoeglichkeiten-300x225.jpg 300w, https:\/\/wordpress.nibis.de\/gsahlem\/files\/2026\/05\/WSS-Klassenraum-mit-Bewegungs-und-Spielmoeglichkeiten-768x576.jpg 768w, https:\/\/wordpress.nibis.de\/gsahlem\/files\/2026\/05\/WSS-Klassenraum-mit-Bewegungs-und-Spielmoeglichkeiten-100x75.jpg 100w, https:\/\/wordpress.nibis.de\/gsahlem\/files\/2026\/05\/WSS-Klassenraum-mit-Bewegungs-und-Spielmoeglichkeiten.jpg 1024w\" sizes=\"auto, (max-width: 300px) 100vw, 300px\" \/><span style=\"font-size: 12pt\"><sub>Klassenraum mit Bewegungs- und Spielm\u00f6glichkeiten<\/sub><\/span><\/div>\n<div><\/div>\n<div><\/div>\n<div><\/div>\n<p style=\"text-align: center\"><img loading=\"lazy\" decoding=\"async\" class=\"wpa-warning wpa-image-missing-alt aligncenter size-medium wp-image-4071\" src=\"https:\/\/wordpress.nibis.de\/gsahlem\/files\/2026\/05\/WSS-enge-Begleitung-im-Bereich-personale-Bildung-Selbstversorgung-300x268.jpg\" alt=\"\" width=\"300\" height=\"268\" data-warning=\"Missing alt text\" srcset=\"https:\/\/wordpress.nibis.de\/gsahlem\/files\/2026\/05\/WSS-enge-Begleitung-im-Bereich-personale-Bildung-Selbstversorgung-300x268.jpg 300w, https:\/\/wordpress.nibis.de\/gsahlem\/files\/2026\/05\/WSS-enge-Begleitung-im-Bereich-personale-Bildung-Selbstversorgung-1024x916.jpg 1024w, https:\/\/wordpress.nibis.de\/gsahlem\/files\/2026\/05\/WSS-enge-Begleitung-im-Bereich-personale-Bildung-Selbstversorgung-768x687.jpg 768w, https:\/\/wordpress.nibis.de\/gsahlem\/files\/2026\/05\/WSS-enge-Begleitung-im-Bereich-personale-Bildung-Selbstversorgung-100x89.jpg 100w, https:\/\/wordpress.nibis.de\/gsahlem\/files\/2026\/05\/WSS-enge-Begleitung-im-Bereich-personale-Bildung-Selbstversorgung.jpg 1387w\" sizes=\"auto, (max-width: 300px) 100vw, 300px\" \/><sub>enge Begleitung im Bereich Personale Bildung \u2013 Selbstversorgung<\/sub><\/p>\n<p>&nbsp;<\/p>\n<p>&nbsp;<\/p>\n<div class=\"wp-block-image\"><\/div>\n<div class=\"wp-block-image\" style=\"text-align: center\"><img loading=\"lazy\" decoding=\"async\" class=\"wpa-warning wpa-image-missing-alt aligncenter size-medium wp-image-4070\" src=\"https:\/\/wordpress.nibis.de\/gsahlem\/files\/2026\/05\/WSS-Ausflug-zum-anliegenden-Spielplatz-300x225.jpg\" alt=\"\" width=\"300\" height=\"225\" data-warning=\"Missing alt text\" srcset=\"https:\/\/wordpress.nibis.de\/gsahlem\/files\/2026\/05\/WSS-Ausflug-zum-anliegenden-Spielplatz-300x225.jpg 300w, https:\/\/wordpress.nibis.de\/gsahlem\/files\/2026\/05\/WSS-Ausflug-zum-anliegenden-Spielplatz-768x576.jpg 768w, https:\/\/wordpress.nibis.de\/gsahlem\/files\/2026\/05\/WSS-Ausflug-zum-anliegenden-Spielplatz-100x75.jpg 100w, https:\/\/wordpress.nibis.de\/gsahlem\/files\/2026\/05\/WSS-Ausflug-zum-anliegenden-Spielplatz.jpg 1024w\" sizes=\"auto, (max-width: 300px) 100vw, 300px\" \/><sub>Ausflug zum anliegenden Spielplatz<\/sub><\/div>\n<div><\/div>\n<div><\/div>\n<div><\/div>\n<div class=\"wp-block-image\" style=\"text-align: center\"><img loading=\"lazy\" decoding=\"async\" class=\"wpa-warning wpa-image-missing-alt aligncenter size-medium wp-image-4065\" src=\"https:\/\/wordpress.nibis.de\/gsahlem\/files\/2026\/05\/WSS-Aktion-gelbe-Fuesse-gelbe-Weste-211x300.jpg\" alt=\"\" width=\"211\" height=\"300\" data-warning=\"Missing alt text\" srcset=\"https:\/\/wordpress.nibis.de\/gsahlem\/files\/2026\/05\/WSS-Aktion-gelbe-Fuesse-gelbe-Weste-211x300.jpg 211w, https:\/\/wordpress.nibis.de\/gsahlem\/files\/2026\/05\/WSS-Aktion-gelbe-Fuesse-gelbe-Weste-720x1024.jpg 720w, https:\/\/wordpress.nibis.de\/gsahlem\/files\/2026\/05\/WSS-Aktion-gelbe-Fuesse-gelbe-Weste-768x1092.jpg 768w, https:\/\/wordpress.nibis.de\/gsahlem\/files\/2026\/05\/WSS-Aktion-gelbe-Fuesse-gelbe-Weste-100x142.jpg 100w, https:\/\/wordpress.nibis.de\/gsahlem\/files\/2026\/05\/WSS-Aktion-gelbe-Fuesse-gelbe-Weste-1081x1536.jpg 1081w, https:\/\/wordpress.nibis.de\/gsahlem\/files\/2026\/05\/WSS-Aktion-gelbe-Fuesse-gelbe-Weste.jpg 1096w\" sizes=\"auto, (max-width: 211px) 100vw, 211px\" \/><sub>Aktion \u201egelbe F\u00fc\u00dfe, gelbe Weste\u201c<\/sub><\/div>\n<div><\/div>\n<div><\/div>\n<div><\/div>\n<div class=\"wp-block-image\" style=\"text-align: center\"><img loading=\"lazy\" decoding=\"async\" class=\"wpa-warning wpa-image-missing-alt aligncenter size-medium wp-image-4073\" src=\"https:\/\/wordpress.nibis.de\/gsahlem\/files\/2026\/05\/WSS-Projekt-Zaungarten-mit-der-Dachsklasse-225x300.jpg\" alt=\"\" width=\"225\" height=\"300\" data-warning=\"Missing alt text\" srcset=\"https:\/\/wordpress.nibis.de\/gsahlem\/files\/2026\/05\/WSS-Projekt-Zaungarten-mit-der-Dachsklasse-225x300.jpg 225w, https:\/\/wordpress.nibis.de\/gsahlem\/files\/2026\/05\/WSS-Projekt-Zaungarten-mit-der-Dachsklasse-100x133.jpg 100w, https:\/\/wordpress.nibis.de\/gsahlem\/files\/2026\/05\/WSS-Projekt-Zaungarten-mit-der-Dachsklasse.jpg 768w\" sizes=\"auto, (max-width: 225px) 100vw, 225px\" \/><sub>Projekt Zaungarten mit der Dachsklasse<\/sub><\/div>\n<p>&nbsp;<\/p>\n<p>&nbsp;<\/p>\n<table style=\"border-collapse: collapse;width: 100%\">\n<tbody>\n<tr>\n<td style=\"width: 25%\"><img loading=\"lazy\" decoding=\"async\" class=\"wpa-warning wpa-image-missing-alt aligncenter size-medium wp-image-4069\" src=\"https:\/\/wordpress.nibis.de\/gsahlem\/files\/2026\/05\/WSS-Angebote4-282x300.jpg\" alt=\"\" width=\"282\" height=\"300\" data-warning=\"Missing alt text\" srcset=\"https:\/\/wordpress.nibis.de\/gsahlem\/files\/2026\/05\/WSS-Angebote4-282x300.jpg 282w, https:\/\/wordpress.nibis.de\/gsahlem\/files\/2026\/05\/WSS-Angebote4-962x1024.jpg 962w, https:\/\/wordpress.nibis.de\/gsahlem\/files\/2026\/05\/WSS-Angebote4-768x818.jpg 768w, https:\/\/wordpress.nibis.de\/gsahlem\/files\/2026\/05\/WSS-Angebote4-100x106.jpg 100w, https:\/\/wordpress.nibis.de\/gsahlem\/files\/2026\/05\/WSS-Angebote4.jpg 1385w\" sizes=\"auto, (max-width: 282px) 100vw, 282px\" \/><\/td>\n<td style=\"width: 25%\"><img loading=\"lazy\" decoding=\"async\" class=\"wpa-warning wpa-image-missing-alt aligncenter wp-image-4068\" src=\"https:\/\/wordpress.nibis.de\/gsahlem\/files\/2026\/05\/WSS-Angebote3-216x300.jpg\" alt=\"\" width=\"178\" height=\"247\" data-warning=\"Missing alt text\" srcset=\"https:\/\/wordpress.nibis.de\/gsahlem\/files\/2026\/05\/WSS-Angebote3-216x300.jpg 216w, https:\/\/wordpress.nibis.de\/gsahlem\/files\/2026\/05\/WSS-Angebote3-738x1024.jpg 738w, https:\/\/wordpress.nibis.de\/gsahlem\/files\/2026\/05\/WSS-Angebote3-768x1066.jpg 768w, https:\/\/wordpress.nibis.de\/gsahlem\/files\/2026\/05\/WSS-Angebote3-100x139.jpg 100w, https:\/\/wordpress.nibis.de\/gsahlem\/files\/2026\/05\/WSS-Angebote3-1107x1536.jpg 1107w, https:\/\/wordpress.nibis.de\/gsahlem\/files\/2026\/05\/WSS-Angebote3.jpg 1386w\" sizes=\"auto, (max-width: 178px) 100vw, 178px\" \/><\/td>\n<td style=\"width: 25%\"><img loading=\"lazy\" decoding=\"async\" class=\"wpa-warning wpa-image-missing-alt aligncenter wp-image-4066\" src=\"https:\/\/wordpress.nibis.de\/gsahlem\/files\/2026\/05\/WSS-Angebote-1-237x300.jpg\" alt=\"\" width=\"197\" height=\"250\" data-warning=\"Missing alt text\" srcset=\"https:\/\/wordpress.nibis.de\/gsahlem\/files\/2026\/05\/WSS-Angebote-1-237x300.jpg 237w, https:\/\/wordpress.nibis.de\/gsahlem\/files\/2026\/05\/WSS-Angebote-1-768x973.jpg 768w, https:\/\/wordpress.nibis.de\/gsahlem\/files\/2026\/05\/WSS-Angebote-1-100x127.jpg 100w, https:\/\/wordpress.nibis.de\/gsahlem\/files\/2026\/05\/WSS-Angebote-1.jpg 788w\" sizes=\"auto, (max-width: 197px) 100vw, 197px\" \/><\/td>\n<td style=\"width: 25%\"><img loading=\"lazy\" decoding=\"async\" class=\"wpa-warning wpa-image-missing-alt aligncenter size-medium wp-image-4067\" src=\"https:\/\/wordpress.nibis.de\/gsahlem\/files\/2026\/05\/WSS-Angebote-2-296x300.jpg\" alt=\"\" width=\"296\" height=\"300\" data-warning=\"Missing alt text\" srcset=\"https:\/\/wordpress.nibis.de\/gsahlem\/files\/2026\/05\/WSS-Angebote-2-296x300.jpg 296w, https:\/\/wordpress.nibis.de\/gsahlem\/files\/2026\/05\/WSS-Angebote-2-768x778.jpg 768w, https:\/\/wordpress.nibis.de\/gsahlem\/files\/2026\/05\/WSS-Angebote-2-100x101.jpg 100w, https:\/\/wordpress.nibis.de\/gsahlem\/files\/2026\/05\/WSS-Angebote-2.jpg 880w\" sizes=\"auto, (max-width: 296px) 100vw, 296px\" \/><\/td>\n<\/tr>\n<\/tbody>\n<\/table>\n<p style=\"text-align: center\"><sup>Angebote zur F\u00f6rderung der Wahrnehmung und Motorik und individuelle Lernf\u00f6rderung<\/sup><\/p>\n<p>&nbsp;<\/p>\n<p>&nbsp;<\/p>\n<div class=\"wp-block-image\" style=\"text-align: center\"><img loading=\"lazy\" decoding=\"async\" class=\"wpa-warning wpa-image-missing-alt aligncenter size-medium wp-image-4064\" src=\"https:\/\/wordpress.nibis.de\/gsahlem\/files\/2026\/05\/gemeinsamer-Musikunterricht-300x225.jpg\" alt=\"\" width=\"300\" height=\"225\" data-warning=\"Missing alt text\" srcset=\"https:\/\/wordpress.nibis.de\/gsahlem\/files\/2026\/05\/gemeinsamer-Musikunterricht-300x225.jpg 300w, https:\/\/wordpress.nibis.de\/gsahlem\/files\/2026\/05\/gemeinsamer-Musikunterricht-768x576.jpg 768w, https:\/\/wordpress.nibis.de\/gsahlem\/files\/2026\/05\/gemeinsamer-Musikunterricht-100x75.jpg 100w, https:\/\/wordpress.nibis.de\/gsahlem\/files\/2026\/05\/gemeinsamer-Musikunterricht.jpg 1024w\" sizes=\"auto, (max-width: 300px) 100vw, 300px\" \/><span style=\"font-size: 10pt\">gemeinsamer Musikunterricht mit der Pinguinklasse<\/span><\/div>\n<div><\/div>\n<div><\/div>\n<div><\/div>\n<div class=\"wp-block-image\" style=\"text-align: center\"><sub><img loading=\"lazy\" decoding=\"async\" class=\"wpa-warning wpa-image-missing-alt aligncenter size-medium wp-image-4063\" src=\"https:\/\/wordpress.nibis.de\/gsahlem\/files\/2026\/05\/gemeinsame-Pausen-300x225.jpg\" alt=\"\" width=\"300\" height=\"225\" data-warning=\"Missing alt text\" srcset=\"https:\/\/wordpress.nibis.de\/gsahlem\/files\/2026\/05\/gemeinsame-Pausen-300x225.jpg 300w, https:\/\/wordpress.nibis.de\/gsahlem\/files\/2026\/05\/gemeinsame-Pausen-768x576.jpg 768w, https:\/\/wordpress.nibis.de\/gsahlem\/files\/2026\/05\/gemeinsame-Pausen-100x75.jpg 100w, https:\/\/wordpress.nibis.de\/gsahlem\/files\/2026\/05\/gemeinsame-Pausen.jpg 1024w\" sizes=\"auto, (max-width: 300px) 100vw, 300px\" \/>gemeinsame Pausen<\/sub><\/div>\n","protected":false},"excerpt":{"rendered":"<p>Grundschule Ahlem und Wilhelm-Schade-Schule &#8211; gemeinsam unter einem Dach Seit dem Schuljahr 2025\/26 ist eine Klasse der Wilhelm-Schade-Schule fest in das Schulleben der Grundschule Ahlem eingebunden. Die Wilhelm-Schade-Schule ist eine F\u00f6rderschule mit dem Schwerpunkt Geistige Entwicklung, wobei das Lernen gezielt auf die individuellen Bed\u00fcrfnisse der Sch\u00fclerinnen und Sch\u00fcler mit einem Bedarf an sonderp\u00e4dagogischer Unterst\u00fctzung im [&hellip;]<\/p>\n","protected":false},"author":9193831,"featured_media":0,"parent":37,"menu_order":0,"comment_status":"closed","ping_status":"closed","template":"","meta":{"footnotes":""},"class_list":["post-4061","page","type-page","status-publish","hentry"],"_links":{"self":[{"href":"https:\/\/wordpress.nibis.de\/gsahlem\/wp-json\/wp\/v2\/pages\/4061","targetHints":{"allow":["GET"]}}],"collection":[{"href":"https:\/\/wordpress.nibis.de\/gsahlem\/wp-json\/wp\/v2\/pages"}],"about":[{"href":"https:\/\/wordpress.nibis.de\/gsahlem\/wp-json\/wp\/v2\/types\/page"}],"author":[{"embeddable":true,"href":"https:\/\/wordpress.nibis.de\/gsahlem\/wp-json\/wp\/v2\/users\/9193831"}],"replies":[{"embeddable":true,"href":"https:\/\/wordpress.nibis.de\/gsahlem\/wp-json\/wp\/v2\/comments?post=4061"}],"version-history":[{"count":5,"href":"https:\/\/wordpress.nibis.de\/gsahlem\/wp-json\/wp\/v2\/pages\/4061\/revisions"}],"predecessor-version":[{"id":4080,"href":"https:\/\/wordpress.nibis.de\/gsahlem\/wp-json\/wp\/v2\/pages\/4061\/revisions\/4080"}],"up":[{"embeddable":true,"href":"https:\/\/wordpress.nibis.de\/gsahlem\/wp-json\/wp\/v2\/pages\/37"}],"wp:attachment":[{"href":"https:\/\/wordpress.nibis.de\/gsahlem\/wp-json\/wp\/v2\/media?parent=4061"}],"curies":[{"name":"wp","href":"https:\/\/api.w.org\/{rel}","templated":true}]}}