{"id":459,"date":"2019-02-12T18:00:39","date_gmt":"2019-02-12T17:00:39","guid":{"rendered":"http:\/\/wordpress.nibis.de\/gsahlem\/?page_id=459"},"modified":"2026-01-02T22:38:37","modified_gmt":"2026-01-02T21:38:37","slug":"ueber-den-verein","status":"publish","type":"page","link":"https:\/\/wordpress.nibis.de\/gsahlem\/foerderverein\/ueber-den-verein\/","title":{"rendered":"\u00dcber den Verein"},"content":{"rendered":"<h3>Wer sind wir?<\/h3>\n<div class=\"wp-block-image\"><img loading=\"lazy\" decoding=\"async\" class=\"alignright wp-image-2993\" src=\"https:\/\/wordpress.nibis.de\/gsahlem\/files\/2025\/02\/Logo_FVGSA_2025-300x300.png\" alt=\"logo_foerderverein\" width=\"193\" height=\"193\" srcset=\"https:\/\/wordpress.nibis.de\/gsahlem\/files\/2025\/02\/Logo_FVGSA_2025-300x300.png 300w, https:\/\/wordpress.nibis.de\/gsahlem\/files\/2025\/02\/Logo_FVGSA_2025-1024x1024.png 1024w, https:\/\/wordpress.nibis.de\/gsahlem\/files\/2025\/02\/Logo_FVGSA_2025-150x150.png 150w, https:\/\/wordpress.nibis.de\/gsahlem\/files\/2025\/02\/Logo_FVGSA_2025-768x768.png 768w, https:\/\/wordpress.nibis.de\/gsahlem\/files\/2025\/02\/Logo_FVGSA_2025-1536x1536.png 1536w, https:\/\/wordpress.nibis.de\/gsahlem\/files\/2025\/02\/Logo_FVGSA_2025.png 2000w\" sizes=\"auto, (max-width: 193px) 100vw, 193px\" \/><\/div>\n<p>Der F\u00f6rderverein der Grundschule Hannover Ahlem e.V. versteht sich seit 1989 als Bindeglied zwischen Kindern, Eltern und Schule.<\/p>\n<p>Der Verein hat es sich zur Aufgabe gemacht, die Schule positiv mitzugestalten und die Gemeinschaft zu st\u00e4rken. Die Kinder sollen sich in der Schule wohlf\u00fchlen und mit Freude lernen. Dies geht \u00fcber die klassische Lernf\u00f6rderung hinaus und umfasst auch Ma\u00dfnahmen zur St\u00e4rkung des sozialen Miteinanders.<\/p>\n<p>Liebe Eltern, <a href=\"https:\/\/wordpress.nibis.de\/gsahlem\/foerderverein\/mitglied-werden\/\">werden Sie Mitglied<\/a> und unterst\u00fctzen aktiv verschiedene Projekte und Veranstaltungen. Die finanziellen und personellen Mittel einer Schule sind nicht unbegrenzt. Ohne die tatkr\u00e4ftige Unterst\u00fctzung des F\u00f6rdervereins k\u00f6nnten viele wichtige Projekte nicht realisiert werden.<\/p>\n<h3><\/h3>\n<h3>Was machen wir?<\/h3>\n<p>Der F\u00f6rderverein unterst\u00fctzt:<\/p>\n<ul>\n<li>die &#8222;gesunde Pause&#8220;, wir bieten w\u00f6chentlich<a href=\"https:\/\/wordpress.nibis.de\/gsahlem\/schulkiosk\/\"> einen Schulkiosk<\/a> mit gesunden Pausensnacks<\/li>\n<li>die Anschaffung und Reparatur neuer Spielger\u00e4te (<a href=\"https:\/\/wordpress.nibis.de\/gsahlem\/pausenteufel\/\">Pausenteufel<\/a>)<\/li>\n<li>die Stiftung der B\u00fccherpreise f\u00fcr den Vorlesewettbewerb<\/li>\n<li>verschiedene Wettbewerbe durch Zusch\u00fcsse<\/li>\n<li>Veranstaltungen wie Einschulungs- und Abschlussfeiern, Laternenfest, Basare etc.<\/li>\n<li>die Anschaffung neuer Musikinstrumente und Sportger\u00e4te<\/li>\n<\/ul>\n<div class=\"wp-block-image\"><img loading=\"lazy\" decoding=\"async\" class=\"alignleft wp-image-3053\" src=\"https:\/\/wordpress.nibis.de\/gsahlem\/files\/2025\/03\/Stand_FVGSA-300x220.jpg\" alt=\"Stand_FVGSA\" width=\"273\" height=\"200\" srcset=\"https:\/\/wordpress.nibis.de\/gsahlem\/files\/2025\/03\/Stand_FVGSA-300x220.jpg 300w, https:\/\/wordpress.nibis.de\/gsahlem\/files\/2025\/03\/Stand_FVGSA-1024x751.jpg 1024w, https:\/\/wordpress.nibis.de\/gsahlem\/files\/2025\/03\/Stand_FVGSA-768x564.jpg 768w, https:\/\/wordpress.nibis.de\/gsahlem\/files\/2025\/03\/Stand_FVGSA-1536x1127.jpg 1536w, https:\/\/wordpress.nibis.de\/gsahlem\/files\/2025\/03\/Stand_FVGSA.jpg 1600w\" sizes=\"auto, (max-width: 273px) 100vw, 273px\" \/><\/div>\n<p style=\"text-align: left\">Es stehen weiterhin mehrere spannende Projekte langfristig auf der Agenda. Dazu geh\u00f6rt die Gestaltung des Pausenhofs, um den Kindern mehr Bewegungsm\u00f6glichkeiten zu bieten. Auch sollen lernf\u00f6rderliche Spiele f\u00fcr die Klassenr\u00e4ume angeschafft werden, die den Unterricht auflockern und das kreative Denken f\u00f6rdern. \u00a0Weitere geplante Projekte sind die F\u00f6rderung von Hausaufgabenhilfen und Lesementoring, um die Lernmotivation der Kinder zu st\u00e4rken.<strong><br \/>\n<\/strong><\/p>\n<p>Vorschl\u00e4ge f\u00fcr die Mittelverwendung des F\u00f6rdervereins von Lehrerschaft, Sch\u00fcler- und Elternseite sind immer willkommen. Wir freuen uns \u00fcber <a href=\"https:\/\/wordpress.nibis.de\/gsahlem\/foerderverein\/organisatorisches\/\">Ihre R\u00fcckmeldung<\/a>!<\/p>\n<p>Sie k\u00f6nnen uns unterst\u00fctzen durch Ihr Interesse an unserer Arbeit, Teilnahme an den Versammlungen (gerne auch Nicht-Mitglieder), tatkr\u00e4ftige Hilfe bei unseren Veranstaltungen, eine <a title=\"Mitglied werden\" href=\"https:\/\/wordpress.nibis.de\/gsahlem\/foerderverein\/mitglied-werden\/\">Mitgliedschaft<\/a> oder Spenden.<\/p>\n<h3>Satzung und Protokolle<\/h3>\n<ul>\n<li><a href=\"https:\/\/wordpress.nibis.de\/gsahlem\/files\/2023\/06\/FV_Satzung_08-10-2020.pdf\" target=\"_blank\" rel=\"noopener\">Vereinssatzung<\/a><\/li>\n<li><a href=\"https:\/\/wordpress.nibis.de\/gsahlem\/files\/2026\/01\/FV_GS_Ahlem_Protokoll_2025-11-20.pdf\">Protokoll 2025 (Vollversammlung)<\/a><\/li>\n<li><a href=\"https:\/\/wordpress.nibis.de\/gsahlem\/files\/2025\/03\/FV_GS_Ahlem_Protokoll_2025-02-27.pdf\" target=\"_blank\" rel=\"noopener\">Protokoll 2025 (au\u00dferordentliche Vollversammlung)<\/a><\/li>\n<li><a href=\"https:\/\/wordpress.nibis.de\/gsahlem\/files\/2025\/02\/FV_GS_Ahlem_Protokoll_2024-11-27.pdf\">Protokoll 2024 (Vollversammlung)<\/a><\/li>\n<li><a href=\"https:\/\/wordpress.nibis.de\/gsahlem\/files\/2025\/01\/FV_GS_Ahlem_Protokoll_2023-12-14.pdf\" target=\"_blank\" rel=\"noopener\">Protokoll 2023 (Vollversammlung)<\/a><\/li>\n<li><a href=\"https:\/\/wordpress.nibis.de\/gsahlem\/files\/2023\/06\/FV_GS_Ahlem_Protokoll_2022-11-24.pdf\">Protokoll 2022 (Vollversammlung)<\/a><\/li>\n<li><a href=\"https:\/\/wordpress.nibis.de\/gsahlem\/files\/2023\/06\/FV_GS_Ahlem_Protokoll_2021-11-18.pdf\">Protokoll 2021 (Vollversammlung)<\/a><\/li>\n<li><a href=\"https:\/\/wordpress.nibis.de\/gsahlem\/files\/2020\/11\/FV_Protokoll_Mitgliederversammlung_Nov_2020.pdf\">Protokoll 2020 (Vollversammlung)<\/a><\/li>\n<li><a href=\"https:\/\/wordpress.nibis.de\/gsahlem\/files\/2020\/03\/FV_Vorstandssitzung10.02.2020.pdf\">Protokoll 2020<\/a><\/li>\n<li><a href=\"https:\/\/wordpress.nibis.de\/gsahlem\/files\/2020\/03\/FV-Protokoll-Mitgliederversammlung-Nov-2019.pdf\">Protokoll 2019<\/a><\/li>\n<\/ul>\n<h3>Siehe auch<\/h3>\n<ul>\n<li><a href=\"https:\/\/wordpress.nibis.de\/gsahlem\/foerderverein\/organisatorisches\/\">Organisatorisches<\/a><\/li>\n<li><a href=\"https:\/\/wordpress.nibis.de\/gsahlem\/foerderverein\/mitglied-werden\/\">Mitglied werden<\/a><\/li>\n<li><a href=\"https:\/\/wordpress.nibis.de\/gsahlem\/foerderverein\/kidsbasar\/\">Kidsbasar<\/a><\/li>\n<\/ul>\n","protected":false},"excerpt":{"rendered":"<p>Wer sind wir? Der F\u00f6rderverein der Grundschule Hannover Ahlem e.V. versteht sich seit 1989 als Bindeglied zwischen Kindern, Eltern und Schule. Der Verein hat es sich zur Aufgabe gemacht, die Schule positiv mitzugestalten und die Gemeinschaft zu st\u00e4rken. Die Kinder sollen sich in der Schule wohlf\u00fchlen und mit Freude lernen. Dies geht \u00fcber die klassische [&hellip;]<\/p>\n","protected":false},"author":9192947,"featured_media":0,"parent":92,"menu_order":0,"comment_status":"closed","ping_status":"closed","template":"","meta":{"footnotes":""},"class_list":["post-459","page","type-page","status-publish","hentry"],"_links":{"self":[{"href":"https:\/\/wordpress.nibis.de\/gsahlem\/wp-json\/wp\/v2\/pages\/459","targetHints":{"allow":["GET"]}}],"collection":[{"href":"https:\/\/wordpress.nibis.de\/gsahlem\/wp-json\/wp\/v2\/pages"}],"about":[{"href":"https:\/\/wordpress.nibis.de\/gsahlem\/wp-json\/wp\/v2\/types\/page"}],"author":[{"embeddable":true,"href":"https:\/\/wordpress.nibis.de\/gsahlem\/wp-json\/wp\/v2\/users\/9192947"}],"replies":[{"embeddable":true,"href":"https:\/\/wordpress.nibis.de\/gsahlem\/wp-json\/wp\/v2\/comments?post=459"}],"version-history":[{"count":57,"href":"https:\/\/wordpress.nibis.de\/gsahlem\/wp-json\/wp\/v2\/pages\/459\/revisions"}],"predecessor-version":[{"id":3760,"href":"https:\/\/wordpress.nibis.de\/gsahlem\/wp-json\/wp\/v2\/pages\/459\/revisions\/3760"}],"up":[{"embeddable":true,"href":"https:\/\/wordpress.nibis.de\/gsahlem\/wp-json\/wp\/v2\/pages\/92"}],"wp:attachment":[{"href":"https:\/\/wordpress.nibis.de\/gsahlem\/wp-json\/wp\/v2\/media?parent=459"}],"curies":[{"name":"wp","href":"https:\/\/api.w.org\/{rel}","templated":true}]}}