{"id":462,"date":"2019-02-12T18:01:22","date_gmt":"2019-02-12T17:01:22","guid":{"rendered":"http:\/\/wordpress.nibis.de\/gsahlem\/?page_id=462"},"modified":"2025-03-05T21:29:47","modified_gmt":"2025-03-05T20:29:47","slug":"mitglied-werden","status":"publish","type":"page","link":"https:\/\/wordpress.nibis.de\/gsahlem\/foerderverein\/mitglied-werden\/","title":{"rendered":"Mitglied werden"},"content":{"rendered":"<p>Der F\u00f6rderverein bittet um neue Mitgliedschaften und um aktive Unterst\u00fctzung bei den verschiedenen Projekten und Veranstaltungen. Jeder finanzielle Beitrag hilft &#8211; ab einem j\u00e4hrlichen Beitrag von 20 \u20ac k\u00f6nnen Sie uns und Ihren Kindern helfen.<\/p>\n<p><a href=\"https:\/\/wordpress.nibis.de\/gsahlem\/files\/2025\/02\/Beitrittsantrag_FVGSAhlem.pdf\" target=\"_blank\" rel=\"noopener\">Beitrittsformular herunterladen<\/a><a href=\"https:\/\/wordpress.nibis.de\/gsahlem\/files\/2025\/02\/Beitrittsantrag_FVGSAhlem.pdf\" target=\"_blank\" rel=\"noopener\"><img loading=\"lazy\" decoding=\"async\" class=\"alignleft wp-image-3048\" src=\"https:\/\/wordpress.nibis.de\/gsahlem\/files\/2025\/03\/Formular-300x300.png\" alt=\"Beitrittsformular\" width=\"183\" height=\"183\" srcset=\"https:\/\/wordpress.nibis.de\/gsahlem\/files\/2025\/03\/Formular-300x300.png 300w, https:\/\/wordpress.nibis.de\/gsahlem\/files\/2025\/03\/Formular-150x150.png 150w, https:\/\/wordpress.nibis.de\/gsahlem\/files\/2025\/03\/Formular-768x768.png 768w, https:\/\/wordpress.nibis.de\/gsahlem\/files\/2025\/03\/Formular.png 1000w\" sizes=\"auto, (max-width: 183px) 100vw, 183px\" \/><\/a><\/p>\n<p><span class=\"OYPEnA font-feature-liga-off font-feature-clig-off font-feature-calt-off text-decoration-none text-strikethrough-none\">Das ausgef\u00fcllte Formular bitte per Post an die Vereinsanschrift oder per E-Mail <a href=\"&#109;a&#x69;l&#x74;o&#x3a;&#102;&#x76;&#45;&#x67;&#115;-&#x61;h&#x6c;e&#x6d;&#64;&#x77;&#101;&#x62;&#46;&#x64;&#101;\">&#102;v&#x2d;g&#x73;&#45;&#x61;&#104;&#x6c;&#101;m&#x40;w&#x65;&#98;&#x2e;&#100;&#x65;<\/a> senden oder \u00fcber das Sekretariat weiterleiten.<\/span><\/p>\n<p>Eine Spendenbescheinigung wird Ihnen zu Beginn eines Kalenderjahres auf Anfrage zugesendet. Der F\u00f6rderverein der Grundschule Hannover Ahlem e.V. speichert und verarbeitet Ihre Daten zum Zwecke Ihrer Mitgliedschaft. Eine Weitergabe an Dritte erfolgt nicht.<\/p>\n<p>&nbsp;<\/p>\n<h3>Siehe auch<\/h3>\n<ul>\n<li><a href=\"https:\/\/wordpress.nibis.de\/gsahlem\/foerderverein\/ueber-den-verein\/\">\u00dcber den Verein<\/a><\/li>\n<li><a href=\"https:\/\/wordpress.nibis.de\/gsahlem\/foerderverein\/organisatorisches\/\">Organisatorisches<\/a><\/li>\n<\/ul>\n","protected":false},"excerpt":{"rendered":"<p>Der F\u00f6rderverein bittet um neue Mitgliedschaften und um aktive Unterst\u00fctzung bei den verschiedenen Projekten und Veranstaltungen. Jeder finanzielle Beitrag hilft &#8211; ab einem j\u00e4hrlichen Beitrag von 20 \u20ac k\u00f6nnen Sie uns und Ihren Kindern helfen. Beitrittsformular herunterladen Das ausgef\u00fcllte Formular bitte per Post an die Vereinsanschrift oder per E-Mail &#102;&#x76;-&#x67;s&#45;&#x61;&#104;&#x6c;e&#109;&#x40;&#119;&#x65;b&#x2e;&#x64;&#101; senden oder \u00fcber das Sekretariat [&hellip;]<\/p>\n","protected":false},"author":9192947,"featured_media":0,"parent":92,"menu_order":1,"comment_status":"closed","ping_status":"closed","template":"","meta":{"footnotes":""},"class_list":["post-462","page","type-page","status-publish","hentry"],"_links":{"self":[{"href":"https:\/\/wordpress.nibis.de\/gsahlem\/wp-json\/wp\/v2\/pages\/462","targetHints":{"allow":["GET"]}}],"collection":[{"href":"https:\/\/wordpress.nibis.de\/gsahlem\/wp-json\/wp\/v2\/pages"}],"about":[{"href":"https:\/\/wordpress.nibis.de\/gsahlem\/wp-json\/wp\/v2\/types\/page"}],"author":[{"embeddable":true,"href":"https:\/\/wordpress.nibis.de\/gsahlem\/wp-json\/wp\/v2\/users\/9192947"}],"replies":[{"embeddable":true,"href":"https:\/\/wordpress.nibis.de\/gsahlem\/wp-json\/wp\/v2\/comments?post=462"}],"version-history":[{"count":23,"href":"https:\/\/wordpress.nibis.de\/gsahlem\/wp-json\/wp\/v2\/pages\/462\/revisions"}],"predecessor-version":[{"id":3051,"href":"https:\/\/wordpress.nibis.de\/gsahlem\/wp-json\/wp\/v2\/pages\/462\/revisions\/3051"}],"up":[{"embeddable":true,"href":"https:\/\/wordpress.nibis.de\/gsahlem\/wp-json\/wp\/v2\/pages\/92"}],"wp:attachment":[{"href":"https:\/\/wordpress.nibis.de\/gsahlem\/wp-json\/wp\/v2\/media?parent=462"}],"curies":[{"name":"wp","href":"https:\/\/api.w.org\/{rel}","templated":true}]}}