{"id":505,"date":"2019-03-07T21:31:26","date_gmt":"2019-03-07T20:31:26","guid":{"rendered":"https:\/\/wordpress.nibis.de\/gsahlem\/?page_id=505"},"modified":"2026-01-09T13:38:48","modified_gmt":"2026-01-09T12:38:48","slug":"buecherbus","status":"publish","type":"page","link":"https:\/\/wordpress.nibis.de\/gsahlem\/schulleben-2\/buecherbus\/","title":{"rendered":"Fahrbibliothek Hannover"},"content":{"rendered":"\r\n<div class=\"wp-block-image\">\r\n<figure class=\"alignright is-resized\">\r\n<figcaption>\r\n<figure id=\"attachment_3812\" aria-describedby=\"caption-attachment-3812\" style=\"width: 300px\" class=\"wp-caption alignright\"><img loading=\"lazy\" decoding=\"async\" class=\"wp-image-3812 size-medium\" src=\"https:\/\/wordpress.nibis.de\/gsahlem\/files\/2026\/01\/Screenshot-2026-01-09-at-13-31-20-Fahrplan-2025-2.-Hj.pdf-300x150.png\" alt=\"\" width=\"300\" height=\"150\" srcset=\"https:\/\/wordpress.nibis.de\/gsahlem\/files\/2026\/01\/Screenshot-2026-01-09-at-13-31-20-Fahrplan-2025-2.-Hj.pdf-300x150.png 300w, https:\/\/wordpress.nibis.de\/gsahlem\/files\/2026\/01\/Screenshot-2026-01-09-at-13-31-20-Fahrplan-2025-2.-Hj.pdf-768x383.png 768w, https:\/\/wordpress.nibis.de\/gsahlem\/files\/2026\/01\/Screenshot-2026-01-09-at-13-31-20-Fahrplan-2025-2.-Hj.pdf-100x50.png 100w, https:\/\/wordpress.nibis.de\/gsahlem\/files\/2026\/01\/Screenshot-2026-01-09-at-13-31-20-Fahrplan-2025-2.-Hj.pdf.png 914w\" sizes=\"auto, (max-width: 300px) 100vw, 300px\" \/><figcaption id=\"caption-attachment-3812\" class=\"wp-caption-text\"><span style=\"font-size: 8pt\">copyright Stadtbibliothek Hannover<\/span><\/figcaption><\/figure>\r\n<\/figcaption>\r\n<\/figure>\r\n<\/div>\r\n\r\n\r\n\r\n<p>Die Fahrbibliothek, auch B\u00fccherbus genannt, h\u00e4lt in unmittelbarer N\u00e4he zur Grundschule Ahlem auf dem Rathausplatz.<\/p>\r\n\r\n\r\n\r\n<p>Die Fahrbibliothek ist besonders auf die Interessen von Kindern eingestellt. Neben Sachb\u00fcchern gibt es eine sch\u00f6ne Auswahl an Kinderb\u00fcchern und H\u00f6rspielen zum Ausleihen.<\/p>\r\n\r\n\r\n\r\n<p>Die Fahrbibliothek kommt dienstags alle zwei Wochen nach Ahlem. Auf der Seite der Stadt Hannover gibt es <a href=\"https:\/\/www.hannover.de\/Leben-in-der-Region-Hannover\/Bildung\/Bibliotheken-Archive\/Stadtbibliothek-Hannover\/Bibliotheken-%C3%96ffnungszeiten\/Fahrbibliothek\">weitere Informationen<\/a> und den <a href=\"https:\/\/www.hannover.de\/Leben-in-der-Region-Hannover\/Bildung\/Bibliotheken-Archive\/Stadtbibliothek-Hannover\/Bibliotheken-%C3%96ffnungszeiten\/Fahrbibliothek\/Ahlem\">Fahrplan f\u00fcr die n\u00e4chsten Wochen<\/a>.<\/p>\r\n","protected":false},"excerpt":{"rendered":"<p>Die Fahrbibliothek, auch B\u00fccherbus genannt, h\u00e4lt in unmittelbarer N\u00e4he zur Grundschule Ahlem auf dem Rathausplatz. Die Fahrbibliothek ist besonders auf die Interessen von Kindern eingestellt. Neben Sachb\u00fcchern gibt es eine sch\u00f6ne Auswahl an Kinderb\u00fcchern und H\u00f6rspielen zum Ausleihen. Die Fahrbibliothek kommt dienstags alle zwei Wochen nach Ahlem. Auf der Seite der Stadt Hannover gibt es [&hellip;]<\/p>\n","protected":false},"author":9192947,"featured_media":0,"parent":87,"menu_order":0,"comment_status":"closed","ping_status":"closed","template":"","meta":{"footnotes":""},"class_list":["post-505","page","type-page","status-publish","hentry"],"_links":{"self":[{"href":"https:\/\/wordpress.nibis.de\/gsahlem\/wp-json\/wp\/v2\/pages\/505","targetHints":{"allow":["GET"]}}],"collection":[{"href":"https:\/\/wordpress.nibis.de\/gsahlem\/wp-json\/wp\/v2\/pages"}],"about":[{"href":"https:\/\/wordpress.nibis.de\/gsahlem\/wp-json\/wp\/v2\/types\/page"}],"author":[{"embeddable":true,"href":"https:\/\/wordpress.nibis.de\/gsahlem\/wp-json\/wp\/v2\/users\/9192947"}],"replies":[{"embeddable":true,"href":"https:\/\/wordpress.nibis.de\/gsahlem\/wp-json\/wp\/v2\/comments?post=505"}],"version-history":[{"count":11,"href":"https:\/\/wordpress.nibis.de\/gsahlem\/wp-json\/wp\/v2\/pages\/505\/revisions"}],"predecessor-version":[{"id":3813,"href":"https:\/\/wordpress.nibis.de\/gsahlem\/wp-json\/wp\/v2\/pages\/505\/revisions\/3813"}],"up":[{"embeddable":true,"href":"https:\/\/wordpress.nibis.de\/gsahlem\/wp-json\/wp\/v2\/pages\/87"}],"wp:attachment":[{"href":"https:\/\/wordpress.nibis.de\/gsahlem\/wp-json\/wp\/v2\/media?parent=505"}],"curies":[{"name":"wp","href":"https:\/\/api.w.org\/{rel}","templated":true}]}}