{"id":522,"date":"2019-03-08T09:17:55","date_gmt":"2019-03-08T08:17:55","guid":{"rendered":"https:\/\/wordpress.nibis.de\/gsahlem\/?page_id=522"},"modified":"2020-08-31T10:39:45","modified_gmt":"2020-08-31T08:39:45","slug":"schulhund","status":"publish","type":"page","link":"https:\/\/wordpress.nibis.de\/gsahlem\/schulleben-2\/schulhund\/","title":{"rendered":"Schulhunde"},"content":{"rendered":"<p><strong><span style=\"color: #003366;font-size: 14pt\">Unser Schulhunde<br \/>\n<\/span><\/strong><\/p>\n<figure id=\"attachment_763\" aria-describedby=\"caption-attachment-763\" style=\"width: 215px\" class=\"wp-caption alignleft\"><img loading=\"lazy\" decoding=\"async\" class=\"wp-image-763\" src=\"https:\/\/wordpress.nibis.de\/gsahlem\/files\/2019\/06\/Bild-0.jpg\" alt=\"\" width=\"215\" height=\"287\" srcset=\"https:\/\/wordpress.nibis.de\/gsahlem\/files\/2019\/06\/Bild-0.jpg 405w, https:\/\/wordpress.nibis.de\/gsahlem\/files\/2019\/06\/Bild-0-225x300.jpg 225w\" sizes=\"auto, (max-width: 215px) 100vw, 215px\" \/><figcaption id=\"caption-attachment-763\" class=\"wp-caption-text\">Lotte<\/figcaption><\/figure>\n<figure id=\"attachment_1130\" aria-describedby=\"caption-attachment-1130\" style=\"width: 215px\" class=\"wp-caption alignleft\"><a href=\"https:\/\/wordpress.nibis.de\/gsahlem\/files\/2020\/08\/Soey-Bild-1.jpg\"><img loading=\"lazy\" decoding=\"async\" class=\" wp-image-1130\" src=\"https:\/\/wordpress.nibis.de\/gsahlem\/files\/2020\/08\/Soey-Bild-1-225x300.jpg\" alt=\"\" width=\"215\" height=\"287\" srcset=\"https:\/\/wordpress.nibis.de\/gsahlem\/files\/2020\/08\/Soey-Bild-1-225x300.jpg 225w, https:\/\/wordpress.nibis.de\/gsahlem\/files\/2020\/08\/Soey-Bild-1.jpg 240w\" sizes=\"auto, (max-width: 215px) 100vw, 215px\" \/><\/a><figcaption id=\"caption-attachment-1130\" class=\"wp-caption-text\">Soley<\/figcaption><\/figure>\n<p style=\"text-align: justify\">Wir hei\u00dfen Lotte und Soley. Und d\u00fcrfen an jeweils 2 Tagen in der Woche in die Schule. Dann kommen wir mit in die Klassen und nehmen am Unterricht teil. Wie sind n\u00e4mlich ausgebildete Schulh\u00fcndinnen. Als Labradoodle bzw. Portugiesischer Wasserhund sind wir vom Wesen &#8211;\u00a0 so sagt man &#8211; ruhig und ausgeglichen und zugleich interessiert daran, etwas mit den Sch\u00fclern zu unternehmen. So k\u00f6nnen wir z.B. helfen den Sch\u00fclern Aufgaben zuzulosen, indem wir am Gl\u00fccksrad drehen oder die Aufgaben aus einem Korb ziehen. Wir freuen uns sehr, wenn wir die Sch\u00fcler morgens begr\u00fc\u00dfen. Man sagt, dass die Atmosph\u00e4re im Klassenraum ruhiger ist, wenn eine von uns in der Klasse ist. Aber das k\u00f6nnen wir nat\u00fcrlich nicht beurteilen, wir sind ja nur Hunde.<\/p>\n<p>&nbsp;<\/p>\n<p><span style=\"color: #993300\"><strong>Lotte im Klassenunterricht:<\/strong><\/span><\/p>\n<p>Gemeinsam gibt es ein Begr\u00fc\u00dfungs- und Abschiedsritual.<\/p>\n<p><img loading=\"lazy\" decoding=\"async\" class=\"wp-image-748 alignleft\" src=\"https:\/\/wordpress.nibis.de\/gsahlem\/files\/2019\/06\/Bild-1.jpg\" alt=\"\" width=\"260\" height=\"348\" srcset=\"https:\/\/wordpress.nibis.de\/gsahlem\/files\/2019\/06\/Bild-1.jpg 502w, https:\/\/wordpress.nibis.de\/gsahlem\/files\/2019\/06\/Bild-1-224x300.jpg 224w\" sizes=\"auto, (max-width: 260px) 100vw, 260px\" \/> <img loading=\"lazy\" decoding=\"async\" class=\"wp-image-749 alignleft\" src=\"https:\/\/wordpress.nibis.de\/gsahlem\/files\/2019\/06\/Bild-2.jpg\" alt=\"\" width=\"260\" height=\"347\" srcset=\"https:\/\/wordpress.nibis.de\/gsahlem\/files\/2019\/06\/Bild-2.jpg 513w, https:\/\/wordpress.nibis.de\/gsahlem\/files\/2019\/06\/Bild-2-225x300.jpg 225w\" sizes=\"auto, (max-width: 260px) 100vw, 260px\" \/><\/p>\n<p style=\"text-align: justify\"><img loading=\"lazy\" decoding=\"async\" class=\"wp-image-750 alignleft\" src=\"https:\/\/wordpress.nibis.de\/gsahlem\/files\/2019\/06\/Bild-3.jpg\" alt=\"\" width=\"260\" height=\"347\" srcset=\"https:\/\/wordpress.nibis.de\/gsahlem\/files\/2019\/06\/Bild-3.jpg 515w, https:\/\/wordpress.nibis.de\/gsahlem\/files\/2019\/06\/Bild-3-225x300.jpg 225w\" sizes=\"auto, (max-width: 260px) 100vw, 260px\" \/><\/p>\n<p>&nbsp;<\/p>\n<p>&nbsp;<\/p>\n<p>&nbsp;<\/p>\n<p>&nbsp;<\/p>\n<p>&nbsp;<\/p>\n<p>&nbsp;<\/p>\n<p>&nbsp;<\/p>\n<p>&nbsp;<\/p>\n<p>&nbsp;<\/p>\n<figure id=\"attachment_751\" aria-describedby=\"caption-attachment-751\" style=\"width: 260px\" class=\"wp-caption alignleft\"><img loading=\"lazy\" decoding=\"async\" class=\"wp-image-751\" src=\"https:\/\/wordpress.nibis.de\/gsahlem\/files\/2019\/06\/Bild-4-768x1024.jpg\" alt=\"\" width=\"260\" height=\"347\" srcset=\"https:\/\/wordpress.nibis.de\/gsahlem\/files\/2019\/06\/Bild-4-768x1024.jpg 768w, https:\/\/wordpress.nibis.de\/gsahlem\/files\/2019\/06\/Bild-4-225x300.jpg 225w\" sizes=\"auto, (max-width: 260px) 100vw, 260px\" \/><figcaption id=\"caption-attachment-751\" class=\"wp-caption-text\">Lotte dreht das Gl\u00fccksrad.<\/figcaption><\/figure>\n<figure id=\"attachment_752\" aria-describedby=\"caption-attachment-752\" style=\"width: 463px\" class=\"wp-caption alignleft\"><img loading=\"lazy\" decoding=\"async\" class=\"wp-image-752\" src=\"https:\/\/wordpress.nibis.de\/gsahlem\/files\/2019\/06\/Bild-5.jpg\" alt=\"\" width=\"463\" height=\"347\" srcset=\"https:\/\/wordpress.nibis.de\/gsahlem\/files\/2019\/06\/Bild-5.jpg 641w, https:\/\/wordpress.nibis.de\/gsahlem\/files\/2019\/06\/Bild-5-300x225.jpg 300w\" sizes=\"auto, (max-width: 463px) 100vw, 463px\" \/><figcaption id=\"caption-attachment-752\" class=\"wp-caption-text\">Lotte im Mathematikunterricht: \u201e Wahrscheinlichkeitsrechnung\u201c<\/figcaption><\/figure>\n<figure id=\"attachment_753\" aria-describedby=\"caption-attachment-753\" style=\"width: 462px\" class=\"wp-caption alignleft\"><img loading=\"lazy\" decoding=\"async\" class=\"wp-image-753\" src=\"https:\/\/wordpress.nibis.de\/gsahlem\/files\/2019\/06\/Bild-6.jpg\" alt=\"\" width=\"462\" height=\"347\" srcset=\"https:\/\/wordpress.nibis.de\/gsahlem\/files\/2019\/06\/Bild-6.jpg 652w, https:\/\/wordpress.nibis.de\/gsahlem\/files\/2019\/06\/Bild-6-300x225.jpg 300w\" sizes=\"auto, (max-width: 462px) 100vw, 462px\" \/><figcaption id=\"caption-attachment-753\" class=\"wp-caption-text\">Lotte dreht ein K\u00e4sebrett und lost Arbeitskarten aus.<\/figcaption><\/figure>\n<p>&nbsp;<\/p>\n<figure id=\"attachment_754\" aria-describedby=\"caption-attachment-754\" style=\"width: 260px\" class=\"wp-caption alignleft\"><img loading=\"lazy\" decoding=\"async\" class=\"wp-image-754\" src=\"https:\/\/wordpress.nibis.de\/gsahlem\/files\/2019\/06\/Bild-7.jpg\" alt=\"\" width=\"260\" height=\"346\" srcset=\"https:\/\/wordpress.nibis.de\/gsahlem\/files\/2019\/06\/Bild-7.jpg 542w, https:\/\/wordpress.nibis.de\/gsahlem\/files\/2019\/06\/Bild-7-226x300.jpg 226w\" sizes=\"auto, (max-width: 260px) 100vw, 260px\" \/><figcaption id=\"caption-attachment-754\" class=\"wp-caption-text\">Lotte zieht Karten.<\/figcaption><\/figure>\n<p>&nbsp;<\/p>\n<p>&nbsp;<\/p>\n<p>&nbsp;<\/p>\n<p>&nbsp;<\/p>\n<p>&nbsp;<\/p>\n<p>&nbsp;<\/p>\n<p>&nbsp;<\/p>\n<p>&nbsp;<\/p>\n<p>&nbsp;<\/p>\n<p>&nbsp;<\/p>\n<p>&nbsp;<\/p>\n<p>&nbsp;<\/p>\n<p>&nbsp;<\/p>\n<p>&nbsp;<\/p>\n<p>&nbsp;<\/p>\n<p>&nbsp;<\/p>\n<p>&nbsp;<\/p>\n<figure id=\"attachment_755\" aria-describedby=\"caption-attachment-755\" style=\"width: 462px\" class=\"wp-caption alignleft\"><img loading=\"lazy\" decoding=\"async\" class=\"wp-image-755\" src=\"https:\/\/wordpress.nibis.de\/gsahlem\/files\/2019\/06\/Bild-8.jpg\" alt=\"\" width=\"462\" height=\"347\" srcset=\"https:\/\/wordpress.nibis.de\/gsahlem\/files\/2019\/06\/Bild-8.jpg 706w, https:\/\/wordpress.nibis.de\/gsahlem\/files\/2019\/06\/Bild-8-300x225.jpg 300w\" sizes=\"auto, (max-width: 462px) 100vw, 462px\" \/><figcaption id=\"caption-attachment-755\" class=\"wp-caption-text\">Lotte zieht Rechenkarten von der W\u00e4scheleine.<\/figcaption><\/figure>\n<figure id=\"attachment_756\" aria-describedby=\"caption-attachment-756\" style=\"width: 260px\" class=\"wp-caption alignleft\"><img loading=\"lazy\" decoding=\"async\" class=\"wp-image-756\" src=\"https:\/\/wordpress.nibis.de\/gsahlem\/files\/2019\/06\/Bild-9.jpg\" alt=\"\" width=\"260\" height=\"347\" srcset=\"https:\/\/wordpress.nibis.de\/gsahlem\/files\/2019\/06\/Bild-9.jpg 539w, https:\/\/wordpress.nibis.de\/gsahlem\/files\/2019\/06\/Bild-9-225x300.jpg 225w\" sizes=\"auto, (max-width: 260px) 100vw, 260px\" \/><figcaption id=\"caption-attachment-756\" class=\"wp-caption-text\">Lotte zieht Briefumschl\u00e4ge mit Fotos.<\/figcaption><\/figure>\n<p>&nbsp;<\/p>\n<p>&nbsp;<\/p>\n<p>&nbsp;<\/p>\n<p>&nbsp;<\/p>\n<p>&nbsp;<\/p>\n<p>&nbsp;<\/p>\n<p>&nbsp;<\/p>\n<p>&nbsp;<\/p>\n<p>&nbsp;<\/p>\n<table>\n<tbody>\n<tr>\n<td><\/td>\n<\/tr>\n<\/tbody>\n<\/table>\n<p style=\"text-align: left\"><span style=\"color: #993300\"><strong>Lotte in der Kleingruppe:<\/strong><\/span><\/p>\n<figure id=\"attachment_757\" aria-describedby=\"caption-attachment-757\" style=\"width: 260px\" class=\"wp-caption alignleft\"><img loading=\"lazy\" decoding=\"async\" class=\"wp-image-757\" src=\"https:\/\/wordpress.nibis.de\/gsahlem\/files\/2019\/06\/Bild-10-768x1024.jpg\" alt=\"\" width=\"260\" height=\"347\" srcset=\"https:\/\/wordpress.nibis.de\/gsahlem\/files\/2019\/06\/Bild-10-768x1024.jpg 768w, https:\/\/wordpress.nibis.de\/gsahlem\/files\/2019\/06\/Bild-10-225x300.jpg 225w\" sizes=\"auto, (max-width: 260px) 100vw, 260px\" \/><figcaption id=\"caption-attachment-757\" class=\"wp-caption-text\">Die Sch\u00fcler stecken ein Leckerli und einen Arbeitsauftrag f\u00fcr Lotte in die gelbe Tasche.<\/figcaption><\/figure>\n<figure id=\"attachment_758\" aria-describedby=\"caption-attachment-758\" style=\"width: 260px\" class=\"wp-caption alignleft\"><img loading=\"lazy\" decoding=\"async\" class=\"wp-image-758\" src=\"https:\/\/wordpress.nibis.de\/gsahlem\/files\/2019\/06\/Bild-11.jpg\" alt=\"\" width=\"260\" height=\"345\" srcset=\"https:\/\/wordpress.nibis.de\/gsahlem\/files\/2019\/06\/Bild-11.jpg 508w, https:\/\/wordpress.nibis.de\/gsahlem\/files\/2019\/06\/Bild-11-226x300.jpg 226w\" sizes=\"auto, (max-width: 260px) 100vw, 260px\" \/><figcaption id=\"caption-attachment-758\" class=\"wp-caption-text\">Die Sch\u00fcler verstecken die Tasche.<\/figcaption><\/figure>\n<figure id=\"attachment_759\" aria-describedby=\"caption-attachment-759\" style=\"width: 260px\" class=\"wp-caption alignleft\"><img loading=\"lazy\" decoding=\"async\" class=\"wp-image-759\" src=\"https:\/\/wordpress.nibis.de\/gsahlem\/files\/2019\/06\/Bild-12.jpg\" alt=\"\" width=\"260\" height=\"347\" srcset=\"https:\/\/wordpress.nibis.de\/gsahlem\/files\/2019\/06\/Bild-12.jpg 532w, https:\/\/wordpress.nibis.de\/gsahlem\/files\/2019\/06\/Bild-12-224x300.jpg 224w\" sizes=\"auto, (max-width: 260px) 100vw, 260px\" \/><figcaption id=\"caption-attachment-759\" class=\"wp-caption-text\">Lotte sucht die Tasche.<\/figcaption><\/figure>\n<p>&nbsp;<\/p>\n<p>&nbsp;<\/p>\n<p>&nbsp;<\/p>\n<p>&nbsp;<\/p>\n<p>&nbsp;<\/p>\n<p>&nbsp;<\/p>\n<p>&nbsp;<\/p>\n<p>&nbsp;<\/p>\n<p>&nbsp;<\/p>\n<p>&nbsp;<\/p>\n<table>\n<tbody>\n<tr>\n<td><\/td>\n<\/tr>\n<\/tbody>\n<\/table>\n<figure id=\"attachment_760\" aria-describedby=\"caption-attachment-760\" style=\"width: 260px\" class=\"wp-caption alignleft\"><img loading=\"lazy\" decoding=\"async\" class=\"wp-image-760\" src=\"https:\/\/wordpress.nibis.de\/gsahlem\/files\/2019\/06\/Bild-13.jpg\" alt=\"\" width=\"260\" height=\"346\" srcset=\"https:\/\/wordpress.nibis.de\/gsahlem\/files\/2019\/06\/Bild-13.jpg 534w, https:\/\/wordpress.nibis.de\/gsahlem\/files\/2019\/06\/Bild-13-225x300.jpg 225w\" sizes=\"auto, (max-width: 260px) 100vw, 260px\" \/><figcaption id=\"caption-attachment-760\" class=\"wp-caption-text\">Lotte bringt die Tasche zur Lehrkraft.<\/figcaption><\/figure>\n<figure id=\"attachment_761\" aria-describedby=\"caption-attachment-761\" style=\"width: 260px\" class=\"wp-caption alignleft\"><img loading=\"lazy\" decoding=\"async\" class=\"wp-image-761\" src=\"https:\/\/wordpress.nibis.de\/gsahlem\/files\/2019\/06\/Bild-14.jpg\" alt=\"\" width=\"260\" height=\"348\" srcset=\"https:\/\/wordpress.nibis.de\/gsahlem\/files\/2019\/06\/Bild-14.jpg 496w, https:\/\/wordpress.nibis.de\/gsahlem\/files\/2019\/06\/Bild-14-224x300.jpg 224w\" sizes=\"auto, (max-width: 260px) 100vw, 260px\" \/><figcaption id=\"caption-attachment-761\" class=\"wp-caption-text\">Die Tasche wird ge\u00f6ffnet, Lotte bekommt ihr Leckerli, die Sch\u00fcler bekommen einen Arbeitsauftrag.<\/figcaption><\/figure>\n<figure id=\"attachment_762\" aria-describedby=\"caption-attachment-762\" style=\"width: 400px\" class=\"wp-caption aligncenter\"><img loading=\"lazy\" decoding=\"async\" class=\"wp-image-762\" src=\"https:\/\/wordpress.nibis.de\/gsahlem\/files\/2019\/06\/Bild-15.jpg\" alt=\"\" width=\"400\" height=\"300\" srcset=\"https:\/\/wordpress.nibis.de\/gsahlem\/files\/2019\/06\/Bild-15.jpg 570w, https:\/\/wordpress.nibis.de\/gsahlem\/files\/2019\/06\/Bild-15-300x225.jpg 300w\" sizes=\"auto, (max-width: 400px) 100vw, 400px\" \/><figcaption id=\"caption-attachment-762\" class=\"wp-caption-text\">Toll gemacht Lotte. Lotte bekommt Streicheleinheiten.<\/figcaption><\/figure>\n<p>&nbsp;<\/p>\n<p>&nbsp;<\/p>\n<p><span style=\"color: #993300\"><strong>Soley im Klassenunterricht:<\/strong><\/span><\/p>\n<p>Begr\u00fc\u00dfung- und Abschiedsritual im Sitzkreis:<\/p>\n<figure id=\"attachment_1132\" aria-describedby=\"caption-attachment-1132\" style=\"width: 225px\" class=\"wp-caption alignleft\"><a href=\"https:\/\/wordpress.nibis.de\/gsahlem\/files\/2020\/08\/Bild-2-rotated.jpg\"><img loading=\"lazy\" decoding=\"async\" class=\"size-medium wp-image-1132\" src=\"https:\/\/wordpress.nibis.de\/gsahlem\/files\/2020\/08\/Bild-2-225x300.jpg\" alt=\"\" width=\"225\" height=\"300\" srcset=\"https:\/\/wordpress.nibis.de\/gsahlem\/files\/2020\/08\/Bild-2-225x300.jpg 225w, https:\/\/wordpress.nibis.de\/gsahlem\/files\/2020\/08\/Bild-2-rotated.jpg 240w\" sizes=\"auto, (max-width: 225px) 100vw, 225px\" \/><\/a><figcaption id=\"caption-attachment-1132\" class=\"wp-caption-text\">Soley geht zu einigen Kindern und zieht ein Tuch aus einer Papprolle.<\/figcaption><\/figure>\n<figure id=\"attachment_1133\" aria-describedby=\"caption-attachment-1133\" style=\"width: 225px\" class=\"wp-caption alignleft\"><a href=\"https:\/\/wordpress.nibis.de\/gsahlem\/files\/2020\/08\/Bild-3-rotated.jpg\"><img loading=\"lazy\" decoding=\"async\" class=\"size-medium wp-image-1133\" src=\"https:\/\/wordpress.nibis.de\/gsahlem\/files\/2020\/08\/Bild-3-225x300.jpg\" alt=\"\" width=\"225\" height=\"300\" srcset=\"https:\/\/wordpress.nibis.de\/gsahlem\/files\/2020\/08\/Bild-3-225x300.jpg 225w, https:\/\/wordpress.nibis.de\/gsahlem\/files\/2020\/08\/Bild-3-rotated.jpg 240w\" sizes=\"auto, (max-width: 225px) 100vw, 225px\" \/><\/a><figcaption id=\"caption-attachment-1133\" class=\"wp-caption-text\">Soley winkt zum Abschied.<\/figcaption><\/figure>\n<p>&nbsp;<\/p>\n<p>&nbsp;<\/p>\n<p>&nbsp;<\/p>\n<p>&nbsp;<\/p>\n<p>&nbsp;<\/p>\n<p>&nbsp;<\/p>\n<p>&nbsp;<\/p>\n<p>&nbsp;<\/p>\n<p>&nbsp;<\/p>\n<p>&nbsp;<\/p>\n<p>Verschiedene Aufgaben von Soley im Unterricht:<\/p>\n<figure id=\"attachment_1137\" aria-describedby=\"caption-attachment-1137\" style=\"width: 225px\" class=\"wp-caption alignleft\"><a href=\"https:\/\/wordpress.nibis.de\/gsahlem\/files\/2020\/08\/Bild-7-rotated.jpg\"><img loading=\"lazy\" decoding=\"async\" class=\"size-medium wp-image-1137\" src=\"https:\/\/wordpress.nibis.de\/gsahlem\/files\/2020\/08\/Bild-7-225x300.jpg\" alt=\"\" width=\"225\" height=\"300\" srcset=\"https:\/\/wordpress.nibis.de\/gsahlem\/files\/2020\/08\/Bild-7-225x300.jpg 225w, https:\/\/wordpress.nibis.de\/gsahlem\/files\/2020\/08\/Bild-7-rotated.jpg 240w\" sizes=\"auto, (max-width: 225px) 100vw, 225px\" \/><\/a><figcaption id=\"caption-attachment-1137\" class=\"wp-caption-text\">Mit weichem Draht versehene Auftragskarten kann Soley aufnehmen und bringen.<\/figcaption><\/figure>\n<figure id=\"attachment_1134\" aria-describedby=\"caption-attachment-1134\" style=\"width: 225px\" class=\"wp-caption alignleft\"><a href=\"https:\/\/wordpress.nibis.de\/gsahlem\/files\/2020\/08\/Bild-4-rotated.jpg\"><img loading=\"lazy\" decoding=\"async\" class=\"size-medium wp-image-1134\" src=\"https:\/\/wordpress.nibis.de\/gsahlem\/files\/2020\/08\/Bild-4-225x300.jpg\" alt=\"\" width=\"225\" height=\"300\" srcset=\"https:\/\/wordpress.nibis.de\/gsahlem\/files\/2020\/08\/Bild-4-225x300.jpg 225w, https:\/\/wordpress.nibis.de\/gsahlem\/files\/2020\/08\/Bild-4-rotated.jpg 240w\" sizes=\"auto, (max-width: 225px) 100vw, 225px\" \/><\/a><figcaption id=\"caption-attachment-1134\" class=\"wp-caption-text\">Soley zieht Arbeitsauftr\u00e4ge aus einem Korb.<\/figcaption><\/figure>\n<figure id=\"attachment_1135\" aria-describedby=\"caption-attachment-1135\" style=\"width: 225px\" class=\"wp-caption alignleft\"><a href=\"https:\/\/wordpress.nibis.de\/gsahlem\/files\/2020\/08\/Bild-5-rotated.jpg\"><img loading=\"lazy\" decoding=\"async\" class=\"size-medium wp-image-1135\" src=\"https:\/\/wordpress.nibis.de\/gsahlem\/files\/2020\/08\/Bild-5-225x300.jpg\" alt=\"\" width=\"225\" height=\"300\" srcset=\"https:\/\/wordpress.nibis.de\/gsahlem\/files\/2020\/08\/Bild-5-225x300.jpg 225w, https:\/\/wordpress.nibis.de\/gsahlem\/files\/2020\/08\/Bild-5-rotated.jpg 240w\" sizes=\"auto, (max-width: 225px) 100vw, 225px\" \/><\/a><figcaption id=\"caption-attachment-1135\" class=\"wp-caption-text\">Soley zieht Karten, z.B. zur Gruppeneinteilung.<\/figcaption><\/figure>\n<figure id=\"attachment_1136\" aria-describedby=\"caption-attachment-1136\" style=\"width: 225px\" class=\"wp-caption alignleft\"><a href=\"https:\/\/wordpress.nibis.de\/gsahlem\/files\/2020\/08\/Bild-6-rotated.jpg\"><img loading=\"lazy\" decoding=\"async\" class=\"size-medium wp-image-1136\" src=\"https:\/\/wordpress.nibis.de\/gsahlem\/files\/2020\/08\/Bild-6-225x300.jpg\" alt=\"\" width=\"225\" height=\"300\" srcset=\"https:\/\/wordpress.nibis.de\/gsahlem\/files\/2020\/08\/Bild-6-225x300.jpg 225w, https:\/\/wordpress.nibis.de\/gsahlem\/files\/2020\/08\/Bild-6-rotated.jpg 240w\" sizes=\"auto, (max-width: 225px) 100vw, 225px\" \/><\/a><figcaption id=\"caption-attachment-1136\" class=\"wp-caption-text\">Soley dreht das Gl\u00fccksrad.<\/figcaption><\/figure>\n<p>&nbsp;<\/p>\n<p>&nbsp;<\/p>\n<p>&nbsp;<\/p>\n<p>&nbsp;<\/p>\n<p>&nbsp;<\/p>\n<p>&nbsp;<\/p>\n<p>&nbsp;<\/p>\n<p>&nbsp;<\/p>\n<p>&nbsp;<\/p>\n<figure id=\"attachment_1141\" aria-describedby=\"caption-attachment-1141\" style=\"width: 225px\" class=\"wp-caption alignleft\"><a href=\"https:\/\/wordpress.nibis.de\/gsahlem\/files\/2020\/08\/Bild-11-rotated.jpg\"><img loading=\"lazy\" decoding=\"async\" class=\"size-medium wp-image-1141\" src=\"https:\/\/wordpress.nibis.de\/gsahlem\/files\/2020\/08\/Bild-11-225x300.jpg\" alt=\"\" width=\"225\" height=\"300\" srcset=\"https:\/\/wordpress.nibis.de\/gsahlem\/files\/2020\/08\/Bild-11-225x300.jpg 225w, https:\/\/wordpress.nibis.de\/gsahlem\/files\/2020\/08\/Bild-11-rotated.jpg 240w\" sizes=\"auto, (max-width: 225px) 100vw, 225px\" \/><\/a><figcaption id=\"caption-attachment-1141\" class=\"wp-caption-text\">Manchmal bringt Soley ihre eigene Schultasche mit zur Schule.<\/figcaption><\/figure>\n<figure id=\"attachment_1140\" aria-describedby=\"caption-attachment-1140\" style=\"width: 225px\" class=\"wp-caption alignleft\"><a href=\"https:\/\/wordpress.nibis.de\/gsahlem\/files\/2020\/08\/Bild-10-rotated.jpg\"><img loading=\"lazy\" decoding=\"async\" class=\"size-medium wp-image-1140\" src=\"https:\/\/wordpress.nibis.de\/gsahlem\/files\/2020\/08\/Bild-10-225x300.jpg\" alt=\"\" width=\"225\" height=\"300\" srcset=\"https:\/\/wordpress.nibis.de\/gsahlem\/files\/2020\/08\/Bild-10-225x300.jpg 225w, https:\/\/wordpress.nibis.de\/gsahlem\/files\/2020\/08\/Bild-10-rotated.jpg 240w\" sizes=\"auto, (max-width: 225px) 100vw, 225px\" \/><\/a><figcaption id=\"caption-attachment-1140\" class=\"wp-caption-text\">Auf ihrer Matte liegt Soley im Sitzkreis.<\/figcaption><\/figure>\n<figure id=\"attachment_1139\" aria-describedby=\"caption-attachment-1139\" style=\"width: 225px\" class=\"wp-caption alignleft\"><a href=\"https:\/\/wordpress.nibis.de\/gsahlem\/files\/2020\/08\/Bild-9-rotated.jpg\"><img loading=\"lazy\" decoding=\"async\" class=\"size-medium wp-image-1139\" src=\"https:\/\/wordpress.nibis.de\/gsahlem\/files\/2020\/08\/Bild-9-225x300.jpg\" alt=\"\" width=\"225\" height=\"300\" srcset=\"https:\/\/wordpress.nibis.de\/gsahlem\/files\/2020\/08\/Bild-9-225x300.jpg 225w, https:\/\/wordpress.nibis.de\/gsahlem\/files\/2020\/08\/Bild-9-rotated.jpg 240w\" sizes=\"auto, (max-width: 225px) 100vw, 225px\" \/><\/a><figcaption id=\"caption-attachment-1139\" class=\"wp-caption-text\">Soley w\u00fcrfelt, z.B. Rechenaufgaben.<\/figcaption><\/figure>\n","protected":false},"excerpt":{"rendered":"<p>Unser Schulhunde Wir hei\u00dfen Lotte und Soley. Und d\u00fcrfen an jeweils 2 Tagen in der Woche in die Schule. Dann kommen wir mit in die Klassen und nehmen am Unterricht teil. Wie sind n\u00e4mlich ausgebildete Schulh\u00fcndinnen. Als Labradoodle bzw. Portugiesischer Wasserhund sind wir vom Wesen &#8211;\u00a0 so sagt man &#8211; ruhig und ausgeglichen und zugleich [&hellip;]<\/p>\n","protected":false},"author":9192592,"featured_media":0,"parent":87,"menu_order":0,"comment_status":"closed","ping_status":"closed","template":"","meta":{"footnotes":""},"class_list":["post-522","page","type-page","status-publish","hentry"],"_links":{"self":[{"href":"https:\/\/wordpress.nibis.de\/gsahlem\/wp-json\/wp\/v2\/pages\/522","targetHints":{"allow":["GET"]}}],"collection":[{"href":"https:\/\/wordpress.nibis.de\/gsahlem\/wp-json\/wp\/v2\/pages"}],"about":[{"href":"https:\/\/wordpress.nibis.de\/gsahlem\/wp-json\/wp\/v2\/types\/page"}],"author":[{"embeddable":true,"href":"https:\/\/wordpress.nibis.de\/gsahlem\/wp-json\/wp\/v2\/users\/9192592"}],"replies":[{"embeddable":true,"href":"https:\/\/wordpress.nibis.de\/gsahlem\/wp-json\/wp\/v2\/comments?post=522"}],"version-history":[{"count":25,"href":"https:\/\/wordpress.nibis.de\/gsahlem\/wp-json\/wp\/v2\/pages\/522\/revisions"}],"predecessor-version":[{"id":1131,"href":"https:\/\/wordpress.nibis.de\/gsahlem\/wp-json\/wp\/v2\/pages\/522\/revisions\/1131"}],"up":[{"embeddable":true,"href":"https:\/\/wordpress.nibis.de\/gsahlem\/wp-json\/wp\/v2\/pages\/87"}],"wp:attachment":[{"href":"https:\/\/wordpress.nibis.de\/gsahlem\/wp-json\/wp\/v2\/media?parent=522"}],"curies":[{"name":"wp","href":"https:\/\/api.w.org\/{rel}","templated":true}]}}