{"id":743,"date":"2019-06-04T17:12:20","date_gmt":"2019-06-04T15:12:20","guid":{"rendered":"https:\/\/wordpress.nibis.de\/gsahlem\/?page_id=743"},"modified":"2019-11-24T11:31:44","modified_gmt":"2019-11-24T10:31:44","slug":"buecherreise","status":"publish","type":"page","link":"https:\/\/wordpress.nibis.de\/gsahlem\/schulleben-2\/buecherreise\/","title":{"rendered":"B\u00fccherreise"},"content":{"rendered":"<p><span style=\"color: #003366\"><strong>&#8222;B\u00fccherreise durch die S<\/strong><\/span><span style=\"color: #003366\"><strong>chule\u201c<\/strong><\/span><\/p>\n<p style=\"text-align: justify\"><span style=\"color: #000000;font-family: arial,helvetica,sans-serif\">Das Projekt \u201eB\u00fccherreise durch die Schule\u201c begleitet die Kinder auf eine Reise durch die Schule, auf welcher sich die Klassenr\u00e4ume f\u00fcr zwei Schulstunden in Vorleser\u00e4ume verwandeln. In jedem Vorleseraum wird dabei ein Buch in gem\u00fctlicher Atmosph\u00e4re vorgelesen. W\u00e4hrend des Vorlesens oder nach dem Vorlesen setzen sich die Kinder dann kreativ und gestalterisch mit dem Buchinhalt auseinander. Wo die B\u00fccherreise der Kinder hinf\u00fchrt, entscheiden die Kinder selbst, indem sie ein paar Tage vor dem Projekt die Buchcover betrachten und ihren Favoriten ausw\u00e4hlen k\u00f6nnen. <\/span><\/p>\n<p style=\"text-align: justify\"><span style=\"color: #000000;font-family: arial,helvetica,sans-serif\">An der B\u00fccherreise sind alle Kinder und Lehrpersonen beteiligt. Das Ziel dabei ist es, die Neugierde der Kinder auf B\u00fccher zu wecken und die Lesemotivation zu f\u00f6rdern. Das Projekt wird seit November 2018 an der Grundschule Ahlem in regelm\u00e4\u00dfigen Abst\u00e4nden durchgef\u00fchrt und bereitet allen Beteiligten jedes Mal erneut viel Freude.<\/span><\/p>\n<p><img loading=\"lazy\" decoding=\"async\" class=\"aligncenter wp-image-878 size-large\" src=\"https:\/\/wordpress.nibis.de\/gsahlem\/files\/2019\/11\/E-Klasse-1024x768.jpg\" alt=\"\" width=\"600\" height=\"450\" srcset=\"https:\/\/wordpress.nibis.de\/gsahlem\/files\/2019\/11\/E-Klasse.jpg 1024w, https:\/\/wordpress.nibis.de\/gsahlem\/files\/2019\/11\/E-Klasse-300x225.jpg 300w, https:\/\/wordpress.nibis.de\/gsahlem\/files\/2019\/11\/E-Klasse-768x576.jpg 768w\" sizes=\"auto, (max-width: 600px) 100vw, 600px\" \/><\/p>\n<p><img loading=\"lazy\" decoding=\"async\" class=\"aligncenter wp-image-879 size-large\" src=\"https:\/\/wordpress.nibis.de\/gsahlem\/files\/2019\/11\/3und4-Klasse-1024x768.jpg\" alt=\"\" width=\"600\" height=\"450\" srcset=\"https:\/\/wordpress.nibis.de\/gsahlem\/files\/2019\/11\/3und4-Klasse.jpg 1024w, https:\/\/wordpress.nibis.de\/gsahlem\/files\/2019\/11\/3und4-Klasse-300x225.jpg 300w, https:\/\/wordpress.nibis.de\/gsahlem\/files\/2019\/11\/3und4-Klasse-768x576.jpg 768w\" sizes=\"auto, (max-width: 600px) 100vw, 600px\" \/><\/p>\n<p>&nbsp;<\/p>\n","protected":false},"excerpt":{"rendered":"<p>&#8222;B\u00fccherreise durch die Schule\u201c Das Projekt \u201eB\u00fccherreise durch die Schule\u201c begleitet die Kinder auf eine Reise durch die Schule, auf welcher sich die Klassenr\u00e4ume f\u00fcr zwei Schulstunden in Vorleser\u00e4ume verwandeln. In jedem Vorleseraum wird dabei ein Buch in gem\u00fctlicher Atmosph\u00e4re vorgelesen. W\u00e4hrend des Vorlesens oder nach dem Vorlesen setzen sich die Kinder dann kreativ und [&hellip;]<\/p>\n","protected":false},"author":9192592,"featured_media":0,"parent":87,"menu_order":0,"comment_status":"closed","ping_status":"closed","template":"","meta":{"footnotes":""},"class_list":["post-743","page","type-page","status-publish","hentry"],"_links":{"self":[{"href":"https:\/\/wordpress.nibis.de\/gsahlem\/wp-json\/wp\/v2\/pages\/743","targetHints":{"allow":["GET"]}}],"collection":[{"href":"https:\/\/wordpress.nibis.de\/gsahlem\/wp-json\/wp\/v2\/pages"}],"about":[{"href":"https:\/\/wordpress.nibis.de\/gsahlem\/wp-json\/wp\/v2\/types\/page"}],"author":[{"embeddable":true,"href":"https:\/\/wordpress.nibis.de\/gsahlem\/wp-json\/wp\/v2\/users\/9192592"}],"replies":[{"embeddable":true,"href":"https:\/\/wordpress.nibis.de\/gsahlem\/wp-json\/wp\/v2\/comments?post=743"}],"version-history":[{"count":5,"href":"https:\/\/wordpress.nibis.de\/gsahlem\/wp-json\/wp\/v2\/pages\/743\/revisions"}],"predecessor-version":[{"id":881,"href":"https:\/\/wordpress.nibis.de\/gsahlem\/wp-json\/wp\/v2\/pages\/743\/revisions\/881"}],"up":[{"embeddable":true,"href":"https:\/\/wordpress.nibis.de\/gsahlem\/wp-json\/wp\/v2\/pages\/87"}],"wp:attachment":[{"href":"https:\/\/wordpress.nibis.de\/gsahlem\/wp-json\/wp\/v2\/media?parent=743"}],"curies":[{"name":"wp","href":"https:\/\/api.w.org\/{rel}","templated":true}]}}