{"id":784,"date":"2019-06-13T19:06:44","date_gmt":"2019-06-13T17:06:44","guid":{"rendered":"https:\/\/wordpress.nibis.de\/gsahlem\/?page_id=784"},"modified":"2019-06-13T19:09:21","modified_gmt":"2019-06-13T17:09:21","slug":"streitschlichter","status":"publish","type":"page","link":"https:\/\/wordpress.nibis.de\/gsahlem\/streitschlichter\/","title":{"rendered":"Streitschlichter"},"content":{"rendered":"<p><span style=\"color: #000080\">Wir bilden Streitschlichter*innen aus!<\/span><\/p>\n<p style=\"text-align: justify\">An der Grundschule Ahlem sorgen t\u00e4glich Streitschlichter*innen f\u00fcr ein besseres Miteinander. Streitschlichten oder Mediation bedeutet, dass durch einen unparteiischen Dritten eine Vermittlung zwischen zwei Streitenden stattfindet. In den Pausen k\u00f6nnen Gleichaltrige also beim Finden von L\u00f6sungen in Konfliktsituationen helfen, ohne dabei zu urteilen. Hierzu werden jedes Jahr freiwillige Sch\u00fcler*innen aus den dritten Klassen zu Streitschlichter*innen ausgebildet. Die Ausbildung dauert ein Schulhalbjahr und besteht aus einem Intensivkurs, einem w\u00f6chentlich stattfindenden Streitschlichtertraining und dem Hospitieren bei erfahrenden Streitschlichter*innen.<\/p>\n<p style=\"text-align: justify\">Jeder der ausgebildeten Streitschlichter*innen hat 2-mal pro Woche \u201eDienst\u201c. Dies bedeutet, dass sie in den Pausen Ansprechpartner*innen f\u00fcr die Sch\u00fcler*innen sind und ihnen helfen Streit nachhaltig zu l\u00f6sen. Die Streitschlichter*innen sind immer in zweier oder dreier Teams vertreten. Sie sind mit gelben Westen bekleidet, um gut sichtbar f\u00fcr alle Kinder zu sein.<\/p>\n","protected":false},"excerpt":{"rendered":"<p>Wir bilden Streitschlichter*innen aus! An der Grundschule Ahlem sorgen t\u00e4glich Streitschlichter*innen f\u00fcr ein besseres Miteinander. Streitschlichten oder Mediation bedeutet, dass durch einen unparteiischen Dritten eine Vermittlung zwischen zwei Streitenden stattfindet. In den Pausen k\u00f6nnen Gleichaltrige also beim Finden von L\u00f6sungen in Konfliktsituationen helfen, ohne dabei zu urteilen. Hierzu werden jedes Jahr freiwillige Sch\u00fcler*innen aus den [&hellip;]<\/p>\n","protected":false},"author":9192592,"featured_media":0,"parent":0,"menu_order":0,"comment_status":"closed","ping_status":"closed","template":"","meta":{"footnotes":""},"class_list":["post-784","page","type-page","status-publish","hentry"],"_links":{"self":[{"href":"https:\/\/wordpress.nibis.de\/gsahlem\/wp-json\/wp\/v2\/pages\/784","targetHints":{"allow":["GET"]}}],"collection":[{"href":"https:\/\/wordpress.nibis.de\/gsahlem\/wp-json\/wp\/v2\/pages"}],"about":[{"href":"https:\/\/wordpress.nibis.de\/gsahlem\/wp-json\/wp\/v2\/types\/page"}],"author":[{"embeddable":true,"href":"https:\/\/wordpress.nibis.de\/gsahlem\/wp-json\/wp\/v2\/users\/9192592"}],"replies":[{"embeddable":true,"href":"https:\/\/wordpress.nibis.de\/gsahlem\/wp-json\/wp\/v2\/comments?post=784"}],"version-history":[{"count":4,"href":"https:\/\/wordpress.nibis.de\/gsahlem\/wp-json\/wp\/v2\/pages\/784\/revisions"}],"predecessor-version":[{"id":786,"href":"https:\/\/wordpress.nibis.de\/gsahlem\/wp-json\/wp\/v2\/pages\/784\/revisions\/786"}],"wp:attachment":[{"href":"https:\/\/wordpress.nibis.de\/gsahlem\/wp-json\/wp\/v2\/media?parent=784"}],"curies":[{"name":"wp","href":"https:\/\/api.w.org\/{rel}","templated":true}]}}