{"id":87,"date":"2018-07-28T13:22:06","date_gmt":"2018-07-28T11:22:06","guid":{"rendered":"http:\/\/wordpress.nibis.de\/gsahlem\/?page_id=87"},"modified":"2023-08-29T15:21:12","modified_gmt":"2023-08-29T13:21:12","slug":"schulleben-2","status":"publish","type":"page","link":"https:\/\/wordpress.nibis.de\/gsahlem\/schulleben-2\/","title":{"rendered":"Schulleben"},"content":{"rendered":"<p style=\"text-align: justify\">Schulleben, das ist Alltag mit Mathe, Deutsch, Noten und Zeugnisse &#8211; aber nicht nur. Schulleben, das hei\u00dft auch Ausfl\u00fcge unternehmen, sich sozial engagieren oder kulturell und sportlich aktiv sein.<\/p>\n<p style=\"text-align: center\">Gemeinsam lernen &#8211; gemeinsam aufwachsen.<\/p>\n<p style=\"text-align: justify\">Hier erhalten Sie einen Einblick in den Alltag an der Grundschule Ahlem mit Projekten und regelm\u00e4\u00dfigen Veranstaltungen.<\/p>\n<ul>\n<li><a href=\"https:\/\/wordpress.nibis.de\/gsahlem\/bildung-fuer-nachhaltige-entwicklung\/\" target=\"_blank\" rel=\"noopener noreferrer\"><img loading=\"lazy\" decoding=\"async\" class=\"alignnone wp-image-300\" src=\"http:\/\/wordpress.nibis.de\/gsahlem\/files\/2018\/09\/Link.png\" alt=\"\" width=\"50\" height=\"52\" \/><\/a><a href=\"https:\/\/wordpress.nibis.de\/gsahlem\/bildung-fuer-nachhaltige-entwicklung\/\" target=\"_blank\" rel=\"noopener noreferrer\">Bildung f\u00fcr Nachhaltige Entwicklung<\/a><\/li>\n<li><a href=\"https:\/\/wordpress.nibis.de\/gsahlem\/schulleben-2\/buecherbus\/\" target=\"_blank\" rel=\"noopener noreferrer\"><img loading=\"lazy\" decoding=\"async\" class=\"alignnone wp-image-300\" src=\"http:\/\/wordpress.nibis.de\/gsahlem\/files\/2018\/09\/Link.png\" alt=\"\" width=\"50\" height=\"52\" \/><\/a><a href=\"https:\/\/wordpress.nibis.de\/gsahlem\/schulleben-2\/buecherbus\/\" target=\"_blank\" rel=\"noopener noreferrer\">B\u00fccherbus<\/a><\/li>\n<li><a href=\"https:\/\/wordpress.nibis.de\/gsahlem\/schulleben-2\/buecherreise\/\" target=\"_blank\" rel=\"noopener noreferrer\"><img loading=\"lazy\" decoding=\"async\" class=\"alignnone wp-image-300\" src=\"http:\/\/wordpress.nibis.de\/gsahlem\/files\/2018\/09\/Link.png\" alt=\"\" width=\"50\" height=\"52\" \/><\/a><a href=\"https:\/\/wordpress.nibis.de\/gsahlem\/schulleben-2\/buecherreise\/\" target=\"_blank\" rel=\"noopener noreferrer\">B\u00fccherreise<\/a><\/li>\n<li><a href=\"https:\/\/wordpress.nibis.de\/gsahlem\/pausenteufel\/\" target=\"_blank\" rel=\"noopener noreferrer\"><img loading=\"lazy\" decoding=\"async\" class=\"alignnone wp-image-300\" src=\"http:\/\/wordpress.nibis.de\/gsahlem\/files\/2018\/09\/Link.png\" alt=\"\" width=\"50\" height=\"52\" \/><\/a><a href=\"https:\/\/wordpress.nibis.de\/gsahlem\/pausenteufel\/\" target=\"_blank\" rel=\"noopener noreferrer\">Pausenteufel<\/a><\/li>\n<li><a href=\"https:\/\/wordpress.nibis.de\/gsahlem\/projekte\/rucksack\/\" target=\"_blank\" rel=\"noopener noreferrer\"><img loading=\"lazy\" decoding=\"async\" class=\"alignnone wp-image-300\" src=\"http:\/\/wordpress.nibis.de\/gsahlem\/files\/2018\/09\/Link.png\" alt=\"\" width=\"50\" height=\"52\" \/><\/a><a href=\"https:\/\/wordpress.nibis.de\/gsahlem\/projekte\/rucksack\/\" target=\"_blank\" rel=\"noopener noreferrer\">Rucksack<\/a><\/li>\n<li><a href=\"https:\/\/wordpress.nibis.de\/gsahlem\/schulleben-2\/schulhund\/\" target=\"_blank\" rel=\"noopener noreferrer\"><img loading=\"lazy\" decoding=\"async\" class=\"alignnone wp-image-300\" src=\"http:\/\/wordpress.nibis.de\/gsahlem\/files\/2018\/09\/Link.png\" alt=\"\" width=\"50\" height=\"52\" \/><\/a><a href=\"https:\/\/wordpress.nibis.de\/gsahlem\/schulleben-2\/schulhund\/\" target=\"_blank\" rel=\"noopener noreferrer\">Schulhunde<\/a><\/li>\n<li><a href=\"https:\/\/wordpress.nibis.de\/gsahlem\/schulleben-2\/schulkiosk\/\" target=\"_blank\" rel=\"noopener noreferrer\"><img loading=\"lazy\" decoding=\"async\" class=\"alignnone wp-image-300\" src=\"http:\/\/wordpress.nibis.de\/gsahlem\/files\/2018\/09\/Link.png\" alt=\"\" width=\"50\" height=\"52\" \/><\/a><a href=\"https:\/\/wordpress.nibis.de\/gsahlem\/schulleben-2\/schulkiosk\/\" target=\"_blank\" rel=\"noopener noreferrer\">Schulkiosk<\/a><\/li>\n<li><a href=\"https:\/\/wordpress.nibis.de\/gsahlem\/streitschlichter\/\" target=\"_blank\" rel=\"noopener noreferrer\"><img loading=\"lazy\" decoding=\"async\" class=\"alignnone wp-image-300\" src=\"http:\/\/wordpress.nibis.de\/gsahlem\/files\/2018\/09\/Link.png\" alt=\"\" width=\"50\" height=\"52\" \/><\/a><a href=\"https:\/\/wordpress.nibis.de\/gsahlem\/streitschlichter\/\" target=\"_blank\" rel=\"noopener noreferrer\">Streitschlichter<\/a><\/li>\n<\/ul>\n","protected":false},"excerpt":{"rendered":"<p>Schulleben, das ist Alltag mit Mathe, Deutsch, Noten und Zeugnisse &#8211; aber nicht nur. Schulleben, das hei\u00dft auch Ausfl\u00fcge unternehmen, sich sozial engagieren oder kulturell und sportlich aktiv sein. Gemeinsam lernen &#8211; gemeinsam aufwachsen. Hier erhalten Sie einen Einblick in den Alltag an der Grundschule Ahlem mit Projekten und regelm\u00e4\u00dfigen Veranstaltungen. Bildung f\u00fcr Nachhaltige Entwicklung [&hellip;]<\/p>\n","protected":false},"author":9192592,"featured_media":0,"parent":0,"menu_order":0,"comment_status":"closed","ping_status":"closed","template":"","meta":{"footnotes":""},"class_list":["post-87","page","type-page","status-publish","hentry"],"_links":{"self":[{"href":"https:\/\/wordpress.nibis.de\/gsahlem\/wp-json\/wp\/v2\/pages\/87","targetHints":{"allow":["GET"]}}],"collection":[{"href":"https:\/\/wordpress.nibis.de\/gsahlem\/wp-json\/wp\/v2\/pages"}],"about":[{"href":"https:\/\/wordpress.nibis.de\/gsahlem\/wp-json\/wp\/v2\/types\/page"}],"author":[{"embeddable":true,"href":"https:\/\/wordpress.nibis.de\/gsahlem\/wp-json\/wp\/v2\/users\/9192592"}],"replies":[{"embeddable":true,"href":"https:\/\/wordpress.nibis.de\/gsahlem\/wp-json\/wp\/v2\/comments?post=87"}],"version-history":[{"count":10,"href":"https:\/\/wordpress.nibis.de\/gsahlem\/wp-json\/wp\/v2\/pages\/87\/revisions"}],"predecessor-version":[{"id":2566,"href":"https:\/\/wordpress.nibis.de\/gsahlem\/wp-json\/wp\/v2\/pages\/87\/revisions\/2566"}],"wp:attachment":[{"href":"https:\/\/wordpress.nibis.de\/gsahlem\/wp-json\/wp\/v2\/media?parent=87"}],"curies":[{"name":"wp","href":"https:\/\/api.w.org\/{rel}","templated":true}]}}