{"id":88,"date":"2018-07-28T13:22:06","date_gmt":"2018-07-28T11:22:06","guid":{"rendered":"http:\/\/wordpress.nibis.de\/gsahlem\/?page_id=88"},"modified":"2024-05-16T23:03:02","modified_gmt":"2024-05-16T21:03:02","slug":"elterninformationen","status":"publish","type":"page","link":"https:\/\/wordpress.nibis.de\/gsahlem\/elterninformationen\/","title":{"rendered":"Elterninformationen"},"content":{"rendered":"<p>Liebe Eltern,<\/p>\n<p style=\"text-align: justify\">auf dieser Seite haben Wir f\u00fcr Sie und Ihre Kinder einige\u00a0 wichtige Informationen f\u00fcr zusammengestellt. Sollten Sie Fragen oder Anregungen zu der Informationssammlung haben, k\u00f6nnen Sie uns gern am n\u00e4chsten Elternabend ansprechen.<\/p>\n<p>&nbsp;<\/p>\n<ul>\n<li><a href=\"http:\/\/wordpress.nibis.de\/gsahlem\/ferienuebersicht\/\" target=\"_blank\" rel=\"noopener noreferrer\"><img loading=\"lazy\" decoding=\"async\" class=\"alignnone wp-image-300\" src=\"http:\/\/wordpress.nibis.de\/gsahlem\/files\/2018\/09\/Link.png\" alt=\"\" width=\"50\" height=\"52\" \/>Ausgabe der Zeugnisse<\/a><\/li>\n<li><a href=\"https:\/\/wordpress.nibis.de\/gsahlem\/elterninformationen\/kenntnisnahmen\/\" target=\"_blank\" rel=\"noopener noreferrer\"><img loading=\"lazy\" decoding=\"async\" class=\"alignnone wp-image-300\" src=\"http:\/\/wordpress.nibis.de\/gsahlem\/files\/2018\/09\/Link.png\" alt=\"\" width=\"50\" height=\"52\" \/><\/a><a href=\"http:\/\/wordpress.nibis.de\/gsahlem\/elterninformationen\/kenntnisnahmen\/\" target=\"_blank\" rel=\"noopener noreferrer\">Kenntnisnahmen \/ Links<\/a><\/li>\n<\/ul>\n","protected":false},"excerpt":{"rendered":"<p>Liebe Eltern, auf dieser Seite haben Wir f\u00fcr Sie und Ihre Kinder einige\u00a0 wichtige Informationen f\u00fcr zusammengestellt. Sollten Sie Fragen oder Anregungen zu der Informationssammlung haben, k\u00f6nnen Sie uns gern am n\u00e4chsten Elternabend ansprechen. &nbsp; Ausgabe der Zeugnisse Kenntnisnahmen \/ Links<\/p>\n","protected":false},"author":9192592,"featured_media":0,"parent":0,"menu_order":0,"comment_status":"closed","ping_status":"closed","template":"","meta":{"footnotes":""},"class_list":["post-88","page","type-page","status-publish","hentry"],"_links":{"self":[{"href":"https:\/\/wordpress.nibis.de\/gsahlem\/wp-json\/wp\/v2\/pages\/88","targetHints":{"allow":["GET"]}}],"collection":[{"href":"https:\/\/wordpress.nibis.de\/gsahlem\/wp-json\/wp\/v2\/pages"}],"about":[{"href":"https:\/\/wordpress.nibis.de\/gsahlem\/wp-json\/wp\/v2\/types\/page"}],"author":[{"embeddable":true,"href":"https:\/\/wordpress.nibis.de\/gsahlem\/wp-json\/wp\/v2\/users\/9192592"}],"replies":[{"embeddable":true,"href":"https:\/\/wordpress.nibis.de\/gsahlem\/wp-json\/wp\/v2\/comments?post=88"}],"version-history":[{"count":15,"href":"https:\/\/wordpress.nibis.de\/gsahlem\/wp-json\/wp\/v2\/pages\/88\/revisions"}],"predecessor-version":[{"id":2737,"href":"https:\/\/wordpress.nibis.de\/gsahlem\/wp-json\/wp\/v2\/pages\/88\/revisions\/2737"}],"wp:attachment":[{"href":"https:\/\/wordpress.nibis.de\/gsahlem\/wp-json\/wp\/v2\/media?parent=88"}],"curies":[{"name":"wp","href":"https:\/\/api.w.org\/{rel}","templated":true}]}}