{"id":90,"date":"2018-07-28T13:22:06","date_gmt":"2018-07-28T11:22:06","guid":{"rendered":"http:\/\/wordpress.nibis.de\/gsahlem\/?page_id=90"},"modified":"2025-03-22T20:00:30","modified_gmt":"2025-03-22T19:00:30","slug":"schulprofil","status":"publish","type":"page","link":"https:\/\/wordpress.nibis.de\/gsahlem\/schulprofil\/","title":{"rendered":"Schulprofil"},"content":{"rendered":"\r\n\r\n\r\n<p><span style=\"font-family: arial, helvetica, sans-serif;color: #993300\"><strong>Standort<\/strong><\/span><\/p>\r\n\r\n\r\n\r\n<p style=\"text-align: justify\"><span style=\"font-family: arial, helvetica, sans-serif\">Ahlem ist ein Stadtteil im Westen von Hannover. Es liegt am Stadtrand von Hannover, eingebettet zwischen Leine, Limmer, Davenstedt und der Gemeindegrenze zu Seelze. Die ehemals selbst\u00e4ndige Gemeinde Ahlem, 1974 eingemeindet, hat heute ca. 11.040 Einwohner.<\/span><\/p>\r\n\r\n\r\n\r\n<p style=\"text-align: justify\"><span style=\"font-family: arial, helvetica, sans-serif\">Unsere Grundschule, die im Herzen von Ahlem, zwischen der Hauptstra\u00dfe Richard-Lattorf-Stra\u00dfe und einem gro\u00dfen Park liegt, wird von Kindern aus Ahlem und den Seelze-Ortsteilen Velber und Letter-S\u00fcd besucht.<\/span><\/p>\r\n\r\n\r\n\r\n<p><span style=\"font-family: arial, helvetica, sans-serif;color: #993300\"><strong>R\u00e4umlichkeiten<\/strong><\/span><\/p>\r\n\r\n\r\n\r\n<p style=\"text-align: justify\"><span style=\"font-family: arial, helvetica, sans-serif\">Das Schulgeb\u00e4ude zieht sich vom Erdgeschoss bis zum 2. Stock \u00fcber drei Geschosse. Hier befinden sich 16 Klassenr\u00e4ume, die Verwaltung, Lehrer\/innenzimmer, Konferenzraum sowie zwei kleine F\u00f6rderr\u00e4ume.<\/span><\/p>\r\n\r\n\r\n\r\n<p style=\"text-align: justify\"><span style=\"font-family: arial, helvetica, sans-serif\">Im Souterrain befinden sich dar\u00fcber hinaus zwei Gruppenr\u00e4ume des Nachmittagsbereichs, sowie eine schuleigene B\u00fccherei, eine Schulk\u00fcche, ein Werkraum sowie das B\u00fcro unserer Schulsozialarbeiterin Frau Kunze.<\/span><\/p>\r\n<p>Desweiteren stehen seit einigen Jahren mobile Einheiten vor dem Schulgeb\u00e4ude, in denen zwei weitere Gruppenr\u00e4ume des Nachmittagsbereichs Platz finden.<\/p>\r\n\r\n\r\n\r\n<p style=\"text-align: justify\"><span style=\"font-family: arial, helvetica, sans-serif\">Direkt an das Schulgeb\u00e4ude angeschlossen befinden sich eine gro\u00dfe Mehrfelder-Sporthalle mit einer Trib\u00fcne und ein Mehrzweckraum, unsere sogenannte \u201ePausenhalle\u201c, in dem Sportunterricht und Musikunterricht stattfindet, aber auch Theaterauftritte und Auff\u00fchrungen. Auch hier gibt es eine kleine K\u00fcche, aus der der F\u00f6rderverein in der \u201egesunden Pause\u201c w\u00f6chentlich gesunde Snacks als <a href=\"https:\/\/wordpress.nibis.de\/gsahlem\/schulkiosk\/\" target=\"_blank\" rel=\"noopener noreferrer\">Schulkiosk<\/a> anbietet.<\/span><\/p>\r\n\r\n\r\n\r\n<p style=\"text-align: justify\"><span style=\"font-family: arial, helvetica, sans-serif\">Hinter der Schule, direkt an einem kleinen Park, befindet sich der naturnahe Pausenhof mit Kletterm\u00f6glichkeiten und Spielger\u00e4ten sowie ein gr\u00fcnes Klassenzimmer, in dem Unterricht aber auch kleine Auftritte erfolgen k\u00f6nnen. In einem abgetrennten Bereich befindet sich zudem ein Schulgarten.<\/span><\/p>\r\n\r\n\r\n\r\n<div class=\"wp-block-image\">\r\n<figure class=\"alignleft is-resized\"><img loading=\"lazy\" decoding=\"async\" class=\"wp-image-450\" src=\"http:\/\/wordpress.nibis.de\/gsahlem\/files\/2019\/02\/Front-2-300x200.jpg\" alt=\"\" width=\"300\" height=\"200\" srcset=\"https:\/\/wordpress.nibis.de\/gsahlem\/files\/2019\/02\/Front-2-300x200.jpg 300w, https:\/\/wordpress.nibis.de\/gsahlem\/files\/2019\/02\/Front-2-768x512.jpg 768w, https:\/\/wordpress.nibis.de\/gsahlem\/files\/2019\/02\/Front-2.jpg 1024w, https:\/\/wordpress.nibis.de\/gsahlem\/files\/2019\/02\/Front-2-75x50.jpg 75w\" sizes=\"auto, (max-width: 300px) 100vw, 300px\" \/>\r\n<figcaption>(c) <a href=\"https:\/\/www.gruen-plan.de\/\" target=\"_blank\" rel=\"noreferrer noopener\"><em>Gr\u00fcnPlan Landschaftsarchitekten BDLA<\/em><\/a><\/figcaption>\r\n<\/figure>\r\n<\/div>\r\n\r\n\r\n\r\n<div class=\"wp-block-image\">\r\n<figure class=\"aligncenter\"><img loading=\"lazy\" decoding=\"async\" width=\"300\" height=\"200\" class=\"wp-image-453\" src=\"http:\/\/wordpress.nibis.de\/gsahlem\/files\/2019\/02\/Schulhof-vorne-300x200.jpg\" alt=\"\" srcset=\"https:\/\/wordpress.nibis.de\/gsahlem\/files\/2019\/02\/Schulhof-vorne-300x200.jpg 300w, https:\/\/wordpress.nibis.de\/gsahlem\/files\/2019\/02\/Schulhof-vorne-768x512.jpg 768w, https:\/\/wordpress.nibis.de\/gsahlem\/files\/2019\/02\/Schulhof-vorne.jpg 1024w, https:\/\/wordpress.nibis.de\/gsahlem\/files\/2019\/02\/Schulhof-vorne-75x50.jpg 75w\" sizes=\"auto, (max-width: 300px) 100vw, 300px\" \/>\r\n<figcaption>(c) <a href=\"https:\/\/www.gruen-plan.de\/\" target=\"_blank\" rel=\"noreferrer noopener\"><em>Gr\u00fcnPlan Landschaftsarchitekten BDLA<\/em><\/a><\/figcaption>\r\n<\/figure>\r\n<\/div>\r\n\r\n\r\n\r\n<div class=\"wp-block-image\">\r\n<figure class=\"alignleft\"><img loading=\"lazy\" decoding=\"async\" width=\"300\" height=\"200\" class=\"wp-image-451\" src=\"http:\/\/wordpress.nibis.de\/gsahlem\/files\/2019\/02\/Schulhof-hinten-300x200.jpg\" alt=\"\" srcset=\"https:\/\/wordpress.nibis.de\/gsahlem\/files\/2019\/02\/Schulhof-hinten-300x200.jpg 300w, https:\/\/wordpress.nibis.de\/gsahlem\/files\/2019\/02\/Schulhof-hinten-768x512.jpg 768w, https:\/\/wordpress.nibis.de\/gsahlem\/files\/2019\/02\/Schulhof-hinten.jpg 1024w, https:\/\/wordpress.nibis.de\/gsahlem\/files\/2019\/02\/Schulhof-hinten-75x50.jpg 75w\" sizes=\"auto, (max-width: 300px) 100vw, 300px\" \/>\r\n<figcaption>(c) <a href=\"https:\/\/www.gruen-plan.de\/\" target=\"_blank\" rel=\"noreferrer noopener\"><em>Gr\u00fcnPlan Landschaftsarchitekten BDLA<\/em><\/a><\/figcaption>\r\n<\/figure>\r\n<\/div>\r\n\r\n\r\n\r\n<div class=\"wp-block-image\">\r\n<figure class=\"aligncenter\"><img loading=\"lazy\" decoding=\"async\" width=\"300\" height=\"200\" class=\"wp-image-452\" src=\"http:\/\/wordpress.nibis.de\/gsahlem\/files\/2019\/02\/Schulhof-hinterer-Garten-300x200.jpg\" alt=\"\" srcset=\"https:\/\/wordpress.nibis.de\/gsahlem\/files\/2019\/02\/Schulhof-hinterer-Garten-300x200.jpg 300w, https:\/\/wordpress.nibis.de\/gsahlem\/files\/2019\/02\/Schulhof-hinterer-Garten-768x512.jpg 768w, https:\/\/wordpress.nibis.de\/gsahlem\/files\/2019\/02\/Schulhof-hinterer-Garten.jpg 1024w, https:\/\/wordpress.nibis.de\/gsahlem\/files\/2019\/02\/Schulhof-hinterer-Garten-75x50.jpg 75w\" sizes=\"auto, (max-width: 300px) 100vw, 300px\" \/>\r\n<figcaption>(c) <a href=\"https:\/\/www.gruen-plan.de\/\" target=\"_blank\" rel=\"noreferrer noopener\"><em>Gr\u00fcnPlan Landschaftsarchitekten BDLA<\/em><\/a><\/figcaption>\r\n<\/figure>\r\n<\/div>\r\n\r\n\r\n\r\n<p style=\"text-align: justify\"><span style=\"font-family: arial, helvetica, sans-serif\">Der Schwimmunterricht wird im 4. Schuljahr im Hallenbad \u201e<a href=\"https:\/\/www.hannover.de\/Kultur-Freizeit\/Freizeit-Sport\/Sport\/B%C3%A4derf%C3%BChrer\/Hallenb%C3%A4der\/St%C3%B6ckener-Bad\" target=\"_blank\" rel=\"noopener noreferrer\">St\u00f6ckener Bad\u201c<\/a> durchgef\u00fchrt, zu dem wir mit der Buslinie 581 fahren. Die Buslinie f\u00fchrt direkt vor der Grundschule vorbei und die Schulklassen sind in ca.15 min an der Endhaltestelle St\u00f6cken \/ St\u00f6ckener Bad.<\/span><\/p>\r\n\r\n\r\n\r\n\r\n\r\n\r\n\r\n\r\n\r\n<p><span style=\"font-family: arial, helvetica, sans-serif;color: #993300\"><strong>Sch\u00fclerschaft<\/strong><\/span><\/p>\r\n\r\n\r\n\r\n<p style=\"text-align: justify\"><span style=\"font-family: arial, helvetica, sans-serif\">Unsere Grundschule Ahlem besuchen aktuell ca. 330 Sch\u00fclerinnen und Sch\u00fcler in 16 Klassen.<\/span><\/p>\r\n","protected":false},"excerpt":{"rendered":"<p>Standort Ahlem ist ein Stadtteil im Westen von Hannover. Es liegt am Stadtrand von Hannover, eingebettet zwischen Leine, Limmer, Davenstedt und der Gemeindegrenze zu Seelze. Die ehemals selbst\u00e4ndige Gemeinde Ahlem, 1974 eingemeindet, hat heute ca. 11.040 Einwohner. Unsere Grundschule, die im Herzen von Ahlem, zwischen der Hauptstra\u00dfe Richard-Lattorf-Stra\u00dfe und einem gro\u00dfen Park liegt, wird von [&hellip;]<\/p>\n","protected":false},"author":9192592,"featured_media":0,"parent":0,"menu_order":0,"comment_status":"closed","ping_status":"closed","template":"","meta":{"footnotes":""},"class_list":["post-90","page","type-page","status-publish","hentry"],"_links":{"self":[{"href":"https:\/\/wordpress.nibis.de\/gsahlem\/wp-json\/wp\/v2\/pages\/90","targetHints":{"allow":["GET"]}}],"collection":[{"href":"https:\/\/wordpress.nibis.de\/gsahlem\/wp-json\/wp\/v2\/pages"}],"about":[{"href":"https:\/\/wordpress.nibis.de\/gsahlem\/wp-json\/wp\/v2\/types\/page"}],"author":[{"embeddable":true,"href":"https:\/\/wordpress.nibis.de\/gsahlem\/wp-json\/wp\/v2\/users\/9192592"}],"replies":[{"embeddable":true,"href":"https:\/\/wordpress.nibis.de\/gsahlem\/wp-json\/wp\/v2\/comments?post=90"}],"version-history":[{"count":32,"href":"https:\/\/wordpress.nibis.de\/gsahlem\/wp-json\/wp\/v2\/pages\/90\/revisions"}],"predecessor-version":[{"id":3076,"href":"https:\/\/wordpress.nibis.de\/gsahlem\/wp-json\/wp\/v2\/pages\/90\/revisions\/3076"}],"wp:attachment":[{"href":"https:\/\/wordpress.nibis.de\/gsahlem\/wp-json\/wp\/v2\/media?parent=90"}],"curies":[{"name":"wp","href":"https:\/\/api.w.org\/{rel}","templated":true}]}}