{"id":91,"date":"2018-07-28T13:22:06","date_gmt":"2018-07-28T11:22:06","guid":{"rendered":"http:\/\/wordpress.nibis.de\/gsahlem\/?page_id=91"},"modified":"2024-07-17T20:39:56","modified_gmt":"2024-07-17T18:39:56","slug":"verlaessliche-grundschule","status":"publish","type":"page","link":"https:\/\/wordpress.nibis.de\/gsahlem\/verlaessliche-grundschule\/","title":{"rendered":"Verl\u00e4ssliche Grundschule"},"content":{"rendered":"\r\n<p><span style=\"color: #003366;font-family: arial, helvetica, sans-serif\"><strong><span style=\"font-size: 14pt\">Die Grundschule Ahlem als verl\u00e4ssliche Grundschule<\/span> <\/strong><\/span><\/p>\r\n\r\n\r\n\r\n<p style=\"text-align: justify\">Die Grundschule Ahlem ist eine verl\u00e4ssliche Grundschule, d.h. von der Zeit des Schulbeginns in der 1. Stunde um 08:15 Uhr bis zum Ende der 5. Schulstunde um 13:00 Uhr ist ein umfassendes Schulangebot sichergestellt.<\/p>\r\n\r\n\r\n\r\n<p style=\"text-align: justify\">Nur an Zeugnistagen zum Ende der Schulhalbjahre endet das Schulangebot nach der dritten Schulstunde.<\/p>\r\n\r\n\r\n\r\n<p style=\"text-align: justify\">Die Schule \u00f6ffnet um 08:00 Uhr. Kinder die fr\u00fcher da sind k\u00f6nnen wettergesch\u00fctzt im Eingangsbereich der Schule warten.<\/p>\r\n\r\n\r\n\r\n<p><span style=\"color: #993300;font-family: arial, helvetica, sans-serif\"><strong>Betreuung<\/strong><\/span><\/p>\r\n\r\n\r\n\r\n<p style=\"text-align: justify\">Da die Grundschule Ahlem eine verl\u00e4ssliche Grundschule ist, bietet sie f\u00fcr die Kinder der 1. Klasse und 2. Klasse in der 5. Unterrichtsstunde (12:15 bis 13:00 Uhr) oder in der 1. Unterrichtsstunde (08:15 bis 09:00 Uhr) eine Betreuung an. Ab dem Schuljahr 2024\/2025 gibt es pro Woche in der 1. Klasse 4 Betreuungsstunden (21 Unterrichtsstunden) und in der 2. Klasse 3 Betreungsstunden (22 Unterrichtsstunden). Ihr Kind muss f\u00fcr die Stunden verbindlich angemeldet werden. Die Anmeldung erfolgt entweder zu Schuljahresbeginn oder zum Halbjahr. Die Betreuung wird durch eine p\u00e4dagogische Mitarbeiterin oder durch einen p\u00e4dagogischen Mitarbeiter in einer festen Gruppe gew\u00e4hrleistet. Der Inhalt dieser Stunde wird mit den Kindern zusammen geplant und gestaltet, beispielsweise wird gebastelt, gespielt, erz\u00e4hlt oder der Schulhof genutzt. Eine Hausaufgabenbetreuung wird in dieser Zeit nicht angeboten.<\/p>\r\n\r\n\r\n\r\n<p style=\"text-align: justify\">Kinder in der 3. und 4. Klasse haben in der Regel f\u00fcnf oder sechs Schulstunden.<\/p>\r\n\r\n\r\n\r\n<p><span style=\"color: #993300;font-family: arial, helvetica, sans-serif\"><strong>\u00dcbersicht \u00fcber die Unterrichts- und Pausenzeiten<\/strong><\/span><\/p>\r\n<table class=\"wp-block-table is-style-regular aligncenter\" style=\"height: 268px;border-style: hidden;width: 484px;border-color: #f0f5f7;background-color: #fafafa\" width=\"484\">\r\n<tbody>\r\n<tr style=\"height: 27px\">\r\n<td style=\"height: 27px;width: 180px;border-color: #000000;background-color: #ffffff;border-style: hidden\"><span style=\"font-size: 14pt\"><strong>Uhrzeit<\/strong><\/span><\/td>\r\n<td style=\"height: 27px;width: 214px;border-color: #000000;background-color: #f7f7f7;border-style: hidden\">\u00a0<\/td>\r\n<\/tr>\r\n<tr style=\"height: 27px\">\r\n<td style=\"height: 27px;width: 180px;border-color: #000000;background-color: #faf7f7;border-style: hidden\"><strong>08:15 \u2013 09:00<\/strong><\/td>\r\n<td style=\"height: 27px;width: 214px;border-color: #000000;background-color: #faf7f7;border-style: hidden\">1. Schulstunde<\/td>\r\n<\/tr>\r\n<tr style=\"height: 27px\">\r\n<td style=\"height: 27px;width: 180px;border-color: #000000;border-style: hidden;background-color: #aaf2c5\">09:00 \u2013 09:10<\/td>\r\n<td style=\"height: 27px;width: 214px;border-color: #000000;border-style: hidden;background-color: #aaf2c5\"><em>Fr\u00fchst\u00fcckspause<\/em><\/td>\r\n<\/tr>\r\n<tr style=\"height: 27px\">\r\n<td style=\"height: 27px;width: 180px;border-color: #fafafa;background-color: #faf7f7;border-style: hidden\"><strong>09:10 \u2013 09:55<\/strong><\/td>\r\n<td style=\"height: 27px;width: 214px;border-color: #fafafa;background-color: #faf7f7;border-style: hidden\">2. Schulstunde<\/td>\r\n<\/tr>\r\n<tr style=\"height: 27px\">\r\n<td style=\"height: 27px;width: 180px;border-color: #000000;border-style: hidden;background-color: #aaf2c5\">09:55 \u2013 10:15<\/td>\r\n<td style=\"height: 27px;width: 214px;border-color: #000000;border-style: hidden;background-color: #aaf2c5\"><em>1. gro\u00dfe Pause<\/em><\/td>\r\n<\/tr>\r\n<tr style=\"height: 27px\">\r\n<td style=\"height: 25px;width: 180px;border-color: #000000;background-color: #f7f7f7;border-style: hidden\"><strong>10:20 \u2013 11:05<\/strong><\/td>\r\n<td style=\"height: 25px;width: 214px;border-color: #000000;background-color: #f7f7f7;border-style: hidden\">3. Schulstunde<\/td>\r\n<\/tr>\r\n<tr style=\"height: 27px\">\r\n<td style=\"height: 27px;width: 180px;border-color: #000000;background-color: #ffffff;border-style: hidden\"><strong>11:10 \u2013 11:55<\/strong><\/td>\r\n<td style=\"height: 27px;width: 214px;border-color: #000000;background-color: #ffffff;border-style: hidden\">4. Schulstunde<\/td>\r\n<\/tr>\r\n<tr style=\"height: 27px\">\r\n<td style=\"height: 27px;width: 180px;border-color: #000000;border-style: hidden;background-color: #aaf2c5\">11:55 \u2013 12:10<\/td>\r\n<td style=\"height: 27px;width: 214px;border-color: #000000;border-style: hidden;background-color: #aaf2c5\"><em>2. gro\u00dfe Pause<\/em><\/td>\r\n<\/tr>\r\n<tr style=\"height: 27px\">\r\n<td style=\"height: 27px;width: 180px;border-color: #000000;background-color: #ffffff;border-style: hidden\"><strong>12:15 \u2013 13:00<\/strong><\/td>\r\n<td style=\"height: 27px;width: 214px;border-color: #000000;background-color: #ffffff;border-style: hidden\">5. Schulstunde<\/td>\r\n<\/tr>\r\n<tr style=\"height: 27px\">\r\n<td style=\"height: 27px;width: 180px;border-color: #000000;background-color: #ffffff;border-style: hidden\"><strong>13:00 \u2013 13:45<\/strong><\/td>\r\n<td style=\"height: 27px;width: 214px;border-color: #000000;background-color: #ffffff;border-style: hidden\">6. Schulstunde<\/td>\r\n<\/tr>\r\n<\/tbody>\r\n<\/table>\r\n\r\n\r\n\r\n<p>&nbsp;<\/p>\r\n<p style=\"text-align: left\"><span style=\"color: #993300;font-family: arial, helvetica, sans-serif\"><strong>Hortangebote im Stadtteil<\/strong><\/span><\/p>\r\n\r\n\r\n\r\n<p style=\"text-align: justify\"><span style=\"font-family: arial, helvetica, sans-serif\">Der Stadtteil Ahlem verf\u00fcgt \u00fcber zwei Einrichtungen mit Hortpl\u00e4tzen f\u00fcr Grundschulkinder. Das Familienzentrum Ahlemer Verbund Negenstra\u00dfe und das Familienzentrum Ahlemer Verbund Wunstorfer Landstra\u00dfe. Kinder die einen Hort besuchen nehmen nicht an der Betreuung in der 5. Stunde teil, sondern gehen nach dem regul\u00e4ren Unterricht oder nach der 2. gro\u00dfen Pause in den Hort.<\/span><\/p>\r\n\r\n\r\n\r\n<p><span style=\"font-family: arial, helvetica, sans-serif\">Weitere Infos unter:<\/span><\/p>\r\n\r\n\r\n\r\n<figure class=\"wp-block-embed\">\r\n<div class=\"wp-block-embed__wrapper\"><a href=\"https:\/\/www.kinderbetreuung-hannover.de\/webkita\/details\/einrichtung\/165?2\" target=\"_blank\" rel=\"noopener noreferrer\">https:\/\/www.kinderbetreuung-hannover.de\/webkita\/details\/einrichtung\/165?2<\/a><\/div>\r\n<\/figure>\r\n\r\n\r\n\r\n<p><span style=\"font-family: arial, helvetica, sans-serif\">Ahlemer Verbund Wunstorfer Landstra\u00dfe<\/span><\/p>\r\n\r\n\r\n\r\n<figure class=\"wp-block-embed\">\r\n<div class=\"wp-block-embed__wrapper\"><a href=\"https:\/\/www.kinderbetreuung-hannover.de\/webkita\/details\/einrichtung\/268?3\" target=\"_blank\" rel=\"noopener noreferrer\">https:\/\/www.kinderbetreuung-hannover.de\/webkita\/details\/einrichtung\/268?3<\/a><\/div>\r\n<\/figure>\r\n\r\n\r\n\r\n<p><span style=\"font-family: arial, helvetica, sans-serif\">Familienzentrum Ahlemer Verbund Negenstra\u00dfe<\/span><\/p>\r\n\r\n\r\n","protected":false},"excerpt":{"rendered":"<p>Die Grundschule Ahlem als verl\u00e4ssliche Grundschule Die Grundschule Ahlem ist eine verl\u00e4ssliche Grundschule, d.h. von der Zeit des Schulbeginns in der 1. Stunde um 08:15 Uhr bis zum Ende der 5. Schulstunde um 13:00 Uhr ist ein umfassendes Schulangebot sichergestellt. Nur an Zeugnistagen zum Ende der Schulhalbjahre endet das Schulangebot nach der dritten Schulstunde. Die [&hellip;]<\/p>\n","protected":false},"author":9192592,"featured_media":0,"parent":0,"menu_order":0,"comment_status":"closed","ping_status":"closed","template":"","meta":{"footnotes":""},"class_list":["post-91","page","type-page","status-publish","hentry"],"_links":{"self":[{"href":"https:\/\/wordpress.nibis.de\/gsahlem\/wp-json\/wp\/v2\/pages\/91","targetHints":{"allow":["GET"]}}],"collection":[{"href":"https:\/\/wordpress.nibis.de\/gsahlem\/wp-json\/wp\/v2\/pages"}],"about":[{"href":"https:\/\/wordpress.nibis.de\/gsahlem\/wp-json\/wp\/v2\/types\/page"}],"author":[{"embeddable":true,"href":"https:\/\/wordpress.nibis.de\/gsahlem\/wp-json\/wp\/v2\/users\/9192592"}],"replies":[{"embeddable":true,"href":"https:\/\/wordpress.nibis.de\/gsahlem\/wp-json\/wp\/v2\/comments?post=91"}],"version-history":[{"count":41,"href":"https:\/\/wordpress.nibis.de\/gsahlem\/wp-json\/wp\/v2\/pages\/91\/revisions"}],"predecessor-version":[{"id":2824,"href":"https:\/\/wordpress.nibis.de\/gsahlem\/wp-json\/wp\/v2\/pages\/91\/revisions\/2824"}],"wp:attachment":[{"href":"https:\/\/wordpress.nibis.de\/gsahlem\/wp-json\/wp\/v2\/media?parent=91"}],"curies":[{"name":"wp","href":"https:\/\/api.w.org\/{rel}","templated":true}]}}