{"id":1102,"date":"2022-02-20T21:11:36","date_gmt":"2022-02-20T20:11:36","guid":{"rendered":"https:\/\/wordpress.nibis.de\/gsalwes\/?page_id=1102"},"modified":"2024-02-22T17:17:38","modified_gmt":"2024-02-22T16:17:38","slug":"demokratie-in-der-grundschule-am-lerchenberg","status":"publish","type":"page","link":"https:\/\/wordpress.nibis.de\/gsalwes\/schulleben\/demokratie-in-der-grundschule-am-lerchenberg\/","title":{"rendered":"Demokratie in der Grundschule am Lerchenberg"},"content":{"rendered":"<p>Es ist uns wichtig, dass unsere Schule ein Ort ist, an dem Kinder \u00fcber ihr Leben und Lernen mitbestimmen d\u00fcrfen. Das spiegelt sich zum einen in unserer Unterrichtskonzeption &#8222;Arbeit mit Planungsmappen&#8220; wider, zum anderen haben Kinder an unserer Schule auch an vielen anderen Stellen die M\u00f6glichkeit, sich mit ihren Ideen und W\u00fcnschen einzubringen.<\/p>\n<p>So gibt es in jeder unserer Klassen zwei Klassensprecher, die sich monatlich im Beisein eines erwachsenen Moderators im &#8222;Parlament der Schulkinder&#8220; treffen.<\/p>\n<p>Das Parlament der Schulkinder sichert das Mitspracherecht und die Mitverantwortung der Sch\u00fclerschaft in der Schule und bietet die M\u00f6glichkeit der Interaktion mit der Erwachsenenwelt. Die Sch\u00fclerInnen erfahren, was es hei\u00dft, selbstbestimmt zu handeln, ihre eigenen Interessen zu artikulieren, werden in ihrer Kritik- und Kommunikationsf\u00e4higkeit geschult und entwickeln Zivilcourage sowie die Bereitschaft, Verantwortung f\u00fcr sich und andere zu \u00fcbernehmen.<\/p>\n<p>Aus den Reihen des Parlaments werden j\u00e4hrlich die Schulsprecher*innen\u00a0gew\u00e4hlt.<\/p>\n<p><strong>Aufgaben der Schulsprecher*innen und \u2013vertreter*innen\u00a0<\/strong>sind:<\/p>\n<ul>\n<li>die Vertretung der Sch\u00fclerschaft -&gt; Interessenvermittlung zwischen Sch\u00fcler*innen, Eltern und Lehrkr\u00e4ften (z.B. k\u00f6nnen Schulsprecher*innen bei Elterngespr\u00e4chen oder Gespr\u00e4chen mit Lehrkr\u00e4ften anderen Kindern unterst\u00fctzend zur Seite stehen)<\/li>\n<li>Vorbereitung und Leitung des Parlaments der Schulkinder (anfangs noch in Absprache mit Herrn Bratz und Frau Piens, sp\u00e4ter bestensfalls eigenst\u00e4ndig)<\/li>\n<li>Unterst\u00fctzung bei der Organisation und\/oder Durchf\u00fchrung von Schulveranstaltungen und sozialen Projekten<\/li>\n<li>Unterst\u00fctzung bei der Schulhofgestaltung (z.B. Ideensammlung und Umsetzung)<\/li>\n<li>Schulsprecher*innen sind Mitglieder in ausgew\u00e4hlten Konferenzen -&gt; sie haben Stimmrecht, mit Ausnahme von Zeugniskonferenzen<\/li>\n<li>Schulsprecher*innen berichten in Konferenzen \u00fcber die schulische Situation aus ihrer Sicht<\/li>\n<\/ul>\n","protected":false},"excerpt":{"rendered":"<p>Es ist uns wichtig, dass unsere Schule ein Ort ist, an dem Kinder \u00fcber ihr Leben und Lernen mitbestimmen d\u00fcrfen. Das spiegelt sich zum einen in unserer Unterrichtskonzeption &#8222;Arbeit mit Planungsmappen&#8220; wider, zum anderen haben Kinder an unserer Schule auch an vielen anderen Stellen die M\u00f6glichkeit, sich mit ihren Ideen und W\u00fcnschen einzubringen. So gibt &#8230; <a title=\"Demokratie in der Grundschule am Lerchenberg\" class=\"read-more\" href=\"https:\/\/wordpress.nibis.de\/gsalwes\/schulleben\/demokratie-in-der-grundschule-am-lerchenberg\/\" aria-label=\"Mehr Informationen \u00fcber Demokratie in der Grundschule am Lerchenberg\">Weiterlesen<\/a><\/p>\n","protected":false},"author":9193715,"featured_media":0,"parent":159,"menu_order":0,"comment_status":"closed","ping_status":"closed","template":"","meta":{"footnotes":""},"class_list":["post-1102","page","type-page","status-publish"],"_links":{"self":[{"href":"https:\/\/wordpress.nibis.de\/gsalwes\/wp-json\/wp\/v2\/pages\/1102","targetHints":{"allow":["GET"]}}],"collection":[{"href":"https:\/\/wordpress.nibis.de\/gsalwes\/wp-json\/wp\/v2\/pages"}],"about":[{"href":"https:\/\/wordpress.nibis.de\/gsalwes\/wp-json\/wp\/v2\/types\/page"}],"author":[{"embeddable":true,"href":"https:\/\/wordpress.nibis.de\/gsalwes\/wp-json\/wp\/v2\/users\/9193715"}],"replies":[{"embeddable":true,"href":"https:\/\/wordpress.nibis.de\/gsalwes\/wp-json\/wp\/v2\/comments?post=1102"}],"version-history":[{"count":13,"href":"https:\/\/wordpress.nibis.de\/gsalwes\/wp-json\/wp\/v2\/pages\/1102\/revisions"}],"predecessor-version":[{"id":1872,"href":"https:\/\/wordpress.nibis.de\/gsalwes\/wp-json\/wp\/v2\/pages\/1102\/revisions\/1872"}],"up":[{"embeddable":true,"href":"https:\/\/wordpress.nibis.de\/gsalwes\/wp-json\/wp\/v2\/pages\/159"}],"wp:attachment":[{"href":"https:\/\/wordpress.nibis.de\/gsalwes\/wp-json\/wp\/v2\/media?parent=1102"}],"curies":[{"name":"wp","href":"https:\/\/api.w.org\/{rel}","templated":true}]}}