{"id":1420,"date":"2022-11-07T21:50:08","date_gmt":"2022-11-07T20:50:08","guid":{"rendered":"https:\/\/wordpress.nibis.de\/gsalwes\/?page_id=1420"},"modified":"2022-11-07T22:09:56","modified_gmt":"2022-11-07T21:09:56","slug":"so-arbeiten-wir","status":"publish","type":"page","link":"https:\/\/wordpress.nibis.de\/gsalwes\/so-arbeiten-wir\/","title":{"rendered":"So arbeiten wir"},"content":{"rendered":"\n<p><span style=\"color: #073b4c\"><strong>Wir arbeiten im Team!<\/strong> <\/span><\/p>\n<p><span style=\"color: #073b4c\">Eine gemeinsame Schulentwicklung, sch\u00fclerorientierter sowie individualisierter Unterricht ist uns an der Grundschule am Lerchenberg wichtig. <\/span><\/p>\n<p><span style=\"color: #073b4c\">Alle Menschen, die hier arbeiten und lernen, sehen sich als Verantwortungsgemeinschaft. Teamarbeit, Beratung und Kooperation werden gro\u00df geschrieben. Die Grundlagen f\u00fcr den Unterricht erarbeiten wir in den Teams gemeinsam, wodurch jede einzelne Lehrkraft entlastet wird. Ein Problem in einer Schulklasse ist nicht das Problem der Klassenlehrkraft, sondern ein Problem der Schulgemeinschaft. L\u00f6sungen werden beispielsweise in kollegialen Fallberatungen gemeinsam erarbeitet.<\/span><\/p>\n<p><span style=\"color: #073b4c\">Neue Lehrkr\u00e4fte werden von den Kolleg*innen im jeweiligen Jahrgang in die gemeinsamen Absprachen f\u00fcr den Unterricht eingef\u00fchrt und unterst\u00fctzt.<\/span><\/p>\n","protected":false},"excerpt":{"rendered":"<p>Wir arbeiten im Team! Eine gemeinsame Schulentwicklung, sch\u00fclerorientierter sowie individualisierter Unterricht ist uns an der Grundschule am Lerchenberg wichtig. Alle Menschen, die hier arbeiten und lernen, sehen sich als Verantwortungsgemeinschaft. Teamarbeit, Beratung und Kooperation werden gro\u00df geschrieben. Die Grundlagen f\u00fcr den Unterricht erarbeiten wir in den Teams gemeinsam, wodurch jede einzelne Lehrkraft entlastet wird. Ein &#8230; <a title=\"So arbeiten wir\" class=\"read-more\" href=\"https:\/\/wordpress.nibis.de\/gsalwes\/so-arbeiten-wir\/\" aria-label=\"Mehr Informationen \u00fcber So arbeiten wir\">Weiterlesen<\/a><\/p>\n","protected":false},"author":9193715,"featured_media":0,"parent":0,"menu_order":0,"comment_status":"closed","ping_status":"closed","template":"","meta":{"footnotes":""},"class_list":["post-1420","page","type-page","status-publish"],"_links":{"self":[{"href":"https:\/\/wordpress.nibis.de\/gsalwes\/wp-json\/wp\/v2\/pages\/1420","targetHints":{"allow":["GET"]}}],"collection":[{"href":"https:\/\/wordpress.nibis.de\/gsalwes\/wp-json\/wp\/v2\/pages"}],"about":[{"href":"https:\/\/wordpress.nibis.de\/gsalwes\/wp-json\/wp\/v2\/types\/page"}],"author":[{"embeddable":true,"href":"https:\/\/wordpress.nibis.de\/gsalwes\/wp-json\/wp\/v2\/users\/9193715"}],"replies":[{"embeddable":true,"href":"https:\/\/wordpress.nibis.de\/gsalwes\/wp-json\/wp\/v2\/comments?post=1420"}],"version-history":[{"count":2,"href":"https:\/\/wordpress.nibis.de\/gsalwes\/wp-json\/wp\/v2\/pages\/1420\/revisions"}],"predecessor-version":[{"id":1433,"href":"https:\/\/wordpress.nibis.de\/gsalwes\/wp-json\/wp\/v2\/pages\/1420\/revisions\/1433"}],"wp:attachment":[{"href":"https:\/\/wordpress.nibis.de\/gsalwes\/wp-json\/wp\/v2\/media?parent=1420"}],"curies":[{"name":"wp","href":"https:\/\/api.w.org\/{rel}","templated":true}]}}