{"id":159,"date":"2021-05-16T03:51:45","date_gmt":"2021-05-16T01:51:45","guid":{"rendered":"https:\/\/wordpress.nibis.de\/gsalwes\/?page_id=159"},"modified":"2025-04-03T15:53:40","modified_gmt":"2025-04-03T13:53:40","slug":"schulleben","status":"publish","type":"page","link":"https:\/\/wordpress.nibis.de\/gsalwes\/schulleben\/","title":{"rendered":"Schulleben"},"content":{"rendered":"<p>\u00a0<\/p>\n<p><a href=\"https:\/\/wordpress.nibis.de\/gsalwes\/schulleben\/ganztag\/\">Ganztag<\/a><\/p>\n<p><a href=\"https:\/\/wordpress.nibis.de\/gsalwes\/konzeption-planarbeit-und-planungsuebersichten\/\">Konzeption Planarbeit und Planungs\u00fcbersichten<\/a><\/p>\n<p><a href=\"https:\/\/wordpress.nibis.de\/gsalwes\/schulleben\/brueckenjahr\/\">Br\u00fcckenjahr<\/a><\/p>\n<p><a href=\"https:\/\/wordpress.nibis.de\/gsalwes\/schulleben\/demokratie-in-der-grundschule-am-lerchenberg\/\">Demokratie in der Grundschule am Lerchenberg<\/a><\/p>\n<p><a href=\"https:\/\/wordpress.nibis.de\/gsalwes\/patenkind-butiru\/\">Emmanuel: Unser Patenkind in Butiru<\/a><\/p>\n<p><a href=\"https:\/\/wordpress.nibis.de\/gsalwes\/foerderverein\/\">F\u00f6rderverein<\/a><\/p>\n<p><a href=\"https:\/\/wordpress.nibis.de\/gsalwes\/schulleben\/bienen\/\">Bienen<\/a><\/p>\n\n\n<p><\/p>\n","protected":false},"excerpt":{"rendered":"<p>\u00a0 Ganztag Konzeption Planarbeit und Planungs\u00fcbersichten Br\u00fcckenjahr Demokratie in der Grundschule am Lerchenberg Emmanuel: Unser Patenkind in Butiru F\u00f6rderverein Bienen<\/p>\n","protected":false},"author":9193715,"featured_media":0,"parent":0,"menu_order":0,"comment_status":"closed","ping_status":"closed","template":"","meta":{"footnotes":""},"class_list":["post-159","page","type-page","status-publish"],"_links":{"self":[{"href":"https:\/\/wordpress.nibis.de\/gsalwes\/wp-json\/wp\/v2\/pages\/159","targetHints":{"allow":["GET"]}}],"collection":[{"href":"https:\/\/wordpress.nibis.de\/gsalwes\/wp-json\/wp\/v2\/pages"}],"about":[{"href":"https:\/\/wordpress.nibis.de\/gsalwes\/wp-json\/wp\/v2\/types\/page"}],"author":[{"embeddable":true,"href":"https:\/\/wordpress.nibis.de\/gsalwes\/wp-json\/wp\/v2\/users\/9193715"}],"replies":[{"embeddable":true,"href":"https:\/\/wordpress.nibis.de\/gsalwes\/wp-json\/wp\/v2\/comments?post=159"}],"version-history":[{"count":5,"href":"https:\/\/wordpress.nibis.de\/gsalwes\/wp-json\/wp\/v2\/pages\/159\/revisions"}],"predecessor-version":[{"id":2048,"href":"https:\/\/wordpress.nibis.de\/gsalwes\/wp-json\/wp\/v2\/pages\/159\/revisions\/2048"}],"wp:attachment":[{"href":"https:\/\/wordpress.nibis.de\/gsalwes\/wp-json\/wp\/v2\/media?parent=159"}],"curies":[{"name":"wp","href":"https:\/\/api.w.org\/{rel}","templated":true}]}}