{"id":161,"date":"2021-05-16T03:51:45","date_gmt":"2021-05-16T01:51:45","guid":{"rendered":"https:\/\/wordpress.nibis.de\/gsalwes\/?page_id=161"},"modified":"2024-09-19T15:03:59","modified_gmt":"2024-09-19T13:03:59","slug":"schulsozialarbeit","status":"publish","type":"page","link":"https:\/\/wordpress.nibis.de\/gsalwes\/schulsozialarbeit\/","title":{"rendered":"Schulsozialarbeit"},"content":{"rendered":"<p>Unsere Schulsozialarbeiterin ist Frau Piens. Termine mit ihr k\u00f6nnen telefonisch unter <strong>(0 53 76) 9 77 90 08 <\/strong>oder pers\u00f6nlich in der Schule w\u00e4hrend der Sprechzeiten vereinbart werden.<\/p>\n<p><strong><u>Sprechzeiten von Frau Piens im Schuljahr 2024\/25:<\/u><\/strong><\/p>\n<div class=\"default-style\"><strong>dienstags von 8:30 &#8211; 12:30 Uhr<\/strong><br \/>\n<strong>mittwochs von 8:30 &#8211; 17:30 Uhr<\/strong><br \/>\n<strong>donnerstags von 8:30 Uhr &#8211; 13:30 Uhr<\/strong><br \/>\n<strong>freitags von 8:30 &#8211; 12:00 Uhr <\/strong><\/div>\n<div class=\"default-style\"><strong>Ein AB ist eingeschaltet, falls sie in einem Gespr\u00e4ch sein sollte und nicht ans Telefon gehen kann.<\/strong><\/div>\n<p><strong>Nach Absprache sind nat\u00fcrlich auch Termine au\u00dferhalb der Sprechzeiten m\u00f6glich.<\/strong><\/p>\n<p><span style=\"color: #118ab2\"><strong>Aufgaben der Schulsozialarbeit<\/strong><\/span><\/p>\n<p><strong>Schulsozialarbeit:<\/strong><\/p>\n<ul>\n<li>ist vertraulich und unterliegt der Schweigepflicht<\/li>\n<li>ist ein freiwilliges Angebot f\u00fcr Sch\u00fclerInnen, Eltern, Erziehungsberechtigte und Lehrkr\u00e4fte<\/li>\n<li>ist eine neutrale Anlaufstelle, bei der ein verantwortungsbewusster Umgang mit den pers\u00f6nlichen Anliegen selbstverst\u00e4ndlich ist<\/li>\n<li>h\u00f6rt zu, fragt nach, gestaltet gemeinsam<\/li>\n<li>hat das Ziel, Sch\u00fclerInnen, in ihrer individuellen und sozialen Entwicklung zu f\u00f6rdern und zu st\u00e4rken<\/li>\n<li>unterst\u00fctzt Sch\u00fclerInnen, Eltern, Erziehungsberechtigte und Lehrkr\u00e4fte beim Aufbau einer Beziehungskultur<\/li>\n<\/ul>\n<p><strong>Angebote:<\/strong><\/p>\n<ul>\n<li>Gespr\u00e4che und Beratung von Sch\u00fclerInnen sowie deren Bezugspersonen bei famili\u00e4ren Problemen und Schwierigkeiten in der Schule<\/li>\n<li>Beratung von Lehrkr\u00e4ften bei p\u00e4dagogischen Fragen, bei Krisen- und Konfliktf\u00e4llen mit Sch\u00fclerInnen, Eltern und Erziehungsberechtigten (ggf. unter Hinzuziehung anderer Institutionen und Kooperationspartnern im sozialen Umfeld)<\/li>\n<li>Begleitung bei Gespr\u00e4chen mit Lehrkr\u00e4ften, Eltern, Erziehungsberechtigten oder anderen Personen (z. B. der Jugendhilfe)<\/li>\n<li>Sozialp\u00e4dagogische Gruppenangebote mit Schulklassen und Kleingruppen (Pr\u00e4ventions- und Interventionsangebote je nach Bedarfslage)<\/li>\n<li>Information \u00fcber weiterf\u00fchrende Hilfeangebote und Beratungsstellen (bei Bedarf Begleitung und Terminvereinbarungen \/ Vermittlung zu Beratungsstellen)<\/li>\n<li>Mitwirken bei p\u00e4dagogischen Konzeptionen<\/li>\n<li>Ausbildung von Streitschlichtern<\/li>\n<li>Mitwirken beim Sch\u00fclerparlament<\/li>\n<li>Teilnahme an Klassen- und Schulkonferenzen<\/li>\n<\/ul>\n<p>Die Schulsozialarbeit versteht sich als Bindeglied zwischen Schule, Familie und Jugendhilfe.<\/p>\n<p>Informationen zur p\u00e4dagogischen Haltung an unserer Schule finden Sie <a href=\"https:\/\/wordpress.nibis.de\/gsalwes\/grundsaetze-des-unterrichts\/\">hier<\/a>.<\/p>\n","protected":false},"excerpt":{"rendered":"<p>Unsere Schulsozialarbeiterin ist Frau Piens. Termine mit ihr k\u00f6nnen telefonisch unter (0 53 76) 9 77 90 08 oder pers\u00f6nlich in der Schule w\u00e4hrend der Sprechzeiten vereinbart werden. Sprechzeiten von Frau Piens im Schuljahr 2024\/25: dienstags von 8:30 &#8211; 12:30 Uhr mittwochs von 8:30 &#8211; 17:30 Uhr donnerstags von 8:30 Uhr &#8211; 13:30 Uhr freitags &#8230; <a title=\"Schulsozialarbeit\" class=\"read-more\" href=\"https:\/\/wordpress.nibis.de\/gsalwes\/schulsozialarbeit\/\" aria-label=\"Mehr Informationen \u00fcber Schulsozialarbeit\">Weiterlesen<\/a><\/p>\n","protected":false},"author":9193715,"featured_media":0,"parent":0,"menu_order":0,"comment_status":"closed","ping_status":"closed","template":"","meta":{"footnotes":""},"class_list":["post-161","page","type-page","status-publish"],"_links":{"self":[{"href":"https:\/\/wordpress.nibis.de\/gsalwes\/wp-json\/wp\/v2\/pages\/161","targetHints":{"allow":["GET"]}}],"collection":[{"href":"https:\/\/wordpress.nibis.de\/gsalwes\/wp-json\/wp\/v2\/pages"}],"about":[{"href":"https:\/\/wordpress.nibis.de\/gsalwes\/wp-json\/wp\/v2\/types\/page"}],"author":[{"embeddable":true,"href":"https:\/\/wordpress.nibis.de\/gsalwes\/wp-json\/wp\/v2\/users\/9193715"}],"replies":[{"embeddable":true,"href":"https:\/\/wordpress.nibis.de\/gsalwes\/wp-json\/wp\/v2\/comments?post=161"}],"version-history":[{"count":10,"href":"https:\/\/wordpress.nibis.de\/gsalwes\/wp-json\/wp\/v2\/pages\/161\/revisions"}],"predecessor-version":[{"id":1942,"href":"https:\/\/wordpress.nibis.de\/gsalwes\/wp-json\/wp\/v2\/pages\/161\/revisions\/1942"}],"wp:attachment":[{"href":"https:\/\/wordpress.nibis.de\/gsalwes\/wp-json\/wp\/v2\/media?parent=161"}],"curies":[{"name":"wp","href":"https:\/\/api.w.org\/{rel}","templated":true}]}}