{"id":163,"date":"2021-05-16T03:51:45","date_gmt":"2021-05-16T01:51:45","guid":{"rendered":"https:\/\/wordpress.nibis.de\/gsalwes\/?page_id=163"},"modified":"2023-03-15T19:28:34","modified_gmt":"2023-03-15T18:28:34","slug":"grundsaetze-des-unterrichts","status":"publish","type":"page","link":"https:\/\/wordpress.nibis.de\/gsalwes\/grundsaetze-des-unterrichts\/","title":{"rendered":"Grunds\u00e4tze des Unterrichts"},"content":{"rendered":"\n<p>Die Grundlage unserer p\u00e4dagogischen Arbeit bilden das <strong>Nieders\u00e4chsische Schulgesetz<\/strong> und der \u00fcberarbeitete <a href=\"https:\/\/wordpress.nibis.de\/gsfinken\/files\/Erlass_Die_Arbeit__in_der__Grundschule.pdf\"><strong>Erlass zur Arbeit in der Grundschule<\/strong><\/a>\u00a0vom August 2012.<\/p>\n<p>Bedeutsame Herausforderungen sind die Umsetzung der Sonderp\u00e4dagogischen Grundversorgung (SGV) und der Inklusion. Gemeint sind der gemeinsame Unterricht und die gemeinsame Teilhabe aller Kinder aus dem Einzugsbereich unserer Schule am Schulleben. Sch\u00fclerinnen und Sch\u00fcler mit geistigem und\/oder k\u00f6rperlichem F\u00f6rderbedarf besuchen seit 2013 gemeinsam mit nicht behinderten Sch\u00fclerinnen und Sch\u00fclern regul\u00e4r die Grundschule am Lerchenberg. \u00a0<\/p>\n<p>Neue Herausforderungen erfordern neue Konzepte. Weil gemeinsames Lernen im Unterricht bedeutet, dass nicht alle Kinder gleichzeitig an den gleichen Aufgaben arbeiten und das Gleiche lernen, wurde an der Grundschule am Lerchenberg eine <strong>schuleigene Konzeption<\/strong> der Arbeit mit der Individualisierten Planungsmappe in den F\u00e4chern Deutsch und Mathematik entwickelt und mehrere Jahre erprobt. Diese Konzeption orientiert sich eng an den verbindlichen Aussagen des oben genannten Erlasses zur Arbeit in der Grundschule.<\/p>\n<p>So macht der Erlass im Hinblick auf die Organisation und Durchf\u00fchrung des Unterrichts in Teil 5. &#8222;Organisation von Lern- und Lehrprozessen&#8220; klare Vorgaben.<\/p>\n<p>Vor allem unter 5.2 finden sich deutliche Hinweise darauf, dass sich die Gestaltung des Unterrichts am \u2026<\/p>\n<ul>\n<li>\u2026 individuellen Entwicklungsstand und den individuellen Begabungen jedes einzelnen Sch\u00fclers ausrichten muss,<\/li>\n<li>was durch einen differenzierenden und individualisierenden Unterricht erreicht werden soll,<\/li>\n<li>damit Selbstvertrauen in die eigene Leistungsf\u00e4higkeit und Leistungsfreude gest\u00e4rkt werden.<\/li>\n<\/ul>\n<p>Weitere Anforderungen des Erlasses sind unter anderem \u2026<\/p>\n<ul>\n<li>die Auswahl geeigneter Sozialformen und Unterrichtsformen und -verfahren,<\/li>\n<li>selbstst\u00e4ndiges und kooperatives Lernen,<\/li>\n<li>handlungsorientiertes und problembezogenes Arbeiten,<\/li>\n<li>selbstverantwortliche Ergebnissicherung,<\/li>\n<li>geeignete Kommunikations-, Kooperations-, Lern- und Arbeitstechniken\u00a0 sowie<\/li>\n<li>eine enge konzeptionelle Zusammenarbeit der Lehrkr\u00e4fte.<\/li>\n<\/ul>\n<p>Alle diese Anforderungen werden durch unsere \u201eKonzeption der Arbeit mit der Individualisierten Planungsmappe in den F\u00e4chern Deutsch und Mathematik\u201c, in denen die Schl\u00fcsselqualifikationen f\u00fcr die weitere Schullaufbahn erworben werden, erf\u00fcllt. Die Erfahrung zeigt, dass hier erworbene Lern- und Arbeitsstrategien der Sch\u00fclerinnen und Sch\u00fcler den Unterricht der anderen F\u00e4cher bereichern und positiv ver\u00e4ndern.<\/p>\n<p>Zwei Bausteine der Konzeption k\u00f6nnen Sie an dieser Stelle lesen oder herunterladen: die <strong>Konzeptionen zur Pl\u00e4nearbeit<\/strong> und zur <strong>p\u00e4dagogischen Haltung<\/strong> an unserer Schule:\u00a0<\/p>\n\n\n\n<div data-wp-interactive=\"core\/file\" class=\"wp-block-file\"><object data-wp-bind--hidden=\"!state.hasPdfPreview\" hidden class=\"wp-block-file__embed\" data=\"https:\/\/wordpress.nibis.de\/gsalwes\/files\/2023\/03\/Teil-3.1.1-Plaenearbeit-De-Ma-2020-11-20.pdf\" type=\"application\/pdf\" style=\"width:100%;height:600px\" aria-label=\"Einbettung von Einbettung von Schulkonzeption Pl\u00e4nearbeit..\"><\/object><a id=\"wp-block-file--media-c8c0ca20-3a78-4aa7-baa9-048a563fbdd2\" href=\"https:\/\/wordpress.nibis.de\/gsalwes\/files\/2023\/03\/Teil-3.1.1-Plaenearbeit-De-Ma-2020-11-20.pdf\">Schulkonzeption Pl\u00e4nearbeit<\/a><a href=\"https:\/\/wordpress.nibis.de\/gsalwes\/files\/2023\/03\/Teil-3.1.1-Plaenearbeit-De-Ma-2020-11-20.pdf\" class=\"wp-block-file__button\" download aria-describedby=\"wp-block-file--media-c8c0ca20-3a78-4aa7-baa9-048a563fbdd2\">Herunterladen<\/a><\/div>\n\n\n\n<div data-wp-interactive=\"core\/file\" class=\"wp-block-file\"><object data-wp-bind--hidden=\"!state.hasPdfPreview\" hidden class=\"wp-block-file__embed\" data=\"https:\/\/wordpress.nibis.de\/gsalwes\/files\/2023\/03\/Teil-3.7.1-Paedagogische-Haltung-der-GS-am-Lerchenberg.pdf\" type=\"application\/pdf\" style=\"width:100%;height:600px\" aria-label=\"Einbettung von Einbettung von Schulkonzeption P\u00e4dagogische Haltung der GS am Lerchenberg..\"><\/object><a id=\"wp-block-file--media-344b92cf-a58b-42c2-9ad6-b7b7b44ebe14\" href=\"https:\/\/wordpress.nibis.de\/gsalwes\/files\/2023\/03\/Teil-3.7.1-Paedagogische-Haltung-der-GS-am-Lerchenberg.pdf\">Schulkonzeption P\u00e4dagogische Haltung der GS am Lerchenberg<\/a><a href=\"https:\/\/wordpress.nibis.de\/gsalwes\/files\/2023\/03\/Teil-3.7.1-Paedagogische-Haltung-der-GS-am-Lerchenberg.pdf\" class=\"wp-block-file__button\" download aria-describedby=\"wp-block-file--media-344b92cf-a58b-42c2-9ad6-b7b7b44ebe14\"><\/a><\/div>\n","protected":false},"excerpt":{"rendered":"<p>Die Grundlage unserer p\u00e4dagogischen Arbeit bilden das Nieders\u00e4chsische Schulgesetz und der \u00fcberarbeitete Erlass zur Arbeit in der Grundschule\u00a0vom August 2012. Bedeutsame Herausforderungen sind die Umsetzung der Sonderp\u00e4dagogischen Grundversorgung (SGV) und der Inklusion. Gemeint sind der gemeinsame Unterricht und die gemeinsame Teilhabe aller Kinder aus dem Einzugsbereich unserer Schule am Schulleben. Sch\u00fclerinnen und Sch\u00fcler mit geistigem &#8230; <a title=\"Grunds\u00e4tze des Unterrichts\" class=\"read-more\" href=\"https:\/\/wordpress.nibis.de\/gsalwes\/grundsaetze-des-unterrichts\/\" aria-label=\"Mehr Informationen \u00fcber Grunds\u00e4tze des Unterrichts\">Weiterlesen<\/a><\/p>\n","protected":false},"author":9193715,"featured_media":0,"parent":0,"menu_order":0,"comment_status":"closed","ping_status":"closed","template":"","meta":{"footnotes":""},"class_list":["post-163","page","type-page","status-publish"],"_links":{"self":[{"href":"https:\/\/wordpress.nibis.de\/gsalwes\/wp-json\/wp\/v2\/pages\/163","targetHints":{"allow":["GET"]}}],"collection":[{"href":"https:\/\/wordpress.nibis.de\/gsalwes\/wp-json\/wp\/v2\/pages"}],"about":[{"href":"https:\/\/wordpress.nibis.de\/gsalwes\/wp-json\/wp\/v2\/types\/page"}],"author":[{"embeddable":true,"href":"https:\/\/wordpress.nibis.de\/gsalwes\/wp-json\/wp\/v2\/users\/9193715"}],"replies":[{"embeddable":true,"href":"https:\/\/wordpress.nibis.de\/gsalwes\/wp-json\/wp\/v2\/comments?post=163"}],"version-history":[{"count":12,"href":"https:\/\/wordpress.nibis.de\/gsalwes\/wp-json\/wp\/v2\/pages\/163\/revisions"}],"predecessor-version":[{"id":1623,"href":"https:\/\/wordpress.nibis.de\/gsalwes\/wp-json\/wp\/v2\/pages\/163\/revisions\/1623"}],"wp:attachment":[{"href":"https:\/\/wordpress.nibis.de\/gsalwes\/wp-json\/wp\/v2\/media?parent=163"}],"curies":[{"name":"wp","href":"https:\/\/api.w.org\/{rel}","templated":true}]}}