{"id":166,"date":"2021-05-16T03:51:45","date_gmt":"2021-05-16T01:51:45","guid":{"rendered":"https:\/\/wordpress.nibis.de\/gsalwes\/?page_id=166"},"modified":"2024-11-07T07:55:29","modified_gmt":"2024-11-07T06:55:29","slug":"foerderverein","status":"publish","type":"page","link":"https:\/\/wordpress.nibis.de\/gsalwes\/foerderverein\/","title":{"rendered":"F\u00f6rderverein"},"content":{"rendered":"\n<figure class=\"wp-block-image size-large\"><img loading=\"lazy\" decoding=\"async\" width=\"1024\" height=\"779\" src=\"https:\/\/wordpress.nibis.de\/gsalwes\/files\/2024\/11\/Foerderverein-Vorstand-1024x779.jpg\" alt=\"\" class=\"wp-image-1952\" srcset=\"https:\/\/wordpress.nibis.de\/gsalwes\/files\/2024\/11\/Foerderverein-Vorstand-1024x779.jpg 1024w, https:\/\/wordpress.nibis.de\/gsalwes\/files\/2024\/11\/Foerderverein-Vorstand-300x228.jpg 300w, https:\/\/wordpress.nibis.de\/gsalwes\/files\/2024\/11\/Foerderverein-Vorstand-768x584.jpg 768w, https:\/\/wordpress.nibis.de\/gsalwes\/files\/2024\/11\/Foerderverein-Vorstand.jpg 1166w\" sizes=\"auto, (max-width: 1024px) 100vw, 1024px\" \/><figcaption>Der Vorstand unseres F\u00f6rdervereins: Jana Gabauer, Siegrun Riecke, Maren Lilje und Bj\u00f6rn Lembck im Oktober 2024<\/figcaption><\/figure>\n\n\n<h3><span style=\"color: #073b4c\"><strong>Der F\u00f6rderverein stellt sich vor!<\/strong><\/span><\/h3>\n<p>Liebe Eltern,<\/p>\n<p>seit unserer Gr\u00fcndung im Oktober 1995 engagieren wir uns als F\u00f6rderverein leidenschaftlich f\u00fcr die Unterst\u00fctzung und Weiterentwicklung unserer Schule. Unser Ziel ist es, den Schulalltag f\u00fcr die Kinder noch abwechslungsreicher und lebendiger zu gestalten und dabei wertvolle Bildungsprojekte zu f\u00f6rdern, die den regul\u00e4ren Rahmen \u00fcbersteigen.<\/p>\n<p>Mit Ihrer Mitgliedschaft oder Spende helfen Sie uns, wichtige Anschaffungen und Projekte zu realisieren, die das schulische Umfeld bereichern und zus\u00e4tzliche Lernm\u00f6glichkeiten schaffen. Ob kreative Projekte, sportliche Aktivit\u00e4ten oder musikalische F\u00f6rderung \u2013 Ihre Unterst\u00fctzung kommt direkt den Sch\u00fclerinnen und Sch\u00fclern zugute.<\/p>\n<p><strong><span style=\"color: #118ab2\">Erfolgreiche Projekte des F\u00f6rdervereins<\/span>:<\/strong><\/p>\n<ul style=\"list-style-type: circle\">\n<li>Finanzierung einer Videokamera und Musikanlage f\u00fcr Schulveranstaltungen<\/li>\n<li>Bereitstellung von Trikots f\u00fcr Sportwettk\u00e4mpfe und -feste<\/li>\n<li>Anschaffung von Spiel- und Sportger\u00e4ten f\u00fcr den Ausleihschuppen<\/li>\n<li>Unterst\u00fctzung des Musikbereichs, z.B. durch Anschaffung einer E-Gitarre,<\/li>\n<li>Klavierstimmen, Aufbewahrungsboxen f\u00fcr Instrumente<\/li>\n<li>Finanzierung von Mikrofonen und weiteren technischen Hilfsmitteln<\/li>\n<li>Unterst\u00fctzung des \u201eMitmachzirkus\u201c und weiterer kreativer Schulprojekte<\/li>\n<li>Ausstattung f\u00fcr die Bienen-AG, einschlie\u00dflich Schutzausr\u00fcstung f\u00fcr die Kinder<\/li>\n<li>Buchgeschenke f\u00fcr den Vorlesetag und Zusch\u00fcsse f\u00fcr Theaterbesuche<\/li>\n<li>Beitrag zur Finanzierung des Schwimmunterrichts der 3. Klassen<\/li>\n<\/ul>\n<p><strong><span style=\"color: #118ab2\">Gemeinsam mehr erreichen<\/span><\/strong><br \/>Dies ist nur ein Ausschnitt unserer Arbeit, die durch das Engagement vieler Eltern erm\u00f6glicht wird. All diese Projekte und Anschaffungen gehen \u00fcber die normale Schulausstattung hinaus und schaffen besondere Erlebnisse und M\u00f6glichkeiten f\u00fcr unsere Kinder.<\/p>\n<p>Werden Sie Teil unseres Vereins und unterst\u00fctzen Sie die Grundschule am Lerchenberg mit Ihrem Engagement! Das Beitrittsformular finden Sie <a href=\"https:\/\/wordpress.nibis.de\/gsalwes\/files\/2024\/11\/Foerderverein-der-Grundschule-am-Lerchenberg-e.V.-2004.pdf\">HIER<\/a> oder im Sekretariat.<\/p>\n<p>Bereits mit 15,00 Euro im Jahr verbessern Sie den Schulalltag direkt. Der Beitrag ist steuerlich absetzbar und kann nach Wunsch erh\u00f6ht werden. F\u00fcllen Sie einfach die Beitrittserkl\u00e4rung aus und geben Sie sie Ihrem Kind mit in die Schule. Lassen Sie uns gemeinsam eine wertvolle Schulzeit gestalten!<\/p>\n<p>Herzliche Gr\u00fc\u00dfe,<br \/>der Vorstand des F\u00f6rdervereins<br \/>Bj\u00f6rn Lembck, Maren Lilje, Siegrun Riecke, Jana Gabauer<\/p>\n<p><strong>Kontakt<\/strong>: <span style=\"color: #00ccff\">&#x46;&#111;e&#x72;&#x64;&#101;r&#x76;&#101;r&#x65;&#x69;&#110;&#64;&#x67;&#115;w&#x65;&#x73;&#101;n&#x64;&#x6f;&#114;&#x66;&#x2e;&#100;e<\/span><\/p>\n<p>Bankverbindung: Kont<span style=\"color: #000000\">o IBAN DE 90 2579 1635 0605 8035 00<\/span><br \/>bei der Volksbank eG S\u00fcdheide &#8211; Isenhagener Land &#8211; Altmark\u00a0 \u00a0BIC GENODEF1HMN<\/p>\n<p>\u00a0<\/p>\n\n","protected":false},"excerpt":{"rendered":"<p>Der F\u00f6rderverein stellt sich vor! Liebe Eltern, seit unserer Gr\u00fcndung im Oktober 1995 engagieren wir uns als F\u00f6rderverein leidenschaftlich f\u00fcr die Unterst\u00fctzung und Weiterentwicklung unserer Schule. Unser Ziel ist es, den Schulalltag f\u00fcr die Kinder noch abwechslungsreicher und lebendiger zu gestalten und dabei wertvolle Bildungsprojekte zu f\u00f6rdern, die den regul\u00e4ren Rahmen \u00fcbersteigen. Mit Ihrer Mitgliedschaft &#8230; <a title=\"F\u00f6rderverein\" class=\"read-more\" href=\"https:\/\/wordpress.nibis.de\/gsalwes\/foerderverein\/\" aria-label=\"Mehr Informationen \u00fcber F\u00f6rderverein\">Weiterlesen<\/a><\/p>\n","protected":false},"author":9193715,"featured_media":0,"parent":0,"menu_order":0,"comment_status":"closed","ping_status":"closed","template":"","meta":{"footnotes":""},"class_list":["post-166","page","type-page","status-publish"],"_links":{"self":[{"href":"https:\/\/wordpress.nibis.de\/gsalwes\/wp-json\/wp\/v2\/pages\/166","targetHints":{"allow":["GET"]}}],"collection":[{"href":"https:\/\/wordpress.nibis.de\/gsalwes\/wp-json\/wp\/v2\/pages"}],"about":[{"href":"https:\/\/wordpress.nibis.de\/gsalwes\/wp-json\/wp\/v2\/types\/page"}],"author":[{"embeddable":true,"href":"https:\/\/wordpress.nibis.de\/gsalwes\/wp-json\/wp\/v2\/users\/9193715"}],"replies":[{"embeddable":true,"href":"https:\/\/wordpress.nibis.de\/gsalwes\/wp-json\/wp\/v2\/comments?post=166"}],"version-history":[{"count":18,"href":"https:\/\/wordpress.nibis.de\/gsalwes\/wp-json\/wp\/v2\/pages\/166\/revisions"}],"predecessor-version":[{"id":1963,"href":"https:\/\/wordpress.nibis.de\/gsalwes\/wp-json\/wp\/v2\/pages\/166\/revisions\/1963"}],"wp:attachment":[{"href":"https:\/\/wordpress.nibis.de\/gsalwes\/wp-json\/wp\/v2\/media?parent=166"}],"curies":[{"name":"wp","href":"https:\/\/api.w.org\/{rel}","templated":true}]}}