{"id":1844,"date":"2024-02-19T14:44:11","date_gmt":"2024-02-19T13:44:11","guid":{"rendered":"https:\/\/wordpress.nibis.de\/gsalwes\/?page_id=1844"},"modified":"2024-09-04T20:20:59","modified_gmt":"2024-09-04T18:20:59","slug":"klassenassistenz","status":"publish","type":"page","link":"https:\/\/wordpress.nibis.de\/gsalwes\/klassenassistenz\/","title":{"rendered":"Klassenassistenz"},"content":{"rendered":"\n<p>Unsere Grundschule war f\u00fcnf Jahre lang Projektschule f\u00fcr das Modell\u00a0 &#8222;Klassenassistenz&#8220;.\u00a0 Mit dem Ende des Schuljahres 2023\/24 endete leider auch das Modellprojekt, das zwar erwiesenerma\u00dfen sehr erfolgreich (<a href=\"https:\/\/www.pedocs.de\/volltexte\/2024\/29049\/pdf\/Juergens_et_al_2024_Das_Modellprojekt_Klassenassistenz.pdf\" target=\"_blank\" rel=\"noopener\">Buch Modellprojekt Klassenassistenz) <\/a>war, dennoch aber nicht verl\u00e4ngert wurde.\u00a0<\/p>\n<p>Einige Informationen zu dem Modellprojekt:<\/p>\n<p>Im Modellprojekt <strong>\u201eKlassenassistenz\u201c<\/strong> geh\u00f6rt zu jeder Grundschulklasse neben der Lehrkraft eine weitere Person, die die Klasse \u00fcber den Schulvormittag begleitet und jedes Kind bei Bedarf unterst\u00fctzt: die Klassenassistenz. Weil jedem Kind geholfen wird, wird kein Kind stigmatisiert. Dies ist ein Beitrag zum besseren Verst\u00e4ndnis von Vielfalt und Diversit\u00e4t.<\/p>\n<p>Da die Klassenassistenz &#8218;immer&#8216; da ist, wird sie schnell zur Vertrauensperson, die die Kinder auch um Unterst\u00fctzung bei Konflikten oder anderen Schwierigkeiten bitten.<\/p>\n<p>Im Team mit den Lehrkr\u00e4ften der Klasse bringt sie in die Bewertung von Situationen und in die Beurteilung von Kindern einen anderen, oft hilfreichen Blickwinkel hinein.\u00a0<\/p>\n<p>Was ist der Unterschied zwischen einer Klassenassistenz und einer Schulbegleitung? Welche Aufgaben \u00fcbernehmen Klassenassistenzkr\u00e4fte? Antworten auf diese und weitere Fragen finden Sie in unseren selbst produzierten Filmen. Diese befinden sich (neben vielen weiteren Beitr\u00e4gen zu zu unserer Schule) im Bereich &#8222;Presse&#8220; und hier:\u00a0<\/p>\n<p><a href=\"https:\/\/www.youtube.com\/watch?v=-iNWl1cmuZU\">Aufgaben einer Klassenassistenz<\/a><\/p>\n<p><a href=\"https:\/\/www.youtube.com\/watch?v=bX_0wercXTM\">Unterschied Klassenassistenz &#8211; Schulbegleitung<\/a><\/p>\n<p>\u00a0<\/p>\n<h4><span style=\"text-decoration: underline\"><strong>Auszug aus unserem <a href=\"https:\/\/wordpress.nibis.de\/gsalwes\/paedagogische-haltung\/\">Schulprogramm<\/a> zum Thema Klassenassistenz:\u00a0<\/strong><\/span><\/h4>\n<p>Aus dem inklusiven Grundverst\u00e4ndnis der Grundschule am Lerchenberg heraus, dass kein Kind integriert wird, sondern alle zusammen die bunte Vielfalt der Schule ausmachen, ergibt sich auch, dass die traditionelle, individuell auf einzelne Kinder bezogene Schulbegleitung \u00fcberwunden wird. So hat sich die Schule der Zukunftsaufgabe \u201e<strong>Klassenassistenz<\/strong>\u201c f\u00fcr ein inklusives Bildungssystem gestellt. Unterst\u00fctzt durch eine wissenschaftliche Begleitung wurden zusammen mit dem Landkreis, der Schulaufsicht und den Tr\u00e4gern auf der Grundlage der Empfehlungen des Deutschen Vereins \u201eVon der Schulbegleitung zur Klassenassistenz\u201c die Rahmenbedingungen f\u00fcr das Projekt \u201eKlassenassistenz\u201c erarbeitet, evaluiert und optimiert.<\/p>\n<p>Schon nach den ersten Jahren ergaben sich durch die Einf\u00fchrung der Klassenassistenzen positive Auswirkungen auf das Lernen sowie auf das Schulklima:<\/p>\n<ul>\n<li>Das Projekt hat seine Ziele im Hinblick auf den Unterricht voll erreicht. Die Lehrkr\u00e4fte und Klassenassistenzen k\u00f6nnen allen Kindern mit ihren jeweiligen Bed\u00fcrfnissen besser gerecht werden. Dadurch gibt es weniger Unterbrechungen im Unterricht und mehr Ruhe beim Lernen.<\/li>\n<li>Im Rahmen einer Online-Befragung Ende 2020 erkl\u00e4rten fast alle Sch\u00fcler*innen, dass sie es gut finden, dass mehrere Erwachsene in den Klassen sind und dass sie dadurch besser lernen k\u00f6nnen.<\/li>\n<li>Das Projekt wirkt sich positiv auf das Engagement der Lehrkr\u00e4fte aus und ihre \u00dcberzeugung, bei den Sch\u00fcler*innen durch ihr Handeln etwas bewirken zu k\u00f6nnen, nimmt zu.<\/li>\n<li>Die Klassenassistenzen profitieren f\u00fcr ihre T\u00e4tigkeit sehr von dem Projekt. Sie sind au\u00dferordentlich zufrieden mit der Zusammenarbeit mit den Lehrkr\u00e4ften. Sie f\u00fchlen sich weniger belastet und sind, verglichen mit anderen p\u00e4dagogischen Mitarbeitern, st\u00e4rker \u00fcberzeugt, \u00fcber Handlungsstrategien zu verf\u00fcgen, mit denen sie bei den Schuler*innen etwas bewirken k\u00f6nnen.<\/li>\n<\/ul>\n<p>Vom Projekt \u201eKlassenassistenz\u201c profitieren alle Kinder, weil sich alle angesprochen f\u00fchlen und bei Bedarf Unterst\u00fctzung bekommen. Gleichzeitig verbessert sich die Zusammenarbeit aller Teams; Lehrkr\u00e4fteausf\u00e4lle und Vertretungsunterricht sind unproblematisch zu regeln, da mit den Klassenassistent*innen kontinuierliche Bezugspersonen zus\u00e4tzlich zur Verf\u00fcgung stehen, wenn Vertretungskr\u00e4fte die Kinder einer Klasse noch nicht gut kennen.<\/p>\n<p>\u00a0<\/p>\n<h4><strong><span style=\"text-decoration: underline\">Hier finden Sie den Bericht \u00fcber die Ergebnisse der wissenschaftlichen Begleitung des Projekts<\/span><\/strong><br \/><strong><span style=\"text-decoration: underline\">\u201eKlassenassistenz\u201c an der Grundschule Wesendorf von 2019-2023 zum Download<\/span><\/strong><br \/><br \/><\/h4>\n\n\n\n<div data-wp-interactive=\"core\/file\" class=\"wp-block-file\"><object data-wp-bind--hidden=\"!state.hasPdfPreview\" hidden class=\"wp-block-file__embed\" data=\"https:\/\/wordpress.nibis.de\/gsalwes\/files\/2024\/02\/Begleitforschung-Klassenassistenz.pdf\" type=\"application\/pdf\" style=\"width:100%;height:600px\" aria-label=\"Einbettung von Einbettung von Begleitforschung-Klassenassistenz..\"><\/object><a id=\"wp-block-file--media-75c0b0ab-38ed-4775-8525-4ac054b019c7\" href=\"https:\/\/wordpress.nibis.de\/gsalwes\/files\/2024\/02\/Begleitforschung-Klassenassistenz.pdf\">Begleitforschung-Klassenassistenz<\/a><a href=\"https:\/\/wordpress.nibis.de\/gsalwes\/files\/2024\/02\/Begleitforschung-Klassenassistenz.pdf\" class=\"wp-block-file__button\" download aria-describedby=\"wp-block-file--media-75c0b0ab-38ed-4775-8525-4ac054b019c7\">Herunterladen<\/a><\/div>\n","protected":false},"excerpt":{"rendered":"<p>Unsere Grundschule war f\u00fcnf Jahre lang Projektschule f\u00fcr das Modell\u00a0 &#8222;Klassenassistenz&#8220;.\u00a0 Mit dem Ende des Schuljahres 2023\/24 endete leider auch das Modellprojekt, das zwar erwiesenerma\u00dfen sehr erfolgreich (Buch Modellprojekt Klassenassistenz) war, dennoch aber nicht verl\u00e4ngert wurde.\u00a0 Einige Informationen zu dem Modellprojekt: Im Modellprojekt \u201eKlassenassistenz\u201c geh\u00f6rt zu jeder Grundschulklasse neben der Lehrkraft eine weitere Person, die &#8230; <a title=\"Klassenassistenz\" class=\"read-more\" href=\"https:\/\/wordpress.nibis.de\/gsalwes\/klassenassistenz\/\" aria-label=\"Mehr Informationen \u00fcber Klassenassistenz\">Weiterlesen<\/a><\/p>\n","protected":false},"author":9193715,"featured_media":0,"parent":0,"menu_order":0,"comment_status":"closed","ping_status":"closed","template":"","meta":{"footnotes":""},"class_list":["post-1844","page","type-page","status-publish"],"_links":{"self":[{"href":"https:\/\/wordpress.nibis.de\/gsalwes\/wp-json\/wp\/v2\/pages\/1844","targetHints":{"allow":["GET"]}}],"collection":[{"href":"https:\/\/wordpress.nibis.de\/gsalwes\/wp-json\/wp\/v2\/pages"}],"about":[{"href":"https:\/\/wordpress.nibis.de\/gsalwes\/wp-json\/wp\/v2\/types\/page"}],"author":[{"embeddable":true,"href":"https:\/\/wordpress.nibis.de\/gsalwes\/wp-json\/wp\/v2\/users\/9193715"}],"replies":[{"embeddable":true,"href":"https:\/\/wordpress.nibis.de\/gsalwes\/wp-json\/wp\/v2\/comments?post=1844"}],"version-history":[{"count":16,"href":"https:\/\/wordpress.nibis.de\/gsalwes\/wp-json\/wp\/v2\/pages\/1844\/revisions"}],"predecessor-version":[{"id":1940,"href":"https:\/\/wordpress.nibis.de\/gsalwes\/wp-json\/wp\/v2\/pages\/1844\/revisions\/1940"}],"wp:attachment":[{"href":"https:\/\/wordpress.nibis.de\/gsalwes\/wp-json\/wp\/v2\/media?parent=1844"}],"curies":[{"name":"wp","href":"https:\/\/api.w.org\/{rel}","templated":true}]}}