{"id":1846,"date":"2024-02-19T14:44:33","date_gmt":"2024-02-19T13:44:33","guid":{"rendered":"https:\/\/wordpress.nibis.de\/gsalwes\/?page_id=1846"},"modified":"2024-02-19T15:02:23","modified_gmt":"2024-02-19T14:02:23","slug":"paedagogische-haltung","status":"publish","type":"page","link":"https:\/\/wordpress.nibis.de\/gsalwes\/paedagogische-haltung\/","title":{"rendered":"P\u00e4dagogische Haltung \/ p\u00e4dagogisches Konzept"},"content":{"rendered":"\n<div class=\"wp-block-file\"><a id=\"wp-block-file--media-5a432e60-b416-48e3-a6ca-49df8c1c0649\" href=\"https:\/\/wordpress.nibis.de\/gsalwes\/files\/2024\/02\/2022-05-20-GSaL-Der-rote-Faden-Schulentwicklung.docx\">2022-05-20-GSaL-Der-rote-Faden-Schulentwicklung<\/a><a href=\"https:\/\/wordpress.nibis.de\/gsalwes\/files\/2024\/02\/2022-05-20-GSaL-Der-rote-Faden-Schulentwicklung.docx\" class=\"wp-block-file__button\" download aria-describedby=\"wp-block-file--media-5a432e60-b416-48e3-a6ca-49df8c1c0649\">Herunterladen<\/a><\/div>\n\n\n\n<div class=\"wp-block-file\"><a id=\"wp-block-file--media-7f7286c8-845b-4818-963b-fcae33187a1c\" href=\"https:\/\/wordpress.nibis.de\/gsalwes\/files\/2024\/02\/2022-05-22-GSaL-Schulprogramm.docx\">2022-05-22-GSaL-Schulprogramm<\/a><a href=\"https:\/\/wordpress.nibis.de\/gsalwes\/files\/2024\/02\/2022-05-22-GSaL-Schulprogramm.docx\" class=\"wp-block-file__button\" download aria-describedby=\"wp-block-file--media-7f7286c8-845b-4818-963b-fcae33187a1c\">Herunterladen<\/a><\/div>\n\n\n\n<p>Die GSaL bekennt sich mit dem oben beschriebenen Leitbild &#8211; unabh\u00e4ngig von vorhandenen Ressourcen &#8211; zur Umsetzung inklusiver Strukturen im gesamten Lern- und Lebensbereich der Schule.<\/p>\n<p>Dementsprechend ist die p\u00e4dagogische Arbeit an der Ganztagsgrundschule durch ein umfassendes Verst\u00e4ndnis von Vielfalt gepr\u00e4gt. Die unterschiedlichen Lernvoraussetzungen sowie die ethnische und soziale Herkunft unserer Sch\u00fcler*innen werden ernstgenommen und so ber\u00fccksichtigt, sodass jedes Kind individuell auf seinem Niveau erfolgreich arbeiten kann und keine Besch\u00e4mung erlebt.<\/p>\n<p>Wir setzen bei den St\u00e4rken eines jeden Kindes an, dies ist f\u00fcr uns Grundvoraussetzung f\u00fcr gelingende Inklusion. In der Gestaltung des Ganztags k\u00f6nnen wir die unterschiedlichen Begabungen und St\u00e4rken der Sch\u00fcler*innen aufnehmen und in Arbeitsgruppen sowie Projekten f\u00f6rdern.<\/p>\n\n\n\n<p><\/p>\n","protected":false},"excerpt":{"rendered":"<p>Die GSaL bekennt sich mit dem oben beschriebenen Leitbild &#8211; unabh\u00e4ngig von vorhandenen Ressourcen &#8211; zur Umsetzung inklusiver Strukturen im gesamten Lern- und Lebensbereich der Schule. Dementsprechend ist die p\u00e4dagogische Arbeit an der Ganztagsgrundschule durch ein umfassendes Verst\u00e4ndnis von Vielfalt gepr\u00e4gt. Die unterschiedlichen Lernvoraussetzungen sowie die ethnische und soziale Herkunft unserer Sch\u00fcler*innen werden ernstgenommen und &#8230; <a title=\"P\u00e4dagogische Haltung \/ p\u00e4dagogisches Konzept\" class=\"read-more\" href=\"https:\/\/wordpress.nibis.de\/gsalwes\/paedagogische-haltung\/\" aria-label=\"Mehr Informationen \u00fcber P\u00e4dagogische Haltung \/ p\u00e4dagogisches Konzept\">Weiterlesen<\/a><\/p>\n","protected":false},"author":9193715,"featured_media":0,"parent":0,"menu_order":0,"comment_status":"closed","ping_status":"closed","template":"","meta":{"footnotes":""},"class_list":["post-1846","page","type-page","status-publish"],"_links":{"self":[{"href":"https:\/\/wordpress.nibis.de\/gsalwes\/wp-json\/wp\/v2\/pages\/1846","targetHints":{"allow":["GET"]}}],"collection":[{"href":"https:\/\/wordpress.nibis.de\/gsalwes\/wp-json\/wp\/v2\/pages"}],"about":[{"href":"https:\/\/wordpress.nibis.de\/gsalwes\/wp-json\/wp\/v2\/types\/page"}],"author":[{"embeddable":true,"href":"https:\/\/wordpress.nibis.de\/gsalwes\/wp-json\/wp\/v2\/users\/9193715"}],"replies":[{"embeddable":true,"href":"https:\/\/wordpress.nibis.de\/gsalwes\/wp-json\/wp\/v2\/comments?post=1846"}],"version-history":[{"count":3,"href":"https:\/\/wordpress.nibis.de\/gsalwes\/wp-json\/wp\/v2\/pages\/1846\/revisions"}],"predecessor-version":[{"id":1859,"href":"https:\/\/wordpress.nibis.de\/gsalwes\/wp-json\/wp\/v2\/pages\/1846\/revisions\/1859"}],"wp:attachment":[{"href":"https:\/\/wordpress.nibis.de\/gsalwes\/wp-json\/wp\/v2\/media?parent=1846"}],"curies":[{"name":"wp","href":"https:\/\/api.w.org\/{rel}","templated":true}]}}