{"id":187,"date":"2021-05-16T03:55:21","date_gmt":"2021-05-16T01:55:21","guid":{"rendered":"https:\/\/wordpress.nibis.de\/gsalwes\/?page_id=187"},"modified":"2025-01-31T08:20:42","modified_gmt":"2025-01-31T07:20:42","slug":"intern","status":"publish","type":"page","link":"https:\/\/wordpress.nibis.de\/gsalwes\/intern\/","title":{"rendered":"IServ"},"content":{"rendered":"<h4>Frau Melzer ist Ansprechpartnerin f\u00fcr Fragen und Probleme rund um IServ.<\/h4>\n<h4>Bitte vereinbaren Sie bei Bedarf \u00fcber die Klassenlehrkraft einen Termin f\u00fcr die IServ-Sprechstunde.\u00a0<\/h4>\n<p>(Stand: Januar 2025)<\/p>\n<p>\u00a0<\/p>\n<h1><a href=\"http:\/\/www.gswesendorf.de\">Login IServ<\/a><\/h1>\n\n\n<p><\/p>\n","protected":false},"excerpt":{"rendered":"<p>Frau Melzer ist Ansprechpartnerin f\u00fcr Fragen und Probleme rund um IServ. Bitte vereinbaren Sie bei Bedarf \u00fcber die Klassenlehrkraft einen Termin f\u00fcr die IServ-Sprechstunde.\u00a0 (Stand: Januar 2025) \u00a0 Login IServ<\/p>\n","protected":false},"author":9193715,"featured_media":0,"parent":0,"menu_order":0,"comment_status":"closed","ping_status":"closed","template":"","meta":{"footnotes":""},"class_list":["post-187","page","type-page","status-publish"],"_links":{"self":[{"href":"https:\/\/wordpress.nibis.de\/gsalwes\/wp-json\/wp\/v2\/pages\/187","targetHints":{"allow":["GET"]}}],"collection":[{"href":"https:\/\/wordpress.nibis.de\/gsalwes\/wp-json\/wp\/v2\/pages"}],"about":[{"href":"https:\/\/wordpress.nibis.de\/gsalwes\/wp-json\/wp\/v2\/types\/page"}],"author":[{"embeddable":true,"href":"https:\/\/wordpress.nibis.de\/gsalwes\/wp-json\/wp\/v2\/users\/9193715"}],"replies":[{"embeddable":true,"href":"https:\/\/wordpress.nibis.de\/gsalwes\/wp-json\/wp\/v2\/comments?post=187"}],"version-history":[{"count":14,"href":"https:\/\/wordpress.nibis.de\/gsalwes\/wp-json\/wp\/v2\/pages\/187\/revisions"}],"predecessor-version":[{"id":1976,"href":"https:\/\/wordpress.nibis.de\/gsalwes\/wp-json\/wp\/v2\/pages\/187\/revisions\/1976"}],"wp:attachment":[{"href":"https:\/\/wordpress.nibis.de\/gsalwes\/wp-json\/wp\/v2\/media?parent=187"}],"curies":[{"name":"wp","href":"https:\/\/api.w.org\/{rel}","templated":true}]}}