{"id":1989,"date":"2025-03-24T21:14:15","date_gmt":"2025-03-24T20:14:15","guid":{"rendered":"https:\/\/wordpress.nibis.de\/gsalwes\/?page_id=1989"},"modified":"2025-03-29T22:13:43","modified_gmt":"2025-03-29T21:13:43","slug":"aus-den-klassen-und-gruppen","status":"publish","type":"page","link":"https:\/\/wordpress.nibis.de\/gsalwes\/aus-den-klassen-und-gruppen\/","title":{"rendered":"Aus den Klassen und Gruppen"},"content":{"rendered":"\n<figure class=\"wp-block-image size-large\"><img loading=\"lazy\" decoding=\"async\" width=\"1024\" height=\"923\" src=\"https:\/\/wordpress.nibis.de\/gsalwes\/files\/2025\/03\/Chorauftritt-Maerz-2025-1024x923.jpg\" alt=\"\" class=\"wp-image-1992\" srcset=\"https:\/\/wordpress.nibis.de\/gsalwes\/files\/2025\/03\/Chorauftritt-Maerz-2025-1024x923.jpg 1024w, https:\/\/wordpress.nibis.de\/gsalwes\/files\/2025\/03\/Chorauftritt-Maerz-2025-300x270.jpg 300w, https:\/\/wordpress.nibis.de\/gsalwes\/files\/2025\/03\/Chorauftritt-Maerz-2025-768x692.jpg 768w, https:\/\/wordpress.nibis.de\/gsalwes\/files\/2025\/03\/Chorauftritt-Maerz-2025.jpg 1043w\" sizes=\"auto, (max-width: 1024px) 100vw, 1024px\" \/><\/figure>\n\n\n\n<hr class=\"wp-block-separator\" \/>\n\n\n\n<div class=\"wp-block-group\"><div class=\"wp-block-group__inner-container is-layout-flow wp-block-group-is-layout-flow\">\n<figure class=\"wp-block-gallery has-nested-images columns-default columns-1 tw-gutter-large wp-block-gallery-1 is-layout-flex wp-block-gallery-is-layout-flex\">\n<figure class=\"wp-block-image size-large\"><img loading=\"lazy\" decoding=\"async\" width=\"1024\" height=\"618\" data-id=\"1999\" src=\"https:\/\/wordpress.nibis.de\/gsalwes\/files\/2025\/03\/Collage1-DLR-1024x618.jpg\" alt=\"\" class=\"wp-image-1999\" srcset=\"https:\/\/wordpress.nibis.de\/gsalwes\/files\/2025\/03\/Collage1-DLR-1024x618.jpg 1024w, https:\/\/wordpress.nibis.de\/gsalwes\/files\/2025\/03\/Collage1-DLR-300x181.jpg 300w, https:\/\/wordpress.nibis.de\/gsalwes\/files\/2025\/03\/Collage1-DLR-768x464.jpg 768w, https:\/\/wordpress.nibis.de\/gsalwes\/files\/2025\/03\/Collage1-DLR.jpg 1318w\" sizes=\"auto, (max-width: 1024px) 100vw, 1024px\" \/><\/figure>\n<figcaption class=\"blocks-gallery-caption\"><strong>18.03.2025: JUBEL IN DER DRACHENKLASSE<br><\/strong>Hurra, wir haben den zweiten Platz beim DLR-Wettbewerb gewonnen! Die Drachenkinder berichten: <br><br><strong>Unser Projekt<\/strong><br>Wir haben \u00fcber die verschiedenen Themen geforscht. Dann haben wir Referate gemacht und haben sie bei den Eltern vorgef\u00fchrt. Die Themen durften wir uns aussuchen. Wir haben auch Raketen und Planeten gebaut. Und wir haben ein Lied gedichtet und eine action story in space gemacht.<br>Jakob und Josia<br>\u00a0<br>Wir haben viel gelernt und viele Filme geguckt und wir haben auch gebastelt und geforscht und Referate gehalten. Wir haben in vielen F\u00e4chern gearbeitet, zum Beispiel Englisch, Religion und Physik.<br>Annabella und Levin<br><br><strong>Referate<\/strong><br>Wir haben Plakate erstellt und Referate gehalten. Es wurden Referate zu diesen Themen gehalten: Sonne, Mond, Sterne, Planeten, Raumfahrt, Luftschichten. Jeder durfte sich was aussuchen und wir haben alle gut zusammengearbeitet<br>Alexander und Silvia<br>\u00a0<br><strong>Unsere Ausstellungser\u00f6ffnung<\/strong><br>Am Tag vor den Weihnachtsferien haben wir die Eltern zur Ausstellung eingeladen. Wir haben Plakate gemacht und zusammen ein sehr sch\u00f6nes Fr\u00fchst\u00fcck gegessen. Und wir haben eine Action Story vorgef\u00fchrt und ein selbstgedichtetes Lied gesungen. Die Eltern waren begeistert und haben geklatscht.<br>Lena und Enie<br>\u00a0<br>Wir haben die Eltern eingeladen und haben Plakate vorgestellt. Danach haben wir ein Lied gesungen. Silvia hat zu Hause extra Mond-Kekse gebacken.<br>Jolina, Ajlin, Mia<br><br><strong>Pressekonferenz<\/strong><br>Am Montag, 24.3., waren 3 Leute von der Zeitung da. Denen haben wir die Ausstellung gezeigt und sie haben sehr viele Fotos gemacht. Und sie haben Fragen gestellt und wir haben sie beantwortet. Und jetzt sind wir in der Zeitung, yippiiiiiiiiiiiiie!<br>Emilia und Hanna<br>\u00a0<br>Als die Leute von der Zeitung da waren, haben wir eine Pressekonferenz gemacht und die haben uns Fragen gestellt und wir haben die Fragen beantwortet und sie haben alles aufgeschrieben. Es ist ein toller Artikel geworden und am n\u00e4chsten Tag waren wir schon in der Zeitung.<br>Hanna und Mustafa<br><br><strong>Besuch des RTL-Fernsehteams<\/strong><br>Am Dienstag war das RTL-Team da. Wir haben ihnen die Ausstellung gezeigt. Dann haben wir die Planeten gezeigt. Anschlie\u00dfend sind wir in die Klasse gegangen. Au\u00dferdem haben wir unser Lied gesungen.<br>Max und Marcial.<br>\u00a0<br>Am 25.3.25 kam das Fernsehen (RTL) in die Drachenklasse 3d. Eine Redakteurin, ein Kameramann und ein Tonmann. Als erstes haben wir unseren Song gesungen, danach hat uns das Kamerateam interviewt. Die ganze Klasse freut sich schon auf den Film um 18 Uhr bei RTL Nord und um 18.45 Uhr bei RTL.<br>Joschua und Jonathan<br>\u00a0<br>Wir waren sehr aufgeregt. Als es losgegangen ist, haben sie zuerst Fragen gestellt. Wir konnten alle Fragen beantworten und haben dem RTL-Team die Ausstellung gezeigt. Sie waren sehr begeistert von der Ausstellung und den selbst gebauten Sachen. Zum Schluss haben wir dem Team noch die Planeten gezeigt. Am Ende haben wir mit dem Team und uns ein Foto gemacht.<br>Lara und Annelie<br><br><strong>Preisverleihung in Berlin<\/strong><br>Es war toll, dass wir in Berlin waren. Und es war toll, dass wir tolles Essen gegessen haben. Die von RTL waren auch toll. Und ich habe zwei selbstgemalte Bilder von den Planeten Herrn Maurer gegeben. Er hat sich gefreut. Auch \u00fcber den Schulhonig. Das andere Bild gibt er Alexander Gerst. Und schlie\u00dflich sind wir wieder in den Zug gestiegen.<br>Julian<br>\u00a0<br>Es war toll, dass wir auf der B\u00fchne stehen durften. Dass Herr Maurer uns die Hand gegeben hat. Dass wir mit der Maus und Konstantin unterwegs waren. Dass es so tolles Essen gab und wir gut versorgt wurden. Dass die von RTL sehr nett waren. Dass sie alle sich sehr gefreut haben. Und dass wir danach noch in einem Wissenschaftsmuseum waren. Und dass wir danach Pommes essen waren. Die waren lecker. Und dass wir viel gelernt haben, obwohl wir nicht in der Schule waren.<br>Emily<br><\/figcaption><\/figure>\n\n\n\n<p><\/p>\n\n\n\n<p><\/p>\n\n\n\n<p><\/p>\n<\/div><\/div>\n","protected":false},"excerpt":{"rendered":"","protected":false},"author":9193715,"featured_media":0,"parent":0,"menu_order":0,"comment_status":"closed","ping_status":"closed","template":"","meta":{"footnotes":""},"class_list":["post-1989","page","type-page","status-publish"],"_links":{"self":[{"href":"https:\/\/wordpress.nibis.de\/gsalwes\/wp-json\/wp\/v2\/pages\/1989","targetHints":{"allow":["GET"]}}],"collection":[{"href":"https:\/\/wordpress.nibis.de\/gsalwes\/wp-json\/wp\/v2\/pages"}],"about":[{"href":"https:\/\/wordpress.nibis.de\/gsalwes\/wp-json\/wp\/v2\/types\/page"}],"author":[{"embeddable":true,"href":"https:\/\/wordpress.nibis.de\/gsalwes\/wp-json\/wp\/v2\/users\/9193715"}],"replies":[{"embeddable":true,"href":"https:\/\/wordpress.nibis.de\/gsalwes\/wp-json\/wp\/v2\/comments?post=1989"}],"version-history":[{"count":13,"href":"https:\/\/wordpress.nibis.de\/gsalwes\/wp-json\/wp\/v2\/pages\/1989\/revisions"}],"predecessor-version":[{"id":2012,"href":"https:\/\/wordpress.nibis.de\/gsalwes\/wp-json\/wp\/v2\/pages\/1989\/revisions\/2012"}],"wp:attachment":[{"href":"https:\/\/wordpress.nibis.de\/gsalwes\/wp-json\/wp\/v2\/media?parent=1989"}],"curies":[{"name":"wp","href":"https:\/\/api.w.org\/{rel}","templated":true}]}}