{"id":358,"date":"2021-06-30T20:09:31","date_gmt":"2021-06-30T18:09:31","guid":{"rendered":"https:\/\/wordpress.nibis.de\/gsalwes\/?page_id=358"},"modified":"2025-03-24T21:00:30","modified_gmt":"2025-03-24T20:00:30","slug":"fuer-kinder","status":"publish","type":"page","link":"https:\/\/wordpress.nibis.de\/gsalwes\/aktuelles\/fuer-kinder\/","title":{"rendered":"F\u00fcr Kinder"},"content":{"rendered":"<p><strong><span style=\"color: #06d6a0\">Hallo liebes Schulkind!<\/span><\/strong><\/p>\n<p>Sch\u00f6n, dass du dich auf unserer Seite umsiehst! An dieser Stelle haben wir<strong> Ideen gegen Langeweile<\/strong> gesammelt, die du weiter unten nachlesen kannst.\u00a0<\/p>\n<p>Zun\u00e4chst findest du <strong>Internetseiten\u00a0f\u00fcr Schulkinder<\/strong>, die f\u00fcr dich interessant sein k\u00f6nnten. Klicke daf\u00fcr einfach unten auf den blau geschriebenen Namen!<\/p>\n<p>Bitte sprich deine Eltern an, wenn du im Internet surfen m\u00f6chtest!\u00a0<\/p>\n<p><a href=\"http:\/\/www.antolin.de\" target=\"_blank\" rel=\"noopener noreferrer\">Antolin<\/a><\/p>\n<p><a href=\"https:\/\/anton.app\">Anton<\/a><\/p>\n<p><a href=\"http:\/\/www.zahlenzorro.de\" target=\"_blank\" rel=\"noopener noreferrer\">Zahlenzorro<\/a><\/p>\n<p><a href=\"http:\/\/www.fragfinn.de\" target=\"_blank\" rel=\"noopener noreferrer\">Frag Finn (Kindersuchmaschine)<\/a><\/p>\n<p><a href=\"http:\/\/www.internet-abc.de\" target=\"_blank\" rel=\"noopener noreferrer\">Internet-ABC<\/a><\/p>\n<p><a href=\"https:\/\/www.labbe.de\/Life-Hacks-fuer-Kinder\/\" target=\"_blank\" rel=\"noopener noreferrer\">Zzzzzebra (Informationen und Ideen f\u00fcr kreative Kinder)<\/a><\/p>\n<p><a href=\"https:\/\/www.wdrmaus.de\" target=\"_blank\" rel=\"noopener noreferrer\">Die Maus<\/a><\/p>\n<p><a href=\"https:\/\/www.kika.de\/logo\/sendungen\/logo-die-welt-und-ich-586.html\" target=\"_blank\" rel=\"noopener noreferrer\">Logo Kindernachrichten<\/a><\/p>\n<p>\u00a0<\/p>\n<p>Wei\u00dft Du gerade nicht, was du machen sollst? Wir Lehrer haben uns im Fr\u00fchling 2020 ein paar <strong>Aktivit\u00e4ten<\/strong> \u00fcberlegt,<\/p>\n<p>die du in deiner freien Zeit machen k\u00f6nntest. Bitte frage vorher immer deine Eltern um Erlaubnis!<\/p>\n\n\n<figure class=\"wp-block-image size-large\"><img loading=\"lazy\" decoding=\"async\" width=\"733\" height=\"861\" src=\"https:\/\/wordpress.nibis.de\/gsalwes\/files\/2021\/07\/F\u00fcr-Kinder-Besch\u00e4ftigungsm\u00f6glichkeiten.png\" alt=\"\" class=\"wp-image-508\" srcset=\"https:\/\/wordpress.nibis.de\/gsalwes\/files\/2021\/07\/F\u00fcr-Kinder-Besch\u00e4ftigungsm\u00f6glichkeiten.png 733w, https:\/\/wordpress.nibis.de\/gsalwes\/files\/2021\/07\/F\u00fcr-Kinder-Besch\u00e4ftigungsm\u00f6glichkeiten-255x300.png 255w\" sizes=\"auto, (max-width: 733px) 100vw, 733px\" \/><\/figure>\n\n\n\n<figure class=\"wp-block-image size-large\"><img loading=\"lazy\" decoding=\"async\" width=\"863\" height=\"637\" src=\"https:\/\/wordpress.nibis.de\/gsalwes\/files\/2021\/07\/F\u00fcr-Kinder2-Besch\u00e4ftigungsm\u00f6glichkeiten.png\" alt=\"\" class=\"wp-image-509\" srcset=\"https:\/\/wordpress.nibis.de\/gsalwes\/files\/2021\/07\/F\u00fcr-Kinder2-Besch\u00e4ftigungsm\u00f6glichkeiten.png 863w, https:\/\/wordpress.nibis.de\/gsalwes\/files\/2021\/07\/F\u00fcr-Kinder2-Besch\u00e4ftigungsm\u00f6glichkeiten-300x221.png 300w, https:\/\/wordpress.nibis.de\/gsalwes\/files\/2021\/07\/F\u00fcr-Kinder2-Besch\u00e4ftigungsm\u00f6glichkeiten-768x567.png 768w\" sizes=\"auto, (max-width: 863px) 100vw, 863px\" \/><\/figure>\n","protected":false},"excerpt":{"rendered":"<p>Hallo liebes Schulkind! Sch\u00f6n, dass du dich auf unserer Seite umsiehst! An dieser Stelle haben wir Ideen gegen Langeweile gesammelt, die du weiter unten nachlesen kannst.\u00a0 Zun\u00e4chst findest du Internetseiten\u00a0f\u00fcr Schulkinder, die f\u00fcr dich interessant sein k\u00f6nnten. Klicke daf\u00fcr einfach unten auf den blau geschriebenen Namen! Bitte sprich deine Eltern an, wenn du im Internet &#8230; <a title=\"F\u00fcr Kinder\" class=\"read-more\" href=\"https:\/\/wordpress.nibis.de\/gsalwes\/aktuelles\/fuer-kinder\/\" aria-label=\"Mehr Informationen \u00fcber F\u00fcr Kinder\">Weiterlesen<\/a><\/p>\n","protected":false},"author":9193715,"featured_media":0,"parent":92,"menu_order":0,"comment_status":"closed","ping_status":"closed","template":"","meta":{"footnotes":""},"class_list":["post-358","page","type-page","status-publish"],"_links":{"self":[{"href":"https:\/\/wordpress.nibis.de\/gsalwes\/wp-json\/wp\/v2\/pages\/358","targetHints":{"allow":["GET"]}}],"collection":[{"href":"https:\/\/wordpress.nibis.de\/gsalwes\/wp-json\/wp\/v2\/pages"}],"about":[{"href":"https:\/\/wordpress.nibis.de\/gsalwes\/wp-json\/wp\/v2\/types\/page"}],"author":[{"embeddable":true,"href":"https:\/\/wordpress.nibis.de\/gsalwes\/wp-json\/wp\/v2\/users\/9193715"}],"replies":[{"embeddable":true,"href":"https:\/\/wordpress.nibis.de\/gsalwes\/wp-json\/wp\/v2\/comments?post=358"}],"version-history":[{"count":16,"href":"https:\/\/wordpress.nibis.de\/gsalwes\/wp-json\/wp\/v2\/pages\/358\/revisions"}],"predecessor-version":[{"id":1985,"href":"https:\/\/wordpress.nibis.de\/gsalwes\/wp-json\/wp\/v2\/pages\/358\/revisions\/1985"}],"up":[{"embeddable":true,"href":"https:\/\/wordpress.nibis.de\/gsalwes\/wp-json\/wp\/v2\/pages\/92"}],"wp:attachment":[{"href":"https:\/\/wordpress.nibis.de\/gsalwes\/wp-json\/wp\/v2\/media?parent=358"}],"curies":[{"name":"wp","href":"https:\/\/api.w.org\/{rel}","templated":true}]}}