{"id":366,"date":"2021-06-30T20:16:13","date_gmt":"2021-06-30T18:16:13","guid":{"rendered":"https:\/\/wordpress.nibis.de\/gsalwes\/?page_id=366"},"modified":"2024-08-29T14:37:37","modified_gmt":"2024-08-29T12:37:37","slug":"ganztag","status":"publish","type":"page","link":"https:\/\/wordpress.nibis.de\/gsalwes\/schulleben\/ganztag\/","title":{"rendered":"Ganztag"},"content":{"rendered":"\n<p><\/p>\n\n\n\n<h3 style=\"text-align: center\"><span style=\"color: #118ab2\"><strong>Informationen rund um den Ganztag<\/strong><\/span><\/h3>\n\n\n\n\n\n<div class=\"wp-block-image\"><figure class=\"alignleft size-large is-resized\"><img loading=\"lazy\" decoding=\"async\" src=\"https:\/\/wordpress.nibis.de\/gsalwes\/files\/2023\/11\/GT-1123-1024x553.png\" alt=\"\" class=\"wp-image-1815\" width=\"744\" height=\"403\" srcset=\"https:\/\/wordpress.nibis.de\/gsalwes\/files\/2023\/11\/GT-1123-1024x553.png 1024w, https:\/\/wordpress.nibis.de\/gsalwes\/files\/2023\/11\/GT-1123-300x162.png 300w, https:\/\/wordpress.nibis.de\/gsalwes\/files\/2023\/11\/GT-1123-768x415.png 768w, https:\/\/wordpress.nibis.de\/gsalwes\/files\/2023\/11\/GT-1123-1536x829.png 1536w, https:\/\/wordpress.nibis.de\/gsalwes\/files\/2023\/11\/GT-1123.png 1550w\" sizes=\"auto, (max-width: 744px) 100vw, 744px\" \/><figcaption><strong>Allgemeine Informationen zum Ganztagsangebot<\/strong><br>Die Anmeldung zum Ganztag ist <strong>verbindlich <\/strong>f\u00fcr das gesamte Schuljahr<br>Auch am Nachmittag besteht <strong>Schulpflicht<\/strong><br>Abmeldungen sind nur in Ausnahmef\u00e4llen m\u00f6glich<br>Sie k\u00f6nnen ihr Kind f\u00fcr die Ganztagsbetreuung von <strong>Montag bis Donnerstag<\/strong> (t\u00e4glich bis 15.30 Uhr) sowie f\u00fcr eine <strong>Zusatzbetreuung am Freitag<\/strong> (bis 14 Uhr) anmelden<br>Ausnahmen f\u00fcr das Abholen vor Schulschluss: Therapie, Arztbesuch &amp; Schwimmkurs (mit Bescheinigung), Geburtstag des Kindes<br><br><strong>Bewegungs- und Ruhezeit<\/strong><br>Nach dem Essen haben die Kinder die M\u00f6glichkeit auf dem Pausenhof zu spielen oder sich in das Forum oder in den Ruheraum zur\u00fcckzuziehen.<br>&nbsp;<br><strong>Lern- und \u00dcbungszeit<\/strong><br>Die Lern- und \u00dcbungszeit findet in festen Gruppen in einem Klassenraum statt.<br>Die Kinder werden bei dem Erledigen ihrer Wochenhausaufgaben von den Betreuungskr\u00e4ften unterst\u00fctzt.<br>&nbsp;<br><strong>Gruppen und AG-Angebote<\/strong><br>Die Kinder werden in festen Gruppen betreut (momentan 7 Gruppen, vier Gruppen bestehend aus Erst- und Zweitkl\u00e4sslern, drei Gruppen bestehend aus Dritt- und Viertkl\u00e4sslern)<br>Neben den festen Gruppenr\u00e4umen gibt es einen Betreuungsraum in der Grundschule und zwei Betreuungsr\u00e4ume in der OBS sowie einen Snoezelraum, das Forum und den Multifunktionsraum (Werken und K\u00fcche)<br>Nach der Kennlernzeit in den ersten Wochen k\u00f6nnen die Kinder w\u00e4hlen, an welchen AG-Angeboten sie teilnehmen m\u00f6chten<br>Die Angebote finden t\u00e4glich wechselnd von Montag bis Donnerstag statt. Die Kinder k\u00f6nnen sich hierf\u00fcr bereits am Vormittag in Listen eintragen und selbstst\u00e4ndig entscheiden, an welchem Angebot sie teilnehmen m\u00f6chten.<\/figcaption><\/figure><\/div>\n\n\n\n<figure class=\"wp-block-image size-full\"><img loading=\"lazy\" decoding=\"async\" width=\"948\" height=\"643\" src=\"https:\/\/wordpress.nibis.de\/gsalwes\/files\/2024\/08\/Zeiten-GANZTAG.jpg\" alt=\"\" class=\"wp-image-1924\" srcset=\"https:\/\/wordpress.nibis.de\/gsalwes\/files\/2024\/08\/Zeiten-GANZTAG.jpg 948w, https:\/\/wordpress.nibis.de\/gsalwes\/files\/2024\/08\/Zeiten-GANZTAG-300x203.jpg 300w, https:\/\/wordpress.nibis.de\/gsalwes\/files\/2024\/08\/Zeiten-GANZTAG-768x521.jpg 768w\" sizes=\"auto, (max-width: 948px) 100vw, 948px\" \/><\/figure>\n\n\n\n<p><\/p>\n\n\n<p>\u00a0<\/p>\n<p><a href=\"https:\/\/wordpress.nibis.de\/gsalwes\/files\/2023\/05\/Anmeldung-Ganztagsgrundschule-2023-2024.pdf\">Anmeldung zum Angebot der offenen Ganztagsgrundschule 2023-24<\/a><\/p>\n<p><a href=\"https:\/\/wordpress.nibis.de\/gsalwes\/files\/2023\/05\/MenuePartner.pdf\">Mensa Anmeldung<\/a><\/p>\n<p><a href=\"https:\/\/wordpress.nibis.de\/gsalwes\/schulleben\/ganztag\/kontakt\/\">Kontakt<\/a><\/p>\n<p><a href=\"https:\/\/wordpress.nibis.de\/gsalwes\/schulleben\/ganztag\/das-ganztags-team\/\">Das Ganztags-Team<\/a><\/p>\n<p><a href=\"https:\/\/wordpress.nibis.de\/gsalwes\/schulleben\/ganztag\/mittagessen\/\">Mittagessen<\/a><\/p>\n<p><a href=\"https:\/\/wordpress.nibis.de\/gsalwes\/aus-den-gruppen-schuljahr-22-23\/\">Aus den Gruppen (Schuljahr 2022\/23)<\/a><\/p>\n<p>Sie m\u00f6chten bei uns arbeiten? Hier finden Sie unsere\u00a0<a href=\"https:\/\/wordpress.nibis.de\/gsalwes\/schulleben\/ganztag\/stellenanzeigen\/\">aktuellen Stellenanzeigen.<\/a><\/p>\n\n","protected":false},"excerpt":{"rendered":"<p>Informationen rund um den Ganztag \u00a0 Anmeldung zum Angebot der offenen Ganztagsgrundschule 2023-24 Mensa Anmeldung Kontakt Das Ganztags-Team Mittagessen Aus den Gruppen (Schuljahr 2022\/23) Sie m\u00f6chten bei uns arbeiten? Hier finden Sie unsere\u00a0aktuellen Stellenanzeigen.<\/p>\n","protected":false},"author":9193715,"featured_media":0,"parent":159,"menu_order":0,"comment_status":"closed","ping_status":"closed","template":"","meta":{"footnotes":""},"class_list":["post-366","page","type-page","status-publish"],"_links":{"self":[{"href":"https:\/\/wordpress.nibis.de\/gsalwes\/wp-json\/wp\/v2\/pages\/366","targetHints":{"allow":["GET"]}}],"collection":[{"href":"https:\/\/wordpress.nibis.de\/gsalwes\/wp-json\/wp\/v2\/pages"}],"about":[{"href":"https:\/\/wordpress.nibis.de\/gsalwes\/wp-json\/wp\/v2\/types\/page"}],"author":[{"embeddable":true,"href":"https:\/\/wordpress.nibis.de\/gsalwes\/wp-json\/wp\/v2\/users\/9193715"}],"replies":[{"embeddable":true,"href":"https:\/\/wordpress.nibis.de\/gsalwes\/wp-json\/wp\/v2\/comments?post=366"}],"version-history":[{"count":34,"href":"https:\/\/wordpress.nibis.de\/gsalwes\/wp-json\/wp\/v2\/pages\/366\/revisions"}],"predecessor-version":[{"id":1930,"href":"https:\/\/wordpress.nibis.de\/gsalwes\/wp-json\/wp\/v2\/pages\/366\/revisions\/1930"}],"up":[{"embeddable":true,"href":"https:\/\/wordpress.nibis.de\/gsalwes\/wp-json\/wp\/v2\/pages\/159"}],"wp:attachment":[{"href":"https:\/\/wordpress.nibis.de\/gsalwes\/wp-json\/wp\/v2\/media?parent=366"}],"curies":[{"name":"wp","href":"https:\/\/api.w.org\/{rel}","templated":true}]}}