{"id":368,"date":"2021-06-30T20:16:40","date_gmt":"2021-06-30T18:16:40","guid":{"rendered":"https:\/\/wordpress.nibis.de\/gsalwes\/?page_id=368"},"modified":"2025-10-29T16:26:58","modified_gmt":"2025-10-29T15:26:58","slug":"brueckenjahr","status":"publish","type":"page","link":"https:\/\/wordpress.nibis.de\/gsalwes\/schulleben\/brueckenjahr\/","title":{"rendered":"Br\u00fcckenjahr"},"content":{"rendered":"\n<p>Hier finden Sie Informationen zum <strong>Br\u00fcckenjahr<\/strong>, dem letzten Kindergartenjahr vor der Einschulung.&nbsp;<\/p>\n\n\n\n<p><\/p>\n\n\n\n<p><a href=\"https:\/\/padlet.com\/romintaboden\/u5ysedfc9tm354oe\">Bitte klicken Sie hier f\u00fcr die Filme zum Br\u00fcckenjahr und zum Maulwurfsquiz<\/a><\/p>\n\n\n\n<p>Falls die Filme sich nicht abspielen lassen, klicken Sie bitte im Link oben rechts auf &#8222;In neuem Fenster \u00f6ffnen&#8220;. Dann sollten die Filme abgespielt werden k\u00f6nnen.<\/p>\n<p>\u00a0<\/p>\n\n\n\n<figure class=\"wp-block-image size-full\"><img loading=\"lazy\" decoding=\"async\" width=\"669\" height=\"774\" src=\"https:\/\/wordpress.nibis.de\/gsalwes\/files\/2025\/10\/1.png\" alt=\"\" class=\"wp-image-2092\" srcset=\"https:\/\/wordpress.nibis.de\/gsalwes\/files\/2025\/10\/1.png 669w, https:\/\/wordpress.nibis.de\/gsalwes\/files\/2025\/10\/1-259x300.png 259w\" sizes=\"auto, (max-width: 669px) 100vw, 669px\" \/><\/figure>\n\n\n\n<figure class=\"wp-block-image size-large\"><img loading=\"lazy\" decoding=\"async\" width=\"675\" height=\"1024\" src=\"https:\/\/wordpress.nibis.de\/gsalwes\/files\/2025\/10\/2-675x1024.png\" alt=\"\" class=\"wp-image-2093\" srcset=\"https:\/\/wordpress.nibis.de\/gsalwes\/files\/2025\/10\/2-675x1024.png 675w, https:\/\/wordpress.nibis.de\/gsalwes\/files\/2025\/10\/2-198x300.png 198w, https:\/\/wordpress.nibis.de\/gsalwes\/files\/2025\/10\/2.png 693w\" sizes=\"auto, (max-width: 675px) 100vw, 675px\" \/><\/figure>\n\n\n\n<figure class=\"wp-block-image size-large\"><img loading=\"lazy\" decoding=\"async\" width=\"698\" height=\"1024\" src=\"https:\/\/wordpress.nibis.de\/gsalwes\/files\/2025\/10\/3-698x1024.png\" alt=\"\" class=\"wp-image-2094\" srcset=\"https:\/\/wordpress.nibis.de\/gsalwes\/files\/2025\/10\/3-698x1024.png 698w, https:\/\/wordpress.nibis.de\/gsalwes\/files\/2025\/10\/3-204x300.png 204w, https:\/\/wordpress.nibis.de\/gsalwes\/files\/2025\/10\/3.png 745w\" sizes=\"auto, (max-width: 698px) 100vw, 698px\" \/><\/figure>\n\n\n\n<figure class=\"wp-block-image size-full\"><img loading=\"lazy\" decoding=\"async\" width=\"676\" height=\"971\" src=\"https:\/\/wordpress.nibis.de\/gsalwes\/files\/2025\/10\/5.png\" alt=\"\" class=\"wp-image-2095\" srcset=\"https:\/\/wordpress.nibis.de\/gsalwes\/files\/2025\/10\/5.png 676w, https:\/\/wordpress.nibis.de\/gsalwes\/files\/2025\/10\/5-209x300.png 209w\" sizes=\"auto, (max-width: 676px) 100vw, 676px\" \/><\/figure>\n\n\n\n<figure class=\"wp-block-image size-large\"><img loading=\"lazy\" decoding=\"async\" width=\"653\" height=\"1024\" src=\"https:\/\/wordpress.nibis.de\/gsalwes\/files\/2025\/10\/6-653x1024.png\" alt=\"\" class=\"wp-image-2096\" srcset=\"https:\/\/wordpress.nibis.de\/gsalwes\/files\/2025\/10\/6-653x1024.png 653w, https:\/\/wordpress.nibis.de\/gsalwes\/files\/2025\/10\/6-191x300.png 191w, https:\/\/wordpress.nibis.de\/gsalwes\/files\/2025\/10\/6.png 689w\" sizes=\"auto, (max-width: 653px) 100vw, 653px\" \/><\/figure>\n\n\n\n<figure class=\"wp-block-image size-large\"><img loading=\"lazy\" decoding=\"async\" width=\"733\" height=\"1079\" src=\"https:\/\/wordpress.nibis.de\/gsalwes\/files\/2025\/10\/4-696x1024.png\" alt=\"\" class=\"wp-image-2097\" srcset=\"https:\/\/wordpress.nibis.de\/gsalwes\/files\/2025\/10\/4-696x1024.png 696w, https:\/\/wordpress.nibis.de\/gsalwes\/files\/2025\/10\/4-204x300.png 204w, https:\/\/wordpress.nibis.de\/gsalwes\/files\/2025\/10\/4.png 733w\" sizes=\"auto, (max-width: 733px) 100vw, 733px\" \/><\/figure>\n","protected":false},"excerpt":{"rendered":"<p>Hier finden Sie Informationen zum Br\u00fcckenjahr, dem letzten Kindergartenjahr vor der Einschulung.&nbsp; Bitte klicken Sie hier f\u00fcr die Filme zum Br\u00fcckenjahr und zum Maulwurfsquiz Falls die Filme sich nicht abspielen lassen, klicken Sie bitte im Link oben rechts auf &#8222;In neuem Fenster \u00f6ffnen&#8220;. Dann sollten die Filme abgespielt werden k\u00f6nnen. \u00a0<\/p>\n","protected":false},"author":9193715,"featured_media":0,"parent":159,"menu_order":0,"comment_status":"closed","ping_status":"closed","template":"","meta":{"footnotes":""},"class_list":["post-368","page","type-page","status-publish"],"_links":{"self":[{"href":"https:\/\/wordpress.nibis.de\/gsalwes\/wp-json\/wp\/v2\/pages\/368","targetHints":{"allow":["GET"]}}],"collection":[{"href":"https:\/\/wordpress.nibis.de\/gsalwes\/wp-json\/wp\/v2\/pages"}],"about":[{"href":"https:\/\/wordpress.nibis.de\/gsalwes\/wp-json\/wp\/v2\/types\/page"}],"author":[{"embeddable":true,"href":"https:\/\/wordpress.nibis.de\/gsalwes\/wp-json\/wp\/v2\/users\/9193715"}],"replies":[{"embeddable":true,"href":"https:\/\/wordpress.nibis.de\/gsalwes\/wp-json\/wp\/v2\/comments?post=368"}],"version-history":[{"count":20,"href":"https:\/\/wordpress.nibis.de\/gsalwes\/wp-json\/wp\/v2\/pages\/368\/revisions"}],"predecessor-version":[{"id":2098,"href":"https:\/\/wordpress.nibis.de\/gsalwes\/wp-json\/wp\/v2\/pages\/368\/revisions\/2098"}],"up":[{"embeddable":true,"href":"https:\/\/wordpress.nibis.de\/gsalwes\/wp-json\/wp\/v2\/pages\/159"}],"wp:attachment":[{"href":"https:\/\/wordpress.nibis.de\/gsalwes\/wp-json\/wp\/v2\/media?parent=368"}],"curies":[{"name":"wp","href":"https:\/\/api.w.org\/{rel}","templated":true}]}}