{"id":570,"date":"2021-08-17T22:42:57","date_gmt":"2021-08-17T20:42:57","guid":{"rendered":"https:\/\/wordpress.nibis.de\/gsalwes\/?page_id=570"},"modified":"2022-02-22T23:17:35","modified_gmt":"2022-02-22T22:17:35","slug":"bienen","status":"publish","type":"page","link":"https:\/\/wordpress.nibis.de\/gsalwes\/schulleben\/bienen\/","title":{"rendered":"Bienen"},"content":{"rendered":"\n<figure class=\"wp-block-image size-large is-resized\"><img loading=\"lazy\" decoding=\"async\" src=\"https:\/\/wordpress.nibis.de\/gsalwes\/files\/2021\/08\/Bildschirmfoto-2021-08-04-um-22.08.12-1024x768.png\" alt=\"\" class=\"wp-image-555\" width=\"603\" height=\"451\" srcset=\"https:\/\/wordpress.nibis.de\/gsalwes\/files\/2021\/08\/Bildschirmfoto-2021-08-04-um-22.08.12-1024x768.png 1024w, https:\/\/wordpress.nibis.de\/gsalwes\/files\/2021\/08\/Bildschirmfoto-2021-08-04-um-22.08.12-300x225.png 300w, https:\/\/wordpress.nibis.de\/gsalwes\/files\/2021\/08\/Bildschirmfoto-2021-08-04-um-22.08.12-768x576.png 768w\" sizes=\"auto, (max-width: 603px) 100vw, 603px\" \/><\/figure>\n\n\n<h1>&nbsp;<\/h1>\n<h1><span style=\"color: #ffd166\"><strong>Unsere schuleigene Imkerei<\/strong><\/span><\/h1>\n<p>Nils Dreher, ausgebildeter Imker und Lehrer an der Schule, leitet die Schulimkerei. Er teilt sich die Arbeit mit Anna Peschke, die ihm immer \u00f6fter \u00fcber die Schulter schaut und das Imkern lernt.&nbsp;<\/p>\n<p><span style=\"color: #118ab2\"><strong>Warum Bienen in der Schule?<\/strong><\/span><\/p>\n<p>Bienen haben einen ganz festen Platz im \u00d6kosystem. Trotzdem haben kaum Sch\u00fclerInnen die M\u00f6glichkeit, Bienen kennenzulernen.<\/p>\n<p>An der Grundschule am Lerchenberg lernen Kinder, Verantwortung f\u00fcr die Natur und die Umwelt zu \u00fcbernehmen. Daf\u00fcr ist die Grunderfahrung mit der Natur sehr wichtig. Genau hier setzt das Projekt an und l\u00e4sst Kinder praktische Erfahrungen mit Bienen sammeln.<\/p>\n<p>Stehen wir bei unseren Bienenv\u00f6lkern, werden keine Wissensst\u00e4nde abgefragt. Die gro\u00dfen Fragen kommen von ganz alleine:<\/p>\n<p>Von wo n\u00e4hern wir uns? Wie klingen Bienen, wenn sie aufgeregt sind? Was sehen wir alles auf dieser Wabe? Kann man Bienen streicheln? Wo lagern sie den Honig? Warum sehen manche Bienen anders aus als andere? M\u00fcssen Bienen trinken?<\/p>\n<p><span style=\"color: #118ab2\"><strong>Was macht die schuleigene Imkerei?<\/strong><\/span><\/p>\n<p>Gemeinsam begleiten die Kinder die Bienen durch das ganze Jahr. Dabei fallen sehr viele unterschiedliche Arbeiten an: Die Aufbereitung der R\u00e4hmchen, die Vorbereitung der Beuten, Schwarmkontrolle am Bienenvolk, das Ernten des Honigs, die Verarbeitung des Honigs, das Abf\u00fcllen und das Etikettieren\u2026 und noch ganz viel mehr.<\/p>\n<p>Im Winter geben wir den Honig gegen angemessene Spenden ab. Das Geld, das eingenommen wurde, wurde zun\u00e4chst in Werkzeug f\u00fcr die Imkerei reinvestiert. Mittlerweile ist alles gekauft und die Erl\u00f6se gehen an den F\u00f6rderverein der GS am Lerchenberg.<\/p>\n<p><\/p>\n\n\n<div class=\"wp-block-columns is-layout-flex wp-container-core-columns-is-layout-abceabcf wp-block-columns-is-layout-flex\">\n<div class=\"wp-block-column is-layout-flow wp-block-column-is-layout-flow\" style=\"--col-width:100%;flex-basis:100%\">\n<div class=\"wp-block-group\"><div class=\"wp-block-group__inner-container is-layout-flow wp-block-group-is-layout-flow\">\n<div class=\"wp-block-columns is-layout-flex wp-container-core-columns-is-layout-abceabcf wp-block-columns-is-layout-flex\">\n<div class=\"wp-block-column is-vertically-aligned-center is-layout-flow wp-block-column-is-layout-flow\" style=\"--col-width:100%;flex-basis:100%\">\n<div class=\"wp-block-media-text alignwide is-stacked-on-mobile\"><figure class=\"wp-block-media-text__media\"><img loading=\"lazy\" decoding=\"async\" width=\"769\" height=\"1024\" src=\"https:\/\/wordpress.nibis.de\/gsalwes\/files\/2021\/08\/Bildschirmfoto-2021-08-04-um-22.07.23-769x1024.png\" alt=\"\" class=\"wp-image-557 size-full\" srcset=\"https:\/\/wordpress.nibis.de\/gsalwes\/files\/2021\/08\/Bildschirmfoto-2021-08-04-um-22.07.23-769x1024.png 769w, https:\/\/wordpress.nibis.de\/gsalwes\/files\/2021\/08\/Bildschirmfoto-2021-08-04-um-22.07.23-225x300.png 225w, https:\/\/wordpress.nibis.de\/gsalwes\/files\/2021\/08\/Bildschirmfoto-2021-08-04-um-22.07.23-768x1022.png 768w, https:\/\/wordpress.nibis.de\/gsalwes\/files\/2021\/08\/Bildschirmfoto-2021-08-04-um-22.07.23.png 773w\" sizes=\"auto, (max-width: 769px) 100vw, 769px\" \/><\/figure><div class=\"wp-block-media-text__content\">\n<p class=\"has-large-font-size\"><\/p>\n\n\n\n<figure class=\"wp-block-image\"><img decoding=\"async\" src=\"https:\/\/wordpress.nibis.de\/gsalwes\/files\/2021\/08\/Bildschirmfoto-2021-08-04-um-22.06.45-569x1024.png\" alt=\"Dieses Bild hat ein leeres Alt-Attribut. Der Dateiname ist Bildschirmfoto-2021-08-04-um-22.06.45-569x1024.png\" \/><\/figure>\n\n\n\n<p><\/p>\n<\/div><\/div>\n\n\n\n<div class=\"wp-block-media-text alignwide is-stacked-on-mobile\"><figure class=\"wp-block-media-text__media\"><img loading=\"lazy\" decoding=\"async\" width=\"576\" height=\"1024\" src=\"https:\/\/wordpress.nibis.de\/gsalwes\/files\/2021\/08\/Bildschirmfoto-2021-08-04-um-22.07.01-576x1024.png\" alt=\"\" class=\"wp-image-558 size-full\" srcset=\"https:\/\/wordpress.nibis.de\/gsalwes\/files\/2021\/08\/Bildschirmfoto-2021-08-04-um-22.07.01-576x1024.png 576w, https:\/\/wordpress.nibis.de\/gsalwes\/files\/2021\/08\/Bildschirmfoto-2021-08-04-um-22.07.01-169x300.png 169w, https:\/\/wordpress.nibis.de\/gsalwes\/files\/2021\/08\/Bildschirmfoto-2021-08-04-um-22.07.01.png 583w\" sizes=\"auto, (max-width: 576px) 100vw, 576px\" \/><\/figure><div class=\"wp-block-media-text__content\">\n<p class=\"has-large-font-size\"><\/p>\n\n\n\n<figure class=\"wp-block-image is-resized\"><img loading=\"lazy\" decoding=\"async\" src=\"https:\/\/wordpress.nibis.de\/gsalwes\/files\/2021\/08\/Bildschirmfoto-2021-08-04-um-22.05.25-1015x1024.png\" alt=\"Dieses Bild hat ein leeres Alt-Attribut. Der Dateiname ist Bildschirmfoto-2021-08-04-um-22.05.25-1015x1024.png\" width=\"305\" height=\"307\" \/><\/figure>\n<\/div><\/div>\n\n\n\n<div class=\"wp-block-columns is-layout-flex wp-container-core-columns-is-layout-abceabcf wp-block-columns-is-layout-flex\">\n<div class=\"wp-block-column is-layout-flow wp-block-column-is-layout-flow\">\n<figure class=\"wp-block-image size-full is-resized\"><img loading=\"lazy\" decoding=\"async\" src=\"https:\/\/wordpress.nibis.de\/gsalwes\/files\/2022\/01\/1Bienen.jpg\" alt=\"\" class=\"wp-image-957\" width=\"669\" height=\"445\" srcset=\"https:\/\/wordpress.nibis.de\/gsalwes\/files\/2022\/01\/1Bienen.jpg 320w, https:\/\/wordpress.nibis.de\/gsalwes\/files\/2022\/01\/1Bienen-300x200.jpg 300w\" sizes=\"auto, (max-width: 669px) 100vw, 669px\" \/><figcaption>Irgendwann werden die Brutnester unserer Bienen kleiner und der Winter beginnt.<\/figcaption><\/figure>\n<\/div>\n<\/div>\n<\/div>\n<\/div>\n\n\n\n<div class=\"wp-block-columns is-layout-flex wp-container-core-columns-is-layout-abceabcf wp-block-columns-is-layout-flex\">\n<div class=\"wp-block-column is-layout-flow wp-block-column-is-layout-flow\">\n<figure class=\"wp-block-image size-full is-resized\"><img loading=\"lazy\" decoding=\"async\" src=\"https:\/\/wordpress.nibis.de\/gsalwes\/files\/2022\/01\/2Bienen.jpg\" alt=\"\" class=\"wp-image-956\" width=\"350\" height=\"233\" srcset=\"https:\/\/wordpress.nibis.de\/gsalwes\/files\/2022\/01\/2Bienen.jpg 320w, https:\/\/wordpress.nibis.de\/gsalwes\/files\/2022\/01\/2Bienen-300x200.jpg 300w\" sizes=\"auto, (max-width: 350px) 100vw, 350px\" \/><figcaption>Wir verkaufen unseren Honig.<\/figcaption><\/figure>\n<\/div>\n\n\n\n<div class=\"wp-block-column is-layout-flow wp-block-column-is-layout-flow\">\n<figure class=\"wp-block-image size-full is-resized\"><img loading=\"lazy\" decoding=\"async\" src=\"https:\/\/wordpress.nibis.de\/gsalwes\/files\/2022\/01\/3Bienen.png\" alt=\"\" class=\"wp-image-955\" width=\"231\" height=\"346\" srcset=\"https:\/\/wordpress.nibis.de\/gsalwes\/files\/2022\/01\/3Bienen.png 400w, https:\/\/wordpress.nibis.de\/gsalwes\/files\/2022\/01\/3Bienen-200x300.png 200w\" sizes=\"auto, (max-width: 231px) 100vw, 231px\" \/><figcaption>Unser Verkaufsstand<\/figcaption><\/figure>\n<\/div>\n<\/div>\n\n\n\n<div class=\"wp-block-columns is-layout-flex wp-container-core-columns-is-layout-abceabcf wp-block-columns-is-layout-flex\">\n<div class=\"wp-block-column is-layout-flow wp-block-column-is-layout-flow\">\n<figure class=\"wp-block-image size-full\"><img loading=\"lazy\" decoding=\"async\" width=\"400\" height=\"600\" src=\"https:\/\/wordpress.nibis.de\/gsalwes\/files\/2022\/01\/4Bienen.jpg\" alt=\"\" class=\"wp-image-954\" srcset=\"https:\/\/wordpress.nibis.de\/gsalwes\/files\/2022\/01\/4Bienen.jpg 400w, https:\/\/wordpress.nibis.de\/gsalwes\/files\/2022\/01\/4Bienen-200x300.jpg 200w\" sizes=\"auto, (max-width: 400px) 100vw, 400px\" \/><figcaption>Mit dem Bienenwachs haben wir Kerzen gezogen.<\/figcaption><\/figure>\n<\/div>\n\n\n\n<div class=\"wp-block-column is-layout-flow wp-block-column-is-layout-flow\">\n<figure class=\"wp-block-image size-full\"><img loading=\"lazy\" decoding=\"async\" width=\"400\" height=\"600\" src=\"https:\/\/wordpress.nibis.de\/gsalwes\/files\/2022\/01\/5Bienen.jpg\" alt=\"\" class=\"wp-image-953\" srcset=\"https:\/\/wordpress.nibis.de\/gsalwes\/files\/2022\/01\/5Bienen.jpg 400w, https:\/\/wordpress.nibis.de\/gsalwes\/files\/2022\/01\/5Bienen-200x300.jpg 200w\" sizes=\"auto, (max-width: 400px) 100vw, 400px\" \/><figcaption>Sieht die Kerze nicht gut aus?<\/figcaption><\/figure>\n<\/div>\n<\/div>\n\n\n\n<p>Fotos: N. Dreher\u00a0<\/p>\n\n\n\n<div class=\"wp-block-columns is-layout-flex wp-container-core-columns-is-layout-abceabcf wp-block-columns-is-layout-flex\">\n<div class=\"wp-block-column is-layout-flow wp-block-column-is-layout-flow\">\n<figure class=\"wp-block-image size-full\"><img decoding=\"async\" src=\"https:\/\/wordpress.nibis.de\/gsalwes\/files\/2022\/02\/Biene1.jpg\" alt=\"\" class=\"wp-image-1116\" \/><figcaption>Imkerinnen und Imker haben auch im Winter viel zu tun. Hier bereiten wir die R\u00e4hmchen vor.<br><\/figcaption><\/figure>\n<\/div>\n\n\n\n<div class=\"wp-block-column is-layout-flow wp-block-column-is-layout-flow\">\n<figure class=\"wp-block-image size-full\"><img decoding=\"async\" src=\"https:\/\/wordpress.nibis.de\/gsalwes\/files\/2022\/02\/Biene2.jpg\" alt=\"\" class=\"wp-image-1117\" \/><figcaption>Wir spannen die Dr\u00e4hte&#8230;<br><\/figcaption><\/figure>\n<\/div>\n\n\n\n<div class=\"wp-block-column is-layout-flow wp-block-column-is-layout-flow\">\n<figure class=\"wp-block-image size-full\"><img decoding=\"async\" src=\"https:\/\/wordpress.nibis.de\/gsalwes\/files\/2022\/02\/biene3.jpg\" alt=\"\" class=\"wp-image-1118\" \/><figcaption>&#8230;mit einem besonderen Ger\u00e4t.<\/figcaption><\/figure>\n<\/div>\n<\/div>\n<\/div><\/div>\n<\/div>\n<\/div>\n\n\n\n<div class=\"wp-block-columns is-layout-flex wp-container-core-columns-is-layout-abceabcf wp-block-columns-is-layout-flex\">\n<div class=\"wp-block-column is-layout-flow wp-block-column-is-layout-flow\">\n<figure class=\"wp-block-image size-full\"><img loading=\"lazy\" decoding=\"async\" width=\"400\" height=\"600\" src=\"https:\/\/wordpress.nibis.de\/gsalwes\/files\/2022\/02\/biene4.jpg\" alt=\"\" class=\"wp-image-1119\" srcset=\"https:\/\/wordpress.nibis.de\/gsalwes\/files\/2022\/02\/biene4.jpg 400w, https:\/\/wordpress.nibis.de\/gsalwes\/files\/2022\/02\/biene4-200x300.jpg 200w\" sizes=\"auto, (max-width: 400px) 100vw, 400px\" \/><figcaption>Dann muss man nur noch die Dr\u00e4hte hei\u00df machen. <br><\/figcaption><\/figure>\n<\/div>\n\n\n\n<div class=\"wp-block-column is-layout-flow wp-block-column-is-layout-flow\">\n<figure class=\"wp-block-image size-full\"><img loading=\"lazy\" decoding=\"async\" width=\"400\" height=\"600\" src=\"https:\/\/wordpress.nibis.de\/gsalwes\/files\/2022\/02\/biene5.jpg\" alt=\"\" class=\"wp-image-1120\" srcset=\"https:\/\/wordpress.nibis.de\/gsalwes\/files\/2022\/02\/biene5.jpg 400w, https:\/\/wordpress.nibis.de\/gsalwes\/files\/2022\/02\/biene5-200x300.jpg 200w\" sizes=\"auto, (max-width: 400px) 100vw, 400px\" \/><figcaption>So sitzt die Wachsplatte fest f\u00fcr unsere Bienen.<\/figcaption><\/figure>\n\n\n\n<p><\/p>\n<\/div>\n<\/div>\n","protected":false},"excerpt":{"rendered":"<p>&nbsp; Unsere schuleigene Imkerei Nils Dreher, ausgebildeter Imker und Lehrer an der Schule, leitet die Schulimkerei. Er teilt sich die Arbeit mit Anna Peschke, die ihm immer \u00f6fter \u00fcber die Schulter schaut und das Imkern lernt.&nbsp; Warum Bienen in der Schule? Bienen haben einen ganz festen Platz im \u00d6kosystem. Trotzdem haben kaum Sch\u00fclerInnen die M\u00f6glichkeit, &#8230; <a title=\"Bienen\" class=\"read-more\" href=\"https:\/\/wordpress.nibis.de\/gsalwes\/schulleben\/bienen\/\" aria-label=\"Mehr Informationen \u00fcber Bienen\">Weiterlesen<\/a><\/p>\n","protected":false},"author":9193715,"featured_media":0,"parent":159,"menu_order":0,"comment_status":"closed","ping_status":"closed","template":"","meta":{"footnotes":""},"class_list":["post-570","page","type-page","status-publish"],"_links":{"self":[{"href":"https:\/\/wordpress.nibis.de\/gsalwes\/wp-json\/wp\/v2\/pages\/570","targetHints":{"allow":["GET"]}}],"collection":[{"href":"https:\/\/wordpress.nibis.de\/gsalwes\/wp-json\/wp\/v2\/pages"}],"about":[{"href":"https:\/\/wordpress.nibis.de\/gsalwes\/wp-json\/wp\/v2\/types\/page"}],"author":[{"embeddable":true,"href":"https:\/\/wordpress.nibis.de\/gsalwes\/wp-json\/wp\/v2\/users\/9193715"}],"replies":[{"embeddable":true,"href":"https:\/\/wordpress.nibis.de\/gsalwes\/wp-json\/wp\/v2\/comments?post=570"}],"version-history":[{"count":10,"href":"https:\/\/wordpress.nibis.de\/gsalwes\/wp-json\/wp\/v2\/pages\/570\/revisions"}],"predecessor-version":[{"id":1124,"href":"https:\/\/wordpress.nibis.de\/gsalwes\/wp-json\/wp\/v2\/pages\/570\/revisions\/1124"}],"up":[{"embeddable":true,"href":"https:\/\/wordpress.nibis.de\/gsalwes\/wp-json\/wp\/v2\/pages\/159"}],"wp:attachment":[{"href":"https:\/\/wordpress.nibis.de\/gsalwes\/wp-json\/wp\/v2\/media?parent=570"}],"curies":[{"name":"wp","href":"https:\/\/api.w.org\/{rel}","templated":true}]}}