{"id":89,"date":"2021-05-16T01:54:33","date_gmt":"2021-05-15T23:54:33","guid":{"rendered":"https:\/\/wordpress.nibis.de\/gsalwes\/?page_id=89"},"modified":"2025-04-03T15:52:31","modified_gmt":"2025-04-03T13:52:31","slug":"unsere-schule","status":"publish","type":"page","link":"https:\/\/wordpress.nibis.de\/gsalwes\/unsere-schule\/","title":{"rendered":"Unsere Schule"},"content":{"rendered":"<p>\u00a0<\/p>\n<p><a href=\"https:\/\/wordpress.nibis.de\/gsalwes\/kollegium-und-ansprechpartner\/\">Kollegium und Ansprechpartner<\/a><\/p>\n<p><a href=\"https:\/\/wordpress.nibis.de\/gsalwes\/klassenassistenz\/\">Klassenassistenz<\/a><\/p>\n<p><a href=\"https:\/\/wordpress.nibis.de\/gsalwes\/schul-abc\/\">Schul-ABC<\/a><\/p>\n<p><a href=\"https:\/\/wordpress.nibis.de\/gsalwes\/beratungsteam\/\">Beratungsteam<\/a><\/p>\n<p><a href=\"https:\/\/wordpress.nibis.de\/gsalwes\/paedagogische-haltung\/\">P\u00e4dagogische Haltung<\/a><\/p>\n<p><a href=\"https:\/\/wordpress.nibis.de\/gsalwes\/unser-schulgelaende\/\">Schulgel\u00e4nde<\/a><\/p>\n<p><a href=\"https:\/\/wordpress.nibis.de\/gsalwes\/grundsaetze-des-unterrichts\/\">Grunds\u00e4tze des Unterrichts<\/a><\/p>\n<p><a href=\"https:\/\/wordpress.nibis.de\/gsalwes\/leitbild\/\">Leitbild<\/a><\/p>\n<p>\u00a0<\/p>\n<p>\u00a0<\/p>\n\n","protected":false},"excerpt":{"rendered":"<p>\u00a0 Kollegium und Ansprechpartner Klassenassistenz Schul-ABC Beratungsteam P\u00e4dagogische Haltung Schulgel\u00e4nde Grunds\u00e4tze des Unterrichts Leitbild \u00a0 \u00a0<\/p>\n","protected":false},"author":9193715,"featured_media":0,"parent":0,"menu_order":0,"comment_status":"closed","ping_status":"closed","template":"","meta":{"footnotes":""},"class_list":["post-89","page","type-page","status-publish"],"_links":{"self":[{"href":"https:\/\/wordpress.nibis.de\/gsalwes\/wp-json\/wp\/v2\/pages\/89","targetHints":{"allow":["GET"]}}],"collection":[{"href":"https:\/\/wordpress.nibis.de\/gsalwes\/wp-json\/wp\/v2\/pages"}],"about":[{"href":"https:\/\/wordpress.nibis.de\/gsalwes\/wp-json\/wp\/v2\/types\/page"}],"author":[{"embeddable":true,"href":"https:\/\/wordpress.nibis.de\/gsalwes\/wp-json\/wp\/v2\/users\/9193715"}],"replies":[{"embeddable":true,"href":"https:\/\/wordpress.nibis.de\/gsalwes\/wp-json\/wp\/v2\/comments?post=89"}],"version-history":[{"count":9,"href":"https:\/\/wordpress.nibis.de\/gsalwes\/wp-json\/wp\/v2\/pages\/89\/revisions"}],"predecessor-version":[{"id":2047,"href":"https:\/\/wordpress.nibis.de\/gsalwes\/wp-json\/wp\/v2\/pages\/89\/revisions\/2047"}],"wp:attachment":[{"href":"https:\/\/wordpress.nibis.de\/gsalwes\/wp-json\/wp\/v2\/media?parent=89"}],"curies":[{"name":"wp","href":"https:\/\/api.w.org\/{rel}","templated":true}]}}