{"id":90,"date":"2021-05-16T01:54:33","date_gmt":"2021-05-15T23:54:33","guid":{"rendered":"https:\/\/wordpress.nibis.de\/gsalwes\/?page_id=90"},"modified":"2021-07-05T00:12:18","modified_gmt":"2021-07-04T22:12:18","slug":"unser-schulgelaende","status":"publish","type":"page","link":"https:\/\/wordpress.nibis.de\/gsalwes\/unser-schulgelaende\/","title":{"rendered":"Unser Schulgel\u00e4nde"},"content":{"rendered":"\n\n\n<div class=\"wp-block-group is-layout-flow wp-block-group-is-layout-flow\"><div class=\"wp-block-group__inner-container\"><\/div><\/div>\n\n\n\n<figure class=\"wp-block-image size-large is-resized\"><img loading=\"lazy\" decoding=\"async\" src=\"https:\/\/wordpress.nibis.de\/gsalwes\/files\/2021\/06\/20200424_153923-1024x768.jpg\" alt=\"\" class=\"wp-image-316\" width=\"537\" height=\"402\" srcset=\"https:\/\/wordpress.nibis.de\/gsalwes\/files\/2021\/06\/20200424_153923-1024x768.jpg 1024w, https:\/\/wordpress.nibis.de\/gsalwes\/files\/2021\/06\/20200424_153923-300x225.jpg 300w, https:\/\/wordpress.nibis.de\/gsalwes\/files\/2021\/06\/20200424_153923-768x576.jpg 768w, https:\/\/wordpress.nibis.de\/gsalwes\/files\/2021\/06\/20200424_153923-1536x1152.jpg 1536w, https:\/\/wordpress.nibis.de\/gsalwes\/files\/2021\/06\/20200424_153923-2048x1536.jpg 2048w\" sizes=\"auto, (max-width: 537px) 100vw, 537px\" \/><figcaption>Unser Schulhof ist wundersch\u00f6n!<\/figcaption><\/figure>\n\n\n\n<figure class=\"wp-block-image size-large is-resized\"><img loading=\"lazy\" decoding=\"async\" src=\"https:\/\/wordpress.nibis.de\/gsalwes\/files\/2021\/06\/IMG_3335-1.jpg\" alt=\"\" class=\"wp-image-315\" width=\"542\" height=\"406\" srcset=\"https:\/\/wordpress.nibis.de\/gsalwes\/files\/2021\/06\/IMG_3335-1.jpg 798w, https:\/\/wordpress.nibis.de\/gsalwes\/files\/2021\/06\/IMG_3335-1-300x225.jpg 300w, https:\/\/wordpress.nibis.de\/gsalwes\/files\/2021\/06\/IMG_3335-1-768x576.jpg 768w\" sizes=\"auto, (max-width: 542px) 100vw, 542px\" \/><figcaption>Das weitl\u00e4ufige, naturnah angelegte Gel\u00e4nde bietet mit seiner H\u00fcgellandschaft und vielen heimischen Geh\u00f6lzen viele freie Spielanl\u00e4sse.<\/figcaption><\/figure>\n\n\n\n<figure class=\"wp-block-image size-large is-resized\"><img loading=\"lazy\" decoding=\"async\" src=\"https:\/\/wordpress.nibis.de\/gsalwes\/files\/2021\/07\/IMG_4449-768x1024.jpg\" alt=\"\" class=\"wp-image-418\" width=\"390\" height=\"520\" srcset=\"https:\/\/wordpress.nibis.de\/gsalwes\/files\/2021\/07\/IMG_4449-768x1024.jpg 768w, https:\/\/wordpress.nibis.de\/gsalwes\/files\/2021\/07\/IMG_4449-225x300.jpg 225w, https:\/\/wordpress.nibis.de\/gsalwes\/files\/2021\/07\/IMG_4449-1152x1536.jpg 1152w, https:\/\/wordpress.nibis.de\/gsalwes\/files\/2021\/07\/IMG_4449-1536x2048.jpg 1536w, https:\/\/wordpress.nibis.de\/gsalwes\/files\/2021\/07\/IMG_4449-scaled.jpg 1920w\" sizes=\"auto, (max-width: 390px) 100vw, 390px\" \/><figcaption>Im &#8222;Ausleihschuppen&#8220; k\u00f6nnen diverse Pausenspielger\u00e4te ausgeliehen werden.<\/figcaption><\/figure>\n\n\n\n<figure class=\"wp-block-image size-large is-resized\"><img loading=\"lazy\" decoding=\"async\" src=\"https:\/\/wordpress.nibis.de\/gsalwes\/files\/2021\/06\/IMG_3356.jpg\" alt=\"\" class=\"wp-image-305\" width=\"542\" height=\"407\" srcset=\"https:\/\/wordpress.nibis.de\/gsalwes\/files\/2021\/06\/IMG_3356.jpg 798w, https:\/\/wordpress.nibis.de\/gsalwes\/files\/2021\/06\/IMG_3356-300x225.jpg 300w, https:\/\/wordpress.nibis.de\/gsalwes\/files\/2021\/06\/IMG_3356-768x576.jpg 768w\" sizes=\"auto, (max-width: 542px) 100vw, 542px\" \/><figcaption>Die vielen Spielger\u00e4te laden zum Klettern und Bewegen ein.<br>\u00a0<\/figcaption><\/figure>\n\n\n\n<figure class=\"wp-block-image size-large is-resized\"><img loading=\"lazy\" decoding=\"async\" src=\"https:\/\/wordpress.nibis.de\/gsalwes\/files\/2021\/06\/IMG_3362.jpg\" alt=\"\" class=\"wp-image-306\" width=\"543\" height=\"407\" srcset=\"https:\/\/wordpress.nibis.de\/gsalwes\/files\/2021\/06\/IMG_3362.jpg 798w, https:\/\/wordpress.nibis.de\/gsalwes\/files\/2021\/06\/IMG_3362-300x225.jpg 300w, https:\/\/wordpress.nibis.de\/gsalwes\/files\/2021\/06\/IMG_3362-768x576.jpg 768w\" sizes=\"auto, (max-width: 543px) 100vw, 543px\" \/><\/figure>\n\n\n\n<figure class=\"wp-block-image size-large\"><img loading=\"lazy\" decoding=\"async\" width=\"450\" height=\"600\" src=\"https:\/\/wordpress.nibis.de\/gsalwes\/files\/2021\/06\/IMG_3369.jpg\" alt=\"\" class=\"wp-image-307\" srcset=\"https:\/\/wordpress.nibis.de\/gsalwes\/files\/2021\/06\/IMG_3369.jpg 450w, https:\/\/wordpress.nibis.de\/gsalwes\/files\/2021\/06\/IMG_3369-225x300.jpg 225w\" sizes=\"auto, (max-width: 450px) 100vw, 450px\" \/><\/figure>\n\n\n\n<div class=\"wp-block-image\"><figure class=\"alignleft size-large\"><img loading=\"lazy\" decoding=\"async\" width=\"450\" height=\"600\" src=\"https:\/\/wordpress.nibis.de\/gsalwes\/files\/2021\/06\/IMG_3375.jpg\" alt=\"\" class=\"wp-image-308\" srcset=\"https:\/\/wordpress.nibis.de\/gsalwes\/files\/2021\/06\/IMG_3375.jpg 450w, https:\/\/wordpress.nibis.de\/gsalwes\/files\/2021\/06\/IMG_3375-225x300.jpg 225w\" sizes=\"auto, (max-width: 450px) 100vw, 450px\" \/><figcaption>Nat\u00fcrlich gibt es auf dem Schulhof auch M\u00f6glichkeiten zum Ausruhen, Entspannen und Erz\u00e4hlen.<br><br>Hier f\u00fchlt sich jedes Kind wohl!<br><br><br>Fotos: J. Bratz (4), R. Boden (2), J. Dammann (1)<\/figcaption><\/figure><\/div>\n\n\n","protected":false},"excerpt":{"rendered":"<p>Die vielen Spielger\u00e4te laden zum Klettern und Bewegen ein.\u00a0<\/p>\n","protected":false},"author":9193715,"featured_media":0,"parent":0,"menu_order":0,"comment_status":"closed","ping_status":"closed","template":"","meta":{"footnotes":""},"class_list":["post-90","page","type-page","status-publish"],"_links":{"self":[{"href":"https:\/\/wordpress.nibis.de\/gsalwes\/wp-json\/wp\/v2\/pages\/90","targetHints":{"allow":["GET"]}}],"collection":[{"href":"https:\/\/wordpress.nibis.de\/gsalwes\/wp-json\/wp\/v2\/pages"}],"about":[{"href":"https:\/\/wordpress.nibis.de\/gsalwes\/wp-json\/wp\/v2\/types\/page"}],"author":[{"embeddable":true,"href":"https:\/\/wordpress.nibis.de\/gsalwes\/wp-json\/wp\/v2\/users\/9193715"}],"replies":[{"embeddable":true,"href":"https:\/\/wordpress.nibis.de\/gsalwes\/wp-json\/wp\/v2\/comments?post=90"}],"version-history":[{"count":6,"href":"https:\/\/wordpress.nibis.de\/gsalwes\/wp-json\/wp\/v2\/pages\/90\/revisions"}],"predecessor-version":[{"id":425,"href":"https:\/\/wordpress.nibis.de\/gsalwes\/wp-json\/wp\/v2\/pages\/90\/revisions\/425"}],"wp:attachment":[{"href":"https:\/\/wordpress.nibis.de\/gsalwes\/wp-json\/wp\/v2\/media?parent=90"}],"curies":[{"name":"wp","href":"https:\/\/api.w.org\/{rel}","templated":true}]}}