{"id":114,"date":"2017-07-18T16:20:00","date_gmt":"2017-07-18T14:20:00","guid":{"rendered":"http:\/\/wordpress.nibis.de\/gsamlindhof\/?page_id=114"},"modified":"2022-11-10T11:46:35","modified_gmt":"2022-11-10T10:46:35","slug":"impressum","status":"publish","type":"page","link":"https:\/\/wordpress.nibis.de\/gsamlindhof\/impressum\/","title":{"rendered":"Impressum"},"content":{"rendered":"<p>Land Niedersachsen (Diensteanbieter im Sinne des Telemediengesetzes)<br \/>\nDas Land Niedersachsen ist eine juristische Person des \u00f6ffentlichen Rechts<br \/>\nvertreten durch<br \/>\nSchulleitung:<br \/>\nTina Lehmann,\u00a0 Rektorin<br \/>\nMarcel Hakkel, Konrektor<br \/>\nGrundschule Am Lindhof<br \/>\nLindhofstr. 6<br \/>\n28857 Syke<br \/>\nTel.: 04242 9563 0<br \/>\nE-Mail: gs&#46;&#97;&#109;&#108;&#x69;&#x6e;&#x64;&#x68;&#x6f;&#x66;&#64;sy&#107;&#101;&#46;&#100;&#x65;<br \/>\nSchulische Datenschutzbeauftragte: D&#97;&#x74;&#x65;n&#115;&#x63;&#x68;u&#116;&#122;&#x2e;&#x67;s&#46;&#x61;&#x6d;l&#105;&#x6e;&#x64;h&#111;&#102;&#x40;&#x73;y&#107;&#x65;&#x2e;d&#101;<br \/>\nVerantwortlicher f\u00fcr redaktionell-journalistische Angebote i. S. d. \u00a7 55 Abs. 2 Rundfunkstaatsvertrag:<\/p>\n<p>Grundschule Am Lindhof<br \/>\nLindhofstr. 6<br \/>\n28857 Syke<br \/>\nTel.: 04242 9563 0<br \/>\nDisclaimer<br \/>\nDiese Webseite beinhaltet externe Links. Deren Inhalte entziehen sich unserer Einflussnahme, sodass eine Gew\u00e4hr f\u00fcr solche Inhalte von uns nicht \u00fcbernommen werden kann.<br \/>\nDie Verantwortung liegt stets beim jeweiligen Betreiber der externen Seiten. Zum Zeitpunkt der Verkn\u00fcpfung der externen Links waren keine Rechtsverst\u00f6\u00dfe ersichtlich. Die permanente \u00dcberwachung fremder Inhalte auf Rechtsverst\u00f6\u00dfe ohne konkrete Hinweise ist uns nicht zumutbar.<br \/>\nSollten wir Kenntnis von Rechtsverletzungen erlangen, werden wir die entsprechenden externen Links unverz\u00fcglich entfernen.<\/p>\n","protected":false},"excerpt":{"rendered":"<p>Land Niedersachsen (Diensteanbieter im Sinne des Telemediengesetzes) Das Land Niedersachsen ist eine juristische Person des \u00f6ffentlichen Rechts vertreten durch Schulleitung: Tina Lehmann,\u00a0 Rektorin Marcel Hakkel, Konrektor Grundschule Am Lindhof Lindhofstr. 6 28857 Syke Tel.: 04242 9563 0 E-Mail: g&#115;&#46;&#x61;&#x6d;l&#105;&#110;&#x64;&#x68;&#x6f;f&#64;&#115;&#x79;&#x6b;e&#46;&#100;&#x65; Schulische &hellip; <a href=\"https:\/\/wordpress.nibis.de\/gsamlindhof\/impressum\/\">Weiterlesen <span class=\"meta-nav\">&rarr;<\/span><\/a><\/p>\n","protected":false},"author":1436,"featured_media":0,"parent":0,"menu_order":0,"comment_status":"closed","ping_status":"closed","template":"onecolumn-page.php","meta":{"footnotes":""},"class_list":["post-114","page","type-page","status-publish","hentry"],"_links":{"self":[{"href":"https:\/\/wordpress.nibis.de\/gsamlindhof\/wp-json\/wp\/v2\/pages\/114","targetHints":{"allow":["GET"]}}],"collection":[{"href":"https:\/\/wordpress.nibis.de\/gsamlindhof\/wp-json\/wp\/v2\/pages"}],"about":[{"href":"https:\/\/wordpress.nibis.de\/gsamlindhof\/wp-json\/wp\/v2\/types\/page"}],"author":[{"embeddable":true,"href":"https:\/\/wordpress.nibis.de\/gsamlindhof\/wp-json\/wp\/v2\/users\/1436"}],"replies":[{"embeddable":true,"href":"https:\/\/wordpress.nibis.de\/gsamlindhof\/wp-json\/wp\/v2\/comments?post=114"}],"version-history":[{"count":6,"href":"https:\/\/wordpress.nibis.de\/gsamlindhof\/wp-json\/wp\/v2\/pages\/114\/revisions"}],"predecessor-version":[{"id":3812,"href":"https:\/\/wordpress.nibis.de\/gsamlindhof\/wp-json\/wp\/v2\/pages\/114\/revisions\/3812"}],"wp:attachment":[{"href":"https:\/\/wordpress.nibis.de\/gsamlindhof\/wp-json\/wp\/v2\/media?parent=114"}],"curies":[{"name":"wp","href":"https:\/\/api.w.org\/{rel}","templated":true}]}}