{"id":1594,"date":"2018-05-29T15:37:28","date_gmt":"2018-05-29T13:37:28","guid":{"rendered":"http:\/\/wordpress.nibis.de\/gsamlindhof\/?page_id=1594"},"modified":"2025-09-23T11:22:01","modified_gmt":"2025-09-23T09:22:01","slug":"termine","status":"publish","type":"page","link":"https:\/\/wordpress.nibis.de\/gsamlindhof\/termine\/","title":{"rendered":"Termine"},"content":{"rendered":"<p><strong>Schulelternratssitzung<\/strong><\/p>\n<p>Zu der n\u00e4chsten SER-Sitzung des Schuljahres 2025\/26 werden alle Mitglieder per Mail fristgerecht eingeladen.<\/p>\n<p>Hinweis: Laut Gesch\u00e4ftsordnung sind vier regul\u00e4re Termine geplant.<\/p>\n<p>Die erste Sitzung f\u00fcr das Schuljahr 2025\/2026 findet am 06.10.2025 statt<\/p>\n<p>&nbsp;<\/p>\n","protected":false},"excerpt":{"rendered":"<p>Schulelternratssitzung Zu der n\u00e4chsten SER-Sitzung des Schuljahres 2025\/26 werden alle Mitglieder per Mail fristgerecht eingeladen. Hinweis: Laut Gesch\u00e4ftsordnung sind vier regul\u00e4re Termine geplant. Die erste Sitzung f\u00fcr das Schuljahr 2025\/2026 findet am 06.10.2025 statt &nbsp;<\/p>\n","protected":false},"author":9194353,"featured_media":0,"parent":0,"menu_order":0,"comment_status":"closed","ping_status":"closed","template":"","meta":{"footnotes":""},"class_list":["post-1594","page","type-page","status-publish","hentry"],"_links":{"self":[{"href":"https:\/\/wordpress.nibis.de\/gsamlindhof\/wp-json\/wp\/v2\/pages\/1594","targetHints":{"allow":["GET"]}}],"collection":[{"href":"https:\/\/wordpress.nibis.de\/gsamlindhof\/wp-json\/wp\/v2\/pages"}],"about":[{"href":"https:\/\/wordpress.nibis.de\/gsamlindhof\/wp-json\/wp\/v2\/types\/page"}],"author":[{"embeddable":true,"href":"https:\/\/wordpress.nibis.de\/gsamlindhof\/wp-json\/wp\/v2\/users\/9194353"}],"replies":[{"embeddable":true,"href":"https:\/\/wordpress.nibis.de\/gsamlindhof\/wp-json\/wp\/v2\/comments?post=1594"}],"version-history":[{"count":39,"href":"https:\/\/wordpress.nibis.de\/gsamlindhof\/wp-json\/wp\/v2\/pages\/1594\/revisions"}],"predecessor-version":[{"id":4619,"href":"https:\/\/wordpress.nibis.de\/gsamlindhof\/wp-json\/wp\/v2\/pages\/1594\/revisions\/4619"}],"wp:attachment":[{"href":"https:\/\/wordpress.nibis.de\/gsamlindhof\/wp-json\/wp\/v2\/media?parent=1594"}],"curies":[{"name":"wp","href":"https:\/\/api.w.org\/{rel}","templated":true}]}}