{"id":1726,"date":"2018-08-15T17:42:18","date_gmt":"2018-08-15T15:42:18","guid":{"rendered":"http:\/\/wordpress.nibis.de\/gsamlindhof\/?page_id=1726"},"modified":"2025-10-09T16:19:17","modified_gmt":"2025-10-09T14:19:17","slug":"aufgaben-2","status":"publish","type":"page","link":"https:\/\/wordpress.nibis.de\/gsamlindhof\/aufgaben-2\/","title":{"rendered":"Gremium und Aufgaben des SER"},"content":{"rendered":"<p><strong>Gremium<\/strong><\/p>\n<p>Der <strong>Schulelternrat (SER)<\/strong> setzt sich aus den gew\u00e4hlten Elternvertretern jeder Klasse der GS Am Lindhof zusammen (Vorsitzende\/r und Stellvertreter\/in).<br \/>\nWir vertreten die Interessen der Erziehungsberechtigten in der Schule.<\/p>\n<p><strong>SER-Vorsitz<br \/>\n<\/strong><\/p>\n<table style=\"border-collapse: collapse;width: 68.1945%;height: 72px\">\n<tbody>\n<tr style=\"height: 18px\">\n<td style=\"width: 2.03666%;height: 18px\">1. Vorsitzende<\/td>\n<td style=\"width: 41.9548%;height: 18px\"><strong>D\u00e8sir\u00e8e Rodermund<\/strong><\/td>\n<\/tr>\n<tr style=\"height: 18px\">\n<td style=\"width: 2.03666%;height: 18px\"><\/td>\n<td style=\"width: 41.9548%;height: 18px\"><\/td>\n<\/tr>\n<tr style=\"height: 18px\">\n<td style=\"width: 2.03666%;height: 18px\">Stellvertreterin<\/td>\n<td style=\"width: 41.9548%;height: 18px\"><strong>Sabrina Bolte<\/strong><\/td>\n<\/tr>\n<tr style=\"height: 18px\">\n<td style=\"width: 2.03666%;height: 18px\">Stellvertreter<\/td>\n<td style=\"width: 41.9548%;height: 18px\"><strong>Christoph Goede<\/strong><\/td>\n<\/tr>\n<\/tbody>\n<\/table>\n<p>E-Mail:\u00a0\u00a0\u00a0\u00a0\u00a0\u00a0\u00a0\u00a0\u00a0 \u00a0 <a href=\"&#x6d;&#x61;&#105;&#108;&#116;o&#x3a;&#x73;&#x65;&#114;&#46;li&#x6e;&#x64;&#x68;&#111;&#102;&#64;&#x73;&#x63;&#x68;&#117;&#108;&#101;-&#x6e;&#x64;&#x73;&#46;&#100;e\"><strong>s&#101;&#114;&#x2e;&#x6c;&#x69;n&#100;&#104;&#x6f;&#x66;&#x40;sc&#104;&#x75;&#x6c;&#x65;-n&#100;&#115;&#x2e;&#x64;&#x65;<\/strong><\/a><\/p>\n<p>Die <strong>Aufgaben<\/strong> des SER werden im Folgenden gem\u00e4\u00df Gesch\u00e4ftsordnung abgebildet.<\/p>\n<p><a href=\"http:\/\/wordpress.nibis.de\/gsamlindhof\/files\/2018\/08\/SER_Gesch\u00e4ftsordnung_01.pdf\" target=\"_blank\" rel=\"noopener noreferrer\">http:\/\/wordpress.nibis.de\/gsamlindhof\/files\/2018\/08\/SER_Gesch\u00e4ftsordnung_01.pdf<\/a><\/p>\n<p><a href=\"http:\/\/wordpress.nibis.de\/gsamlindhof\/files\/2018\/08\/SER_Gesch\u00e4ftsordnung_02.pdf\" target=\"_blank\" rel=\"noopener noreferrer\">http:\/\/wordpress.nibis.de\/gsamlindhof\/files\/2018\/08\/SER_Gesch\u00e4ftsordnung_02.pdf<\/a><\/p>\n<p><a href=\"http:\/\/wordpress.nibis.de\/gsamlindhof\/files\/2018\/08\/SER_Gesch\u00e4ftsordnung_03.pdf\" target=\"_blank\" rel=\"noopener noreferrer\">http:\/\/wordpress.nibis.de\/gsamlindhof\/files\/2018\/08\/SER_Gesch\u00e4ftsordnung_03.pdf<\/a><\/p>\n<p><a href=\"http:\/\/wordpress.nibis.de\/gsamlindhof\/files\/2018\/08\/SER_Gesch\u00e4ftsordnung_04.pdf\" target=\"_blank\" rel=\"noopener noreferrer\">http:\/\/wordpress.nibis.de\/gsamlindhof\/files\/2018\/08\/SER_Gesch\u00e4ftsordnung_04.pdf<\/a><\/p>\n<p>&nbsp;<\/p>\n<p>&nbsp;<\/p>\n<p>&nbsp;<\/p>\n","protected":false},"excerpt":{"rendered":"<p>Gremium Der Schulelternrat (SER) setzt sich aus den gew\u00e4hlten Elternvertretern jeder Klasse der GS Am Lindhof zusammen (Vorsitzende\/r und Stellvertreter\/in). Wir vertreten die Interessen der Erziehungsberechtigten in der Schule. SER-Vorsitz 1. Vorsitzende D\u00e8sir\u00e8e Rodermund Stellvertreterin Sabrina Bolte Stellvertreter Christoph Goede &hellip; <a href=\"https:\/\/wordpress.nibis.de\/gsamlindhof\/aufgaben-2\/\">Weiterlesen <span class=\"meta-nav\">&rarr;<\/span><\/a><\/p>\n","protected":false},"author":9194353,"featured_media":0,"parent":0,"menu_order":0,"comment_status":"closed","ping_status":"closed","template":"","meta":{"footnotes":""},"class_list":["post-1726","page","type-page","status-publish","hentry"],"_links":{"self":[{"href":"https:\/\/wordpress.nibis.de\/gsamlindhof\/wp-json\/wp\/v2\/pages\/1726","targetHints":{"allow":["GET"]}}],"collection":[{"href":"https:\/\/wordpress.nibis.de\/gsamlindhof\/wp-json\/wp\/v2\/pages"}],"about":[{"href":"https:\/\/wordpress.nibis.de\/gsamlindhof\/wp-json\/wp\/v2\/types\/page"}],"author":[{"embeddable":true,"href":"https:\/\/wordpress.nibis.de\/gsamlindhof\/wp-json\/wp\/v2\/users\/9194353"}],"replies":[{"embeddable":true,"href":"https:\/\/wordpress.nibis.de\/gsamlindhof\/wp-json\/wp\/v2\/comments?post=1726"}],"version-history":[{"count":25,"href":"https:\/\/wordpress.nibis.de\/gsamlindhof\/wp-json\/wp\/v2\/pages\/1726\/revisions"}],"predecessor-version":[{"id":4681,"href":"https:\/\/wordpress.nibis.de\/gsamlindhof\/wp-json\/wp\/v2\/pages\/1726\/revisions\/4681"}],"wp:attachment":[{"href":"https:\/\/wordpress.nibis.de\/gsamlindhof\/wp-json\/wp\/v2\/media?parent=1726"}],"curies":[{"name":"wp","href":"https:\/\/api.w.org\/{rel}","templated":true}]}}