{"id":3744,"date":"2022-10-20T10:44:40","date_gmt":"2022-10-20T08:44:40","guid":{"rendered":"https:\/\/wordpress.nibis.de\/gsamlindhof\/?page_id=3744"},"modified":"2022-10-20T11:09:19","modified_gmt":"2022-10-20T09:09:19","slug":"projektwoche-zirkus","status":"publish","type":"page","link":"https:\/\/wordpress.nibis.de\/gsamlindhof\/projektwoche-zirkus\/","title":{"rendered":"Projektwoche &#8222;Zirkus&#8220;"},"content":{"rendered":"<p>An unserer Schule wurden Kinder zu Zirkusartisten, denn wir hatten den Zirkus Eldorado zu Besuch bei uns.<\/p>\n<p><img loading=\"lazy\" decoding=\"async\" class=\"alignnone size-medium wp-image-3763\" src=\"https:\/\/wordpress.nibis.de\/gsamlindhof\/files\/2022\/10\/Zirkuszelt-850x478.jpg\" alt=\"\" width=\"850\" height=\"478\" srcset=\"https:\/\/wordpress.nibis.de\/gsamlindhof\/files\/2022\/10\/Zirkuszelt-850x478.jpg 850w, https:\/\/wordpress.nibis.de\/gsamlindhof\/files\/2022\/10\/Zirkuszelt-1200x675.jpg 1200w, https:\/\/wordpress.nibis.de\/gsamlindhof\/files\/2022\/10\/Zirkuszelt-250x141.jpg 250w\" sizes=\"auto, (max-width: 850px) 100vw, 850px\" \/><\/p>\n<p><img loading=\"lazy\" decoding=\"async\" class=\"alignnone wp-image-3759 size-medium\" src=\"https:\/\/wordpress.nibis.de\/gsamlindhof\/files\/2022\/10\/Zirkus4-scaled-e1666256702998-850x478.jpg\" alt=\"\" width=\"850\" height=\"478\" srcset=\"https:\/\/wordpress.nibis.de\/gsamlindhof\/files\/2022\/10\/Zirkus4-scaled-e1666256702998-850x478.jpg 850w, https:\/\/wordpress.nibis.de\/gsamlindhof\/files\/2022\/10\/Zirkus4-scaled-e1666256702998-1200x675.jpg 1200w, https:\/\/wordpress.nibis.de\/gsamlindhof\/files\/2022\/10\/Zirkus4-scaled-e1666256702998-250x141.jpg 250w\" sizes=\"auto, (max-width: 850px) 100vw, 850px\" \/><\/p>\n<p>Eine Woche lang hat Familie Thiel aus Lilienthal unseren Sch\u00fclern und Sch\u00fclerinnen das Zirkusleben n\u00e4her gebracht. So konnten die Kinder am Anfang der Woche zwischen vielen verschiedenen Stationen w\u00e4hlen.<\/p>\n<p>Hierzu geh\u00f6rten:<\/p>\n<ul>\n<li>Clownerie<\/li>\n<li>Seiltanz<\/li>\n<li>eine Cowboyshow<\/li>\n<li>eine Hundeshow<\/li>\n<li>Bodenturnen<\/li>\n<li>Trapezk\u00fcnstler<\/li>\n<li>Hula Hoop-K\u00fcnstler \/ T\u00e4nzer<\/li>\n<li>eine Lamashow<\/li>\n<li>eine Ziegenshow<\/li>\n<li>Voltigieren<\/li>\n<\/ul>\n<p>Die Teilnahme an dem Programm war f\u00fcr alle Kinder der Grundschule kostenlos! Die entstandenen Kosten konnten von der Schulleitung \u00fcber das F\u00f6rderprogramm &#8222;Startklar in die Zukunft&#8220; finanziert werden.<\/p>\n<p>Am Ende der Zirkuswoche stand als Abschluss und H\u00f6hepunkt der gro\u00dfe Auftritt vor den Familienmitglieder im gro\u00dfen Zirkuszelt! Es war atemberaubend zu sehen, was die Kinder in einer Woche gelernt haben.<\/p>\n<p>\u00dcber diesen Link gelangen Sie zum Zeitungsartikel der Kreiszeitung:\u00a0<a href=\"https:\/\/www.kreiszeitung.de\/lokales\/diepholz\/syke-ort44535\/projektwoche-an-syker-grundschule-werden-kinder-zu-zirkusartisten-91803186.html\">Zeitungsartikel Zirkusprojektwoche<\/a><\/p>\n<p><img loading=\"lazy\" decoding=\"async\" class=\"alignnone size-medium wp-image-3745\" src=\"https:\/\/wordpress.nibis.de\/gsamlindhof\/files\/2022\/10\/Zirkus2-720x478.jpg\" alt=\"\" width=\"720\" height=\"478\" \/> <img loading=\"lazy\" decoding=\"async\" class=\"alignnone size-medium wp-image-3746\" src=\"https:\/\/wordpress.nibis.de\/gsamlindhof\/files\/2022\/10\/Zirkus1-720x478.jpg\" alt=\"\" width=\"720\" height=\"478\" \/><\/p>\n","protected":false},"excerpt":{"rendered":"<p>An unserer Schule wurden Kinder zu Zirkusartisten, denn wir hatten den Zirkus Eldorado zu Besuch bei uns. Eine Woche lang hat Familie Thiel aus Lilienthal unseren Sch\u00fclern und Sch\u00fclerinnen das Zirkusleben n\u00e4her gebracht. So konnten die Kinder am Anfang der &hellip; <a href=\"https:\/\/wordpress.nibis.de\/gsamlindhof\/projektwoche-zirkus\/\">Weiterlesen <span class=\"meta-nav\">&rarr;<\/span><\/a><\/p>\n","protected":false},"author":1436,"featured_media":0,"parent":0,"menu_order":0,"comment_status":"closed","ping_status":"closed","template":"","meta":{"footnotes":""},"class_list":["post-3744","page","type-page","status-publish","hentry"],"_links":{"self":[{"href":"https:\/\/wordpress.nibis.de\/gsamlindhof\/wp-json\/wp\/v2\/pages\/3744","targetHints":{"allow":["GET"]}}],"collection":[{"href":"https:\/\/wordpress.nibis.de\/gsamlindhof\/wp-json\/wp\/v2\/pages"}],"about":[{"href":"https:\/\/wordpress.nibis.de\/gsamlindhof\/wp-json\/wp\/v2\/types\/page"}],"author":[{"embeddable":true,"href":"https:\/\/wordpress.nibis.de\/gsamlindhof\/wp-json\/wp\/v2\/users\/1436"}],"replies":[{"embeddable":true,"href":"https:\/\/wordpress.nibis.de\/gsamlindhof\/wp-json\/wp\/v2\/comments?post=3744"}],"version-history":[{"count":7,"href":"https:\/\/wordpress.nibis.de\/gsamlindhof\/wp-json\/wp\/v2\/pages\/3744\/revisions"}],"predecessor-version":[{"id":3764,"href":"https:\/\/wordpress.nibis.de\/gsamlindhof\/wp-json\/wp\/v2\/pages\/3744\/revisions\/3764"}],"wp:attachment":[{"href":"https:\/\/wordpress.nibis.de\/gsamlindhof\/wp-json\/wp\/v2\/media?parent=3744"}],"curies":[{"name":"wp","href":"https:\/\/api.w.org\/{rel}","templated":true}]}}