{"id":3767,"date":"2022-10-20T11:18:19","date_gmt":"2022-10-20T09:18:19","guid":{"rendered":"https:\/\/wordpress.nibis.de\/gsamlindhof\/?page_id=3767"},"modified":"2022-10-20T11:27:00","modified_gmt":"2022-10-20T09:27:00","slug":"polizeipuppenbuehne","status":"publish","type":"page","link":"https:\/\/wordpress.nibis.de\/gsamlindhof\/polizeipuppenbuehne\/","title":{"rendered":"Polizeipuppenb\u00fchne"},"content":{"rendered":"<p>Die Puppenb\u00fchne der Polizeidirektion Oldenburg war bei uns in der Turnhalle zu Besuch um den neuen Erstkl\u00e4sslern ein St\u00fcck zum Thema Verkehrserziehung vorzuspielen. Diese Aktion wurde von der Schulleitung \u00fcber das F\u00f6rderprogramm &#8222;Startklar in die Zukunft&#8220; finanziert und war f\u00fcr die Familien kostenlos.<\/p>\n<p><img loading=\"lazy\" decoding=\"async\" class=\"alignnone size-medium wp-image-3771\" src=\"https:\/\/wordpress.nibis.de\/gsamlindhof\/files\/2022\/10\/Polizeipuppenbuehne3-850x478.jpg\" alt=\"\" width=\"850\" height=\"478\" srcset=\"https:\/\/wordpress.nibis.de\/gsamlindhof\/files\/2022\/10\/Polizeipuppenbuehne3-850x478.jpg 850w, https:\/\/wordpress.nibis.de\/gsamlindhof\/files\/2022\/10\/Polizeipuppenbuehne3-1200x675.jpg 1200w, https:\/\/wordpress.nibis.de\/gsamlindhof\/files\/2022\/10\/Polizeipuppenbuehne3-250x141.jpg 250w\" sizes=\"auto, (max-width: 850px) 100vw, 850px\" \/><\/p>\n<p><img loading=\"lazy\" decoding=\"async\" class=\"alignnone size-medium wp-image-3773\" src=\"https:\/\/wordpress.nibis.de\/gsamlindhof\/files\/2022\/10\/Polizeipuppenbuehne2-850x478.jpg\" alt=\"\" width=\"850\" height=\"478\" srcset=\"https:\/\/wordpress.nibis.de\/gsamlindhof\/files\/2022\/10\/Polizeipuppenbuehne2-850x478.jpg 850w, https:\/\/wordpress.nibis.de\/gsamlindhof\/files\/2022\/10\/Polizeipuppenbuehne2-1200x675.jpg 1200w, https:\/\/wordpress.nibis.de\/gsamlindhof\/files\/2022\/10\/Polizeipuppenbuehne2-250x141.jpg 250w\" sizes=\"auto, (max-width: 850px) 100vw, 850px\" \/><\/p>\n<p><img loading=\"lazy\" decoding=\"async\" class=\"aligncenter wp-image-3768 size-full\" src=\"https:\/\/wordpress.nibis.de\/gsamlindhof\/files\/2022\/10\/Polizeipuppenbuehne.jpg\" alt=\"\" width=\"586\" height=\"957\" \/><\/p>\n","protected":false},"excerpt":{"rendered":"<p>Die Puppenb\u00fchne der Polizeidirektion Oldenburg war bei uns in der Turnhalle zu Besuch um den neuen Erstkl\u00e4sslern ein St\u00fcck zum Thema Verkehrserziehung vorzuspielen. Diese Aktion wurde von der Schulleitung \u00fcber das F\u00f6rderprogramm &#8222;Startklar in die Zukunft&#8220; finanziert und war f\u00fcr &hellip; <a href=\"https:\/\/wordpress.nibis.de\/gsamlindhof\/polizeipuppenbuehne\/\">Weiterlesen <span class=\"meta-nav\">&rarr;<\/span><\/a><\/p>\n","protected":false},"author":1436,"featured_media":0,"parent":0,"menu_order":0,"comment_status":"closed","ping_status":"closed","template":"","meta":{"footnotes":""},"class_list":["post-3767","page","type-page","status-publish","hentry"],"_links":{"self":[{"href":"https:\/\/wordpress.nibis.de\/gsamlindhof\/wp-json\/wp\/v2\/pages\/3767","targetHints":{"allow":["GET"]}}],"collection":[{"href":"https:\/\/wordpress.nibis.de\/gsamlindhof\/wp-json\/wp\/v2\/pages"}],"about":[{"href":"https:\/\/wordpress.nibis.de\/gsamlindhof\/wp-json\/wp\/v2\/types\/page"}],"author":[{"embeddable":true,"href":"https:\/\/wordpress.nibis.de\/gsamlindhof\/wp-json\/wp\/v2\/users\/1436"}],"replies":[{"embeddable":true,"href":"https:\/\/wordpress.nibis.de\/gsamlindhof\/wp-json\/wp\/v2\/comments?post=3767"}],"version-history":[{"count":4,"href":"https:\/\/wordpress.nibis.de\/gsamlindhof\/wp-json\/wp\/v2\/pages\/3767\/revisions"}],"predecessor-version":[{"id":3774,"href":"https:\/\/wordpress.nibis.de\/gsamlindhof\/wp-json\/wp\/v2\/pages\/3767\/revisions\/3774"}],"wp:attachment":[{"href":"https:\/\/wordpress.nibis.de\/gsamlindhof\/wp-json\/wp\/v2\/media?parent=3767"}],"curies":[{"name":"wp","href":"https:\/\/api.w.org\/{rel}","templated":true}]}}