{"id":3776,"date":"2022-10-20T11:37:53","date_gmt":"2022-10-20T09:37:53","guid":{"rendered":"https:\/\/wordpress.nibis.de\/gsamlindhof\/?page_id=3776"},"modified":"2022-10-20T11:37:53","modified_gmt":"2022-10-20T09:37:53","slug":"die-grosse-nein-tonne","status":"publish","type":"page","link":"https:\/\/wordpress.nibis.de\/gsamlindhof\/die-grosse-nein-tonne\/","title":{"rendered":"Die gro\u00dfe Nein-Tonne"},"content":{"rendered":"<p><img loading=\"lazy\" decoding=\"async\" class=\"alignnone size-medium wp-image-3777\" src=\"https:\/\/wordpress.nibis.de\/gsamlindhof\/files\/2022\/10\/Die-grosse-Neintonne-850x478.jpg\" alt=\"\" width=\"850\" height=\"478\" srcset=\"https:\/\/wordpress.nibis.de\/gsamlindhof\/files\/2022\/10\/Die-grosse-Neintonne-850x478.jpg 850w, https:\/\/wordpress.nibis.de\/gsamlindhof\/files\/2022\/10\/Die-grosse-Neintonne-1200x675.jpg 1200w, https:\/\/wordpress.nibis.de\/gsamlindhof\/files\/2022\/10\/Die-grosse-Neintonne-250x141.jpg 250w\" sizes=\"auto, (max-width: 850px) 100vw, 850px\" \/><\/p>\n<p>Die <strong>gro\u00dfe Nein-Tonne<\/strong>, so hei\u00dft ein Pr\u00e4ventionsprogramm der Theaterp\u00e4dagogischen Werkstatt Onsabr\u00fcck. Dieses Projekt haben wir \u00fcber das F\u00f6rderprogramm &#8222;Startklar in die Zukunft&#8220; f\u00fcr die Familien unserer Grundschule kostenfrei zu uns an die Schule geholt.<\/p>\n<p>Damit Sie besser verstehen, wer die Theaterp\u00e4dagogische Werkstatt Osnabr\u00fcck ist und welche Ziele sie verfolgen, haben wir im Anschluss einen kleinen Ausschnitt ihrer Homepage angef\u00fcgt:<\/p>\n<p><em>&#8222;Mit unseren Pr\u00e4ventionsprogrammen wollen wir Kindern zeigen, wie stark, einzigartig und wundervoll sie sind. Wir m\u00f6chten ihnen verdeutlichen, dass sie das Recht auf ein selbstbestimmtes Leben haben und dass es sich lohnt, dieses Recht einzufordern.<\/em><\/p>\n<p><em>Die tpw f\u00fchlt sich dem Kinder- und Jugendschutz besonders verpflichtet. Kinder haben das Recht, ohne k\u00f6rperliche und seelische Gewalt aufzuwachsen. Sie sind die Zukunft unserer Gesellschaft und damit auch unsere Zukunft. Gl\u00fcckliche und starke Kinder haben die Chance, zu gl\u00fccklichen und selbstbewussten Erwachsenen zu werden. Um Kinder auf diesem Weg zu unterst\u00fctzen, gibt es die tpw.&#8220; (<a href=\"https:\/\/www.tpwerkstatt.de\/\">https:\/\/www.tpwerkstatt.de\/<\/a>)<\/em><\/p>\n","protected":false},"excerpt":{"rendered":"<p>Die gro\u00dfe Nein-Tonne, so hei\u00dft ein Pr\u00e4ventionsprogramm der Theaterp\u00e4dagogischen Werkstatt Onsabr\u00fcck. Dieses Projekt haben wir \u00fcber das F\u00f6rderprogramm &#8222;Startklar in die Zukunft&#8220; f\u00fcr die Familien unserer Grundschule kostenfrei zu uns an die Schule geholt. Damit Sie besser verstehen, wer die &hellip; <a href=\"https:\/\/wordpress.nibis.de\/gsamlindhof\/die-grosse-nein-tonne\/\">Weiterlesen <span class=\"meta-nav\">&rarr;<\/span><\/a><\/p>\n","protected":false},"author":1436,"featured_media":0,"parent":0,"menu_order":0,"comment_status":"closed","ping_status":"closed","template":"","meta":{"footnotes":""},"class_list":["post-3776","page","type-page","status-publish","hentry"],"_links":{"self":[{"href":"https:\/\/wordpress.nibis.de\/gsamlindhof\/wp-json\/wp\/v2\/pages\/3776","targetHints":{"allow":["GET"]}}],"collection":[{"href":"https:\/\/wordpress.nibis.de\/gsamlindhof\/wp-json\/wp\/v2\/pages"}],"about":[{"href":"https:\/\/wordpress.nibis.de\/gsamlindhof\/wp-json\/wp\/v2\/types\/page"}],"author":[{"embeddable":true,"href":"https:\/\/wordpress.nibis.de\/gsamlindhof\/wp-json\/wp\/v2\/users\/1436"}],"replies":[{"embeddable":true,"href":"https:\/\/wordpress.nibis.de\/gsamlindhof\/wp-json\/wp\/v2\/comments?post=3776"}],"version-history":[{"count":1,"href":"https:\/\/wordpress.nibis.de\/gsamlindhof\/wp-json\/wp\/v2\/pages\/3776\/revisions"}],"predecessor-version":[{"id":3778,"href":"https:\/\/wordpress.nibis.de\/gsamlindhof\/wp-json\/wp\/v2\/pages\/3776\/revisions\/3778"}],"wp:attachment":[{"href":"https:\/\/wordpress.nibis.de\/gsamlindhof\/wp-json\/wp\/v2\/media?parent=3776"}],"curies":[{"name":"wp","href":"https:\/\/api.w.org\/{rel}","templated":true}]}}