{"id":422,"date":"2017-07-21T14:47:19","date_gmt":"2017-07-21T12:47:19","guid":{"rendered":"http:\/\/wordpress.nibis.de\/gsamlindhof\/?page_id=422"},"modified":"2020-06-23T11:31:55","modified_gmt":"2020-06-23T09:31:55","slug":"unsere-schulregeln","status":"publish","type":"page","link":"https:\/\/wordpress.nibis.de\/gsamlindhof\/unsere-schulregeln\/","title":{"rendered":"Unsere Schulregeln"},"content":{"rendered":"<p>Alle Kinder, Lehrer, Erzieher und p\u00e4dagogische Mitarbeiterinnen treffen sich einmal im Schuljahr im Forum unserer Schule zu einer ganz besonderen Feierstunde. Grund ist die Pr\u00e4sentation unserer neuen Schulregeln und deren feierliche Unterzeichnung.<br \/>\nDenn seit 2016 gibt es an der Grundschule Am Lindhof ein neues, knappes Regelwerk:<\/p>\n<p>Ich bin freundlich und hilfsbereit.<br \/>\nIch verhalte mich friedlich.<br \/>\nIch verhalte mich im Schulgeb\u00e4ude leise und gehe.<br \/>\nIch achte Gegenst\u00e4nde und halte die Schule sauber.<\/p>\n<p>Durch kurze Sketche, Lieder, ein Gedicht und eine Bildergeschichte werden die einzelnen Regeln von den Sch\u00fclerinnen und Sch\u00fclern der vierten Klassen noch einmal deutlich gemacht. Die dritten Klassen stellen dann zu jeder Regel ein Plakat her. Aufmerksam verfolgen alle, die sich im Forum der Schule versammeln die Pr\u00e4sentation. Zum feierlichen Abschluss unterschreiben alle Kinder das neue Regelwerk zum Zeichen, dass jeder diese Regeln akzeptieren und einhalten will.<br \/>\nMit Hilfe dieses kurzen und f\u00fcr alle verst\u00e4ndlichen Regelwerks wollen wir erreichen, dass alle einander respektieren und freundlich miteinander umgehen. Wir wollen die emotionalen und sozialen Kompetenzen unserer Sch\u00fcler st\u00e4rken und uns dadurch in unserer Schule wohlf\u00fchlen.<br \/>\nWir wollen die positiven Aspekte, die durch das Einhalten dieser Regeln entstehen, in den Vordergrund stellen und die Kinder belohnen, die sich an die Regeln halten. Deshalb soll nun in regelm\u00e4\u00dfigen Abst\u00e4nden in jeder Klasse eine &#8222;Belohnungsstunde&#8220; stattfinden. Die Kinder d\u00fcrfen ausw\u00e4hlen, welche Aktionen in dieser Stunde durchgef\u00fchrt werden. Das kann z.B. eine Vorlesezeit, eine Bastelstunde oder eine Stunde &#8222;Freies Spiel&#8220; auf dem Schulhof sein.<br \/>\nDie Sch\u00fcler, die sich nicht regelgerecht verhalten, erhalten rote Karten und erfahren je nach Anzahl der roten Karten verschiedene Konsequenzen, um daraus zu lernen.<br \/>\nKinder, die h\u00e4ufig durch Regelverst\u00f6\u00dfe auffallen, werden von unserer Beratungslehrerin Frau Wiebke Schmitt und unserem Schulsozialp\u00e4dagogen Herrn Thomas Gerdts im Rahmen eines Sozialtrainings betreut.<\/p>\n<p>Wir hoffen und vertrauen darauf, dass unsere neuen Regeln zu einem friedlichen und von gegenseitigem Respekt gekennzeichneten Miteinander f\u00fchren und das Schulleben erleichtern und verbessern werden.<\/p>\n<p>&nbsp;<\/p>\n","protected":false},"excerpt":{"rendered":"<p>Alle Kinder, Lehrer, Erzieher und p\u00e4dagogische Mitarbeiterinnen treffen sich einmal im Schuljahr im Forum unserer Schule zu einer ganz besonderen Feierstunde. Grund ist die Pr\u00e4sentation unserer neuen Schulregeln und deren feierliche Unterzeichnung. Denn seit 2016 gibt es an der Grundschule &hellip; <a href=\"https:\/\/wordpress.nibis.de\/gsamlindhof\/unsere-schulregeln\/\">Weiterlesen <span class=\"meta-nav\">&rarr;<\/span><\/a><\/p>\n","protected":false},"author":1436,"featured_media":0,"parent":0,"menu_order":0,"comment_status":"closed","ping_status":"closed","template":"","meta":{"footnotes":""},"class_list":["post-422","page","type-page","status-publish","hentry"],"_links":{"self":[{"href":"https:\/\/wordpress.nibis.de\/gsamlindhof\/wp-json\/wp\/v2\/pages\/422","targetHints":{"allow":["GET"]}}],"collection":[{"href":"https:\/\/wordpress.nibis.de\/gsamlindhof\/wp-json\/wp\/v2\/pages"}],"about":[{"href":"https:\/\/wordpress.nibis.de\/gsamlindhof\/wp-json\/wp\/v2\/types\/page"}],"author":[{"embeddable":true,"href":"https:\/\/wordpress.nibis.de\/gsamlindhof\/wp-json\/wp\/v2\/users\/1436"}],"replies":[{"embeddable":true,"href":"https:\/\/wordpress.nibis.de\/gsamlindhof\/wp-json\/wp\/v2\/comments?post=422"}],"version-history":[{"count":8,"href":"https:\/\/wordpress.nibis.de\/gsamlindhof\/wp-json\/wp\/v2\/pages\/422\/revisions"}],"predecessor-version":[{"id":2737,"href":"https:\/\/wordpress.nibis.de\/gsamlindhof\/wp-json\/wp\/v2\/pages\/422\/revisions\/2737"}],"wp:attachment":[{"href":"https:\/\/wordpress.nibis.de\/gsamlindhof\/wp-json\/wp\/v2\/media?parent=422"}],"curies":[{"name":"wp","href":"https:\/\/api.w.org\/{rel}","templated":true}]}}