{"id":463,"date":"2017-07-21T18:01:56","date_gmt":"2017-07-21T16:01:56","guid":{"rendered":"http:\/\/wordpress.nibis.de\/gsamlindhof\/?page_id=463"},"modified":"2017-07-21T18:01:56","modified_gmt":"2017-07-21T16:01:56","slug":"unser-leitbild-2","status":"publish","type":"page","link":"https:\/\/wordpress.nibis.de\/gsamlindhof\/unser-leitbild-2\/","title":{"rendered":"Unser Leitbild"},"content":{"rendered":"<p><strong><u>Unser Leitbild<\/u><\/strong><strong><u>\u00a0<\/u><\/strong><\/p>\n<p>Im Schuljahr 07\/08 wurde das Leitbild der Schule erarbeitet und fertig gestellt. An diesem Prozess waren das gesamte Kollegium, der Schulelternrat und die Sch\u00fclerinnen und Sch\u00fcler des Sch\u00fclerrats beteiligt.<\/p>\n<p>Das Ergebnis wurde grafisch in Form eines Hauses gestaltet. Seit Oktober 2008 h\u00e4ngen 2 gro\u00dfe Leitbildschilder in den Eingangsbereichen unserer Schule.<\/p>\n<p>Zentrale Aussage im Leitbild ist die Lernf\u00e4higkeit des gesamten Systems Schule. Wir wollen damit zum Ausdruck bringen, dass neben den Sch\u00fclerinnen und Sch\u00fclern auch Lehrkr\u00e4fte lernen, also offen sind f\u00fcr Ver\u00e4nderungen und neue Ideen.<\/p>\n<p>Deshalb haben wir das Dach des Hauses \u201eGrundschule Am Lindhof\u201c mit dem Satz \u201e<strong>Wir sind eine lernende Schule<\/strong>\u201c versehen.<\/p>\n<p>Das Leitbildhaus ist gestalterisch mit 4 gro\u00dfen Fenstern ausgestattet. In jedem der Fenster werden unsere Kernaussagen getroffen.<\/p>\n<p><img loading=\"lazy\" decoding=\"async\" class=\"alignnone size-full wp-image-464 aligncenter\" src=\"http:\/\/wordpress.nibis.de\/gsamlindhof\/files\/2017\/07\/leitbild-haus.jpg\" alt=\"\" width=\"485\" height=\"583\" \/><\/p>\n","protected":false},"excerpt":{"rendered":"<p>Unser Leitbild\u00a0 Im Schuljahr 07\/08 wurde das Leitbild der Schule erarbeitet und fertig gestellt. An diesem Prozess waren das gesamte Kollegium, der Schulelternrat und die Sch\u00fclerinnen und Sch\u00fcler des Sch\u00fclerrats beteiligt. Das Ergebnis wurde grafisch in Form eines Hauses gestaltet. &hellip; <a href=\"https:\/\/wordpress.nibis.de\/gsamlindhof\/unser-leitbild-2\/\">Weiterlesen <span class=\"meta-nav\">&rarr;<\/span><\/a><\/p>\n","protected":false},"author":1436,"featured_media":0,"parent":0,"menu_order":0,"comment_status":"closed","ping_status":"closed","template":"","meta":{"footnotes":""},"class_list":["post-463","page","type-page","status-publish","hentry"],"_links":{"self":[{"href":"https:\/\/wordpress.nibis.de\/gsamlindhof\/wp-json\/wp\/v2\/pages\/463","targetHints":{"allow":["GET"]}}],"collection":[{"href":"https:\/\/wordpress.nibis.de\/gsamlindhof\/wp-json\/wp\/v2\/pages"}],"about":[{"href":"https:\/\/wordpress.nibis.de\/gsamlindhof\/wp-json\/wp\/v2\/types\/page"}],"author":[{"embeddable":true,"href":"https:\/\/wordpress.nibis.de\/gsamlindhof\/wp-json\/wp\/v2\/users\/1436"}],"replies":[{"embeddable":true,"href":"https:\/\/wordpress.nibis.de\/gsamlindhof\/wp-json\/wp\/v2\/comments?post=463"}],"version-history":[{"count":1,"href":"https:\/\/wordpress.nibis.de\/gsamlindhof\/wp-json\/wp\/v2\/pages\/463\/revisions"}],"predecessor-version":[{"id":466,"href":"https:\/\/wordpress.nibis.de\/gsamlindhof\/wp-json\/wp\/v2\/pages\/463\/revisions\/466"}],"wp:attachment":[{"href":"https:\/\/wordpress.nibis.de\/gsamlindhof\/wp-json\/wp\/v2\/media?parent=463"}],"curies":[{"name":"wp","href":"https:\/\/api.w.org\/{rel}","templated":true}]}}