{"id":2161,"date":"2022-01-26T14:29:23","date_gmt":"2022-01-26T13:29:23","guid":{"rendered":"https:\/\/wordpress.nibis.de\/gsamstadtturm\/?page_id=2161"},"modified":"2026-01-29T20:04:19","modified_gmt":"2026-01-29T19:04:19","slug":"downloads","status":"publish","type":"page","link":"https:\/\/wordpress.nibis.de\/gsamstadtturm\/eltern\/downloads\/","title":{"rendered":"Downloads"},"content":{"rendered":"\n<h3>Materiallisten Schuljahr 2025\/26<\/h3>\n<p><a href=\"https:\/\/wordpress.nibis.de\/gsamstadtturm\/files\/2025\/07\/1.-Klasse-Buecherliste25.26.pdf\">Klasse 1<\/a><\/p>\n<p><a href=\"https:\/\/wordpress.nibis.de\/gsamstadtturm\/files\/2025\/07\/2.-Klasse-Buecherliste25.26.pdf\">Klasse 2<\/a><\/p>\n<p><a href=\"https:\/\/wordpress.nibis.de\/gsamstadtturm\/files\/2025\/07\/3.-Klasse-Buecherliste25.26.pdf\">Klasse 3<\/a><\/p>\n<p><a href=\"https:\/\/wordpress.nibis.de\/gsamstadtturm\/files\/2025\/07\/4.Klasse-Buecherliste25.26.pdf\">Klasse 4<\/a><\/p>\n<p><a href=\"https:\/\/wordpress.nibis.de\/gsamstadtturm\/files\/2024\/08\/Elterninfo-Kita-und-Grundschule-zum-Wechsel-Caterer-08_2024.pdf\">Mittagsverpflegung Anmeldung<\/a><\/p>\n<p><a href=\"https:\/\/wordpress.nibis.de\/gsamstadtturm\/files\/2025\/09\/Mittagessen_kostenfrei_Antrag_2025.08.pdf\">Mittagsverpflegung kostenfrei Antrag auf Leistungen \u00fcber Bildung und Teilhabe<\/a><\/p>\n<p><a href=\"https:\/\/wordpress.nibis.de\/gsamstadtturm\/files\/2025\/09\/Lernfoerderung_Antrag_2025.08.pdf\">Lernf\u00f6rderung Antrag<\/a><\/p>\n<p><a href=\"https:\/\/wordpress.nibis.de\/gsamstadtturm\/files\/2026\/01\/Befreiung-religioeser-Feiertag.pdf\">Unterrichtsbefreiung bei religi\u00f6sen Feiertagen<\/a><\/p>\n<p><a href=\"https:\/\/wordpress.nibis.de\/gsamstadtturm\/files\/2026\/01\/Forderverein-Beitrittserklarung.pdf\">Beitrittserkl\u00e4rung F\u00f6rderverein<\/a><\/p>\n<p>\u00a0<\/p>\n","protected":false},"excerpt":{"rendered":"<p>Materiallisten Schuljahr 2025\/26 Klasse 1 Klasse 2 Klasse 3 Klasse 4 Mittagsverpflegung Anmeldung Mittagsverpflegung kostenfrei Antrag auf Leistungen \u00fcber Bildung und Teilhabe Lernf\u00f6rderung Antrag Unterrichtsbefreiung bei religi\u00f6sen Feiertagen Beitrittserkl\u00e4rung F\u00f6rderverein \u00a0<\/p>\n","protected":false},"author":654,"featured_media":0,"parent":1245,"menu_order":3,"comment_status":"closed","ping_status":"closed","template":"","meta":{"footnotes":""},"class_list":["post-2161","page","type-page","status-publish","hentry"],"_links":{"self":[{"href":"https:\/\/wordpress.nibis.de\/gsamstadtturm\/wp-json\/wp\/v2\/pages\/2161","targetHints":{"allow":["GET"]}}],"collection":[{"href":"https:\/\/wordpress.nibis.de\/gsamstadtturm\/wp-json\/wp\/v2\/pages"}],"about":[{"href":"https:\/\/wordpress.nibis.de\/gsamstadtturm\/wp-json\/wp\/v2\/types\/page"}],"author":[{"embeddable":true,"href":"https:\/\/wordpress.nibis.de\/gsamstadtturm\/wp-json\/wp\/v2\/users\/654"}],"replies":[{"embeddable":true,"href":"https:\/\/wordpress.nibis.de\/gsamstadtturm\/wp-json\/wp\/v2\/comments?post=2161"}],"version-history":[{"count":29,"href":"https:\/\/wordpress.nibis.de\/gsamstadtturm\/wp-json\/wp\/v2\/pages\/2161\/revisions"}],"predecessor-version":[{"id":2924,"href":"https:\/\/wordpress.nibis.de\/gsamstadtturm\/wp-json\/wp\/v2\/pages\/2161\/revisions\/2924"}],"up":[{"embeddable":true,"href":"https:\/\/wordpress.nibis.de\/gsamstadtturm\/wp-json\/wp\/v2\/pages\/1245"}],"wp:attachment":[{"href":"https:\/\/wordpress.nibis.de\/gsamstadtturm\/wp-json\/wp\/v2\/media?parent=2161"}],"curies":[{"name":"wp","href":"https:\/\/api.w.org\/{rel}","templated":true}]}}