{"id":2314,"date":"2023-03-22T21:56:59","date_gmt":"2023-03-22T20:56:59","guid":{"rendered":"https:\/\/wordpress.nibis.de\/gsamstadtturm\/?page_id=2314"},"modified":"2025-08-05T21:33:25","modified_gmt":"2025-08-05T19:33:25","slug":"verlaessliche-grundschule-2","status":"publish","type":"page","link":"https:\/\/wordpress.nibis.de\/gsamstadtturm\/verlaessliche-grundschule-2\/","title":{"rendered":"Verl\u00e4ssliche Grundschule"},"content":{"rendered":"\n<p style=\"font-weight: 400\">Seit dem Schuljahr 2000 sind wir \u201eVerl\u00e4ssliche Grundschule\u201c.<\/p>\n<p style=\"font-weight: 400\">Das hei\u00dft, dass unsere Unterrichts\u2013 und Betreuungszeiten t\u00e4glich 5 Zeitstunden umfassen: 7:30 Uhr bis 12:30 Uhr<\/p>\n<p style=\"font-weight: 400\">Die 1. Klassen haben 21 Stunden Unterricht pro Woche (t\u00e4glich bis 11.25 Uhr).<\/p>\n<p style=\"font-weight: 400\">Die 2. Klassen haben 23 Stunden Unterricht pro Woche (t\u00e4glich bis 11.25 oder 12.30 Uhr).<\/p>\n<p style=\"font-weight: 400\">Zus\u00e4tzlich kann in den 1. und 2. Klassen t\u00e4glich die Teilnahme an unterrichtserg\u00e4nzenden Angeboten bis 12.30 Uhr genutzt werden. Diese Zeit bietet Spiel-, Bastel\u2013 und Bewegungsangebote.<\/p>\n<p style=\"font-weight: 400\">Die 3. und 4. Klassen haben 26 Stunden Unterricht pro Woche.<\/p>\n<p style=\"font-weight: 400\">Je nach Plan endet der Unterricht entweder um 12:30 oder 13:15 Uhr.<\/p>\n\n\n","protected":false},"excerpt":{"rendered":"<p>Seit dem Schuljahr 2000 sind wir \u201eVerl\u00e4ssliche Grundschule\u201c. Das hei\u00dft, dass unsere Unterrichts\u2013 und Betreuungszeiten t\u00e4glich 5 Zeitstunden umfassen: 7:30 Uhr bis 12:30 Uhr Die 1. Klassen haben 21 Stunden Unterricht pro Woche (t\u00e4glich bis 11.25 Uhr). Die 2. Klassen haben 23 Stunden Unterricht pro Woche (t\u00e4glich bis 11.25 oder 12.30 Uhr). Zus\u00e4tzlich kann in [&hellip;]<\/p>\n","protected":false},"author":654,"featured_media":0,"parent":0,"menu_order":0,"comment_status":"closed","ping_status":"closed","template":"","meta":{"footnotes":""},"class_list":["post-2314","page","type-page","status-publish","hentry"],"_links":{"self":[{"href":"https:\/\/wordpress.nibis.de\/gsamstadtturm\/wp-json\/wp\/v2\/pages\/2314","targetHints":{"allow":["GET"]}}],"collection":[{"href":"https:\/\/wordpress.nibis.de\/gsamstadtturm\/wp-json\/wp\/v2\/pages"}],"about":[{"href":"https:\/\/wordpress.nibis.de\/gsamstadtturm\/wp-json\/wp\/v2\/types\/page"}],"author":[{"embeddable":true,"href":"https:\/\/wordpress.nibis.de\/gsamstadtturm\/wp-json\/wp\/v2\/users\/654"}],"replies":[{"embeddable":true,"href":"https:\/\/wordpress.nibis.de\/gsamstadtturm\/wp-json\/wp\/v2\/comments?post=2314"}],"version-history":[{"count":3,"href":"https:\/\/wordpress.nibis.de\/gsamstadtturm\/wp-json\/wp\/v2\/pages\/2314\/revisions"}],"predecessor-version":[{"id":2657,"href":"https:\/\/wordpress.nibis.de\/gsamstadtturm\/wp-json\/wp\/v2\/pages\/2314\/revisions\/2657"}],"wp:attachment":[{"href":"https:\/\/wordpress.nibis.de\/gsamstadtturm\/wp-json\/wp\/v2\/media?parent=2314"}],"curies":[{"name":"wp","href":"https:\/\/api.w.org\/{rel}","templated":true}]}}