{"id":2379,"date":"2023-03-22T22:03:26","date_gmt":"2023-03-22T21:03:26","guid":{"rendered":"https:\/\/wordpress.nibis.de\/gsamstadtturm\/?page_id=2379"},"modified":"2023-03-23T05:29:08","modified_gmt":"2023-03-23T04:29:08","slug":"bewegte-schule-2","status":"publish","type":"page","link":"https:\/\/wordpress.nibis.de\/gsamstadtturm\/bewegte-schule-2\/","title":{"rendered":"Bewegte Schule"},"content":{"rendered":"\n<p style=\"font-weight: 400\"><strong>Bewegte Schule \u2014 Gesundheitsf\u00f6rdernde Schule<\/strong><\/p>\n<p style=\"font-weight: 400\">Unsere Schule hat sich an dem landesweiten Projekt \u201cBewegte Schule\u201c beteiligt. Daher sehen wir es als unsere zentrale Aufgabe, ganzheitliches Lernen zu initiieren, Schulleben zu gestalten und die Gesundheit der Sch\u00fcler\/innen zu f\u00f6rdern.<\/p>\n<p style=\"font-weight: 400\">Schule bewegen hei\u00dft unserem Verst\u00e4ndnis nach, ein freundliches Lernklima zu schaffen, bewegtes Lernen zu erm\u00f6glichen, feste Bewegungszeiten zu etablieren, gesunde Ern\u00e4hrung zu f\u00f6rdern sowie einen bewegungsfreundlichen Schulhof und ansprechende R\u00e4ume mit ergonomischem Mobiliar zu gestalten.<\/p>\n<p style=\"font-weight: 400\">F\u00fcr die vielf\u00e4ltigen Angebote rund um das Thema \u201cBewegung und Gesundheit\u201c ist die Schule vom Kultusministerium als \u201cSportfreundliche Schule\u201c ausgezeichnet worden.<\/p>\n<p style=\"font-weight: 400\">Auf folgenden S\u00e4ulen basiert daher die t\u00e4gliche Arbeit:<\/p>\n<p style=\"font-weight: 400\">\u00a0<\/p>\n<p style=\"font-weight: 400\"><strong>Bewegung<\/strong><\/p>\n<p style=\"font-weight: 400\">Seit vielen Jahren beginnen wir unseren Unterricht jeden Mor-gen mit einer Fr\u00fchgymnastik.<\/p>\n<p style=\"font-weight: 400\">Im Unterricht versuchen wir Unterrichtsinhalte so aufzubereiten, dass sich das Lernen in Bewegung vollzieht. Zus\u00e4tzlich wird der Unterricht durch regelm\u00e4\u00dfige kurze Bewegungssequenzen aufgelockert, z. B. mit Reaktions\u00fcbungen, Bewegungsliedern usw..<\/p>\n<p style=\"font-weight: 400\">Wir verf\u00fcgen \u00fcber eine Rollerstation, die f\u00fcr kurze Bewegungspausen und w\u00e4hrend der Betreuung genutzt wird. Au\u00dferdem besitzt die Schule Fahrr\u00e4der, mit denen f\u00fcr die\u00a0Sicherheit im Stra\u00dfenverkehr trainiert wird.<\/p>\n<p style=\"font-weight: 400\">Im Fr\u00fchling bzw. Sommer trainieren wir f\u00fcr das sog. Laufabzeichen und Sportabzeichen.<\/p>\n<p style=\"font-weight: 400\">\u00a0<\/p>\n<p style=\"font-weight: 400\"><strong>Gewaltpr\u00e4vention<\/strong><\/p>\n<p style=\"font-weight: 400\">Die Schulsozialarbeiterinnen bieten Sozialtrainings f\u00fcr alle Jahrg\u00e4nge an, die insbesondere in den 1. Klassen gerne in Anspruch genommen werden. Ziel dieses Trainings ist die F\u00f6rderung eines guten Umgangstons und Miteinanders in den Klassen.<\/p>\n<p style=\"font-weight: 400\">Bereits seit vielen Jahren gibt es an unserer Schule eine spezielle AG (Streitschlichter), in der Jungen und M\u00e4dchen aus den 3. und 4. Klassen, insbesondere Klassensprecher\/ innen, sich mit den Themen Streit, Gewalt und Konflikte auseinandersetzen.<\/p>\n<p style=\"font-weight: 400\">Diese Vertrauenssch\u00fcler lernen in spielerischen \u00dcbungen, Rollenspielen und Gespr\u00e4chen die eigenen Gef\u00fchle und Reaktionen und die ihrer Mitsch\u00fcler besser zu erkennen\u00a0und angemessen darauf zu reagieren. Die meisten dieser Kinder arbeiten erkennbar daran, in ihren Klassengemeinschaften und auf dem Schulhof eine Vorbildfunktion zu\u00a0\u00fcbernehmen.<\/p>\n<p style=\"font-weight: 400\">\u00a0<\/p>\n<p style=\"font-weight: 400\"><strong>Ern\u00e4hrung<\/strong><\/p>\n<p style=\"font-weight: 400\"><strong>\u00a0<\/strong>Die Schule m\u00f6chte zu einer bewussten und gesunden Ern\u00e4hrung erziehen. Dazu geh\u00f6rt zun\u00e4chst einmal das t\u00e4gliche gemeinsame Fr\u00fchst\u00fcck in der Klasse. Dabei wird ein Rahmen geschaffen, in dem jeder in Ruhe seine Mahlzeit einnehmen kann und regelm\u00e4\u00dfig er\u00f6rtert, was zu einem gesunden Fr\u00fchst\u00fcck dazugeh\u00f6rt . Der \u201eRatgeber Brotdose\u201c im Hausaufgabenheft (Stadtturmbuch) bietet zus\u00e4tzliche Informationen.<\/p>\n<p style=\"font-weight: 400\">Au\u00dferdem f\u00fchren die Klassen unterschiedliche Projekte durch: In Kooperation mit Landfrauen werden Koch\u2013 und Backtage durchgef\u00fchrt. Au\u00dferdem hat sich die Schule in den letzten Jahren am sogenannten \u201eSchulobstprogramm\u201c beteiligt, das den Sch\u00fcler\/innen dreimal in der Woche kostenlos Obst und Gem\u00fcse zur Erg\u00e4nzung des eigenen Fr\u00fchst\u00fccks\u00a0anbietet.<\/p>\n<p style=\"font-weight: 400\">\u00a0<\/p>\n<p style=\"font-weight: 400\"><strong>Schulhofgestaltung<\/strong><\/p>\n<p style=\"font-weight: 400\">W\u00e4hrend der Pausen k\u00f6nnen sich die Sch\u00fcler\/innen auf dem angrenzenden Spielplatz bewegen, eine Kletterwand sowie Pl\u00e4tze zum Basketball und Fu\u00dfball spielen nutzen. Weiterhin stehen den Kindern Bewegungskisten mit Kleinger\u00e4ten zur Pausengestaltung zur Verf\u00fcgung. Au\u00dferdem gibt es eine Kletterburg und einen Seilklettergarten, die mit\u00a0Unterst\u00fctzung des F\u00f6rdervereins und Elternhilfe auf dem Schulhof erreichtet wurden.<\/p>\n<p style=\"font-weight: 400\">\u00a0<\/p>\n<p style=\"font-weight: 400\"><strong>Ergonomie<\/strong><\/p>\n<p style=\"font-weight: 400\">Da Haltungssch\u00e4den bei den Kindern zunehmen, haben wir begonnen, unsere Klassen mit ergonomischen Gest\u00fchl auszustatten. Die meisten Klassen verf\u00fcgen bereits \u00fcber entsprechendes Mobiliar. Nach und nach sollen auch die anderen Klassenr\u00e4ume neu ausgestattet werden.<\/p>\n<p style=\"font-weight: 400\">Um das Gewicht der Schulranzen zu reduzieren, hat jedes Kind in der Schule ein Eigentumsfach, in dem es die B\u00fccher und Mappen verwahren kann, die es zu Hause nicht ben\u00f6tigt.<\/p>\n<p style=\"font-weight: 400\">\u00a0<\/p>\n<p style=\"font-weight: 400\"><strong>Kooperationen<\/strong><\/p>\n<p style=\"font-weight: 400\">Die Schule m\u00f6chte die Kinder anregen, auch nachmittags sportlich aktiv zu sein. Deshalb f\u00fchren wir in Kooperation mit \u00f6rtlichen Sportvereinen bzw. dem Kreissportbund\u00a0\u201eSchnupperkurse\u201c und Arbeitsgemeinschaften im Nachmittagsbereich\u00a0durch.<\/p>\n<p style=\"font-weight: 400\">\u00a0<\/p>\n<p style=\"font-weight: 400\"><strong>Freiwilligendienst im Sport<\/strong><\/p>\n<p style=\"font-weight: 400\">Unsere Schule ist als Einsatzstelle f\u00fcr den Bundesfreiwilligendienst anerkannt. Wir unterst\u00fctzen junge Engagierte, indem wir einen Freiwilligendienst im Sport anbieten.<\/p>\n<p style=\"font-weight: 400\">\u00a0<\/p>\n","protected":false},"excerpt":{"rendered":"<p>Bewegte Schule \u2014 Gesundheitsf\u00f6rdernde Schule Unsere Schule hat sich an dem landesweiten Projekt \u201cBewegte Schule\u201c beteiligt. Daher sehen wir es als unsere zentrale Aufgabe, ganzheitliches Lernen zu initiieren, Schulleben zu gestalten und die Gesundheit der Sch\u00fcler\/innen zu f\u00f6rdern. Schule bewegen hei\u00dft unserem Verst\u00e4ndnis nach, ein freundliches Lernklima zu schaffen, bewegtes Lernen zu erm\u00f6glichen, feste Bewegungszeiten [&hellip;]<\/p>\n","protected":false},"author":654,"featured_media":0,"parent":0,"menu_order":0,"comment_status":"closed","ping_status":"closed","template":"","meta":{"footnotes":""},"class_list":["post-2379","page","type-page","status-publish","hentry"],"_links":{"self":[{"href":"https:\/\/wordpress.nibis.de\/gsamstadtturm\/wp-json\/wp\/v2\/pages\/2379","targetHints":{"allow":["GET"]}}],"collection":[{"href":"https:\/\/wordpress.nibis.de\/gsamstadtturm\/wp-json\/wp\/v2\/pages"}],"about":[{"href":"https:\/\/wordpress.nibis.de\/gsamstadtturm\/wp-json\/wp\/v2\/types\/page"}],"author":[{"embeddable":true,"href":"https:\/\/wordpress.nibis.de\/gsamstadtturm\/wp-json\/wp\/v2\/users\/654"}],"replies":[{"embeddable":true,"href":"https:\/\/wordpress.nibis.de\/gsamstadtturm\/wp-json\/wp\/v2\/comments?post=2379"}],"version-history":[{"count":2,"href":"https:\/\/wordpress.nibis.de\/gsamstadtturm\/wp-json\/wp\/v2\/pages\/2379\/revisions"}],"predecessor-version":[{"id":2389,"href":"https:\/\/wordpress.nibis.de\/gsamstadtturm\/wp-json\/wp\/v2\/pages\/2379\/revisions\/2389"}],"wp:attachment":[{"href":"https:\/\/wordpress.nibis.de\/gsamstadtturm\/wp-json\/wp\/v2\/media?parent=2379"}],"curies":[{"name":"wp","href":"https:\/\/api.w.org\/{rel}","templated":true}]}}