{"id":270,"date":"2024-05-27T11:42:21","date_gmt":"2024-05-27T09:42:21","guid":{"rendered":"http:\/\/wordpress.nibis.de\/gsamstadtturm\/?page_id=270"},"modified":"2025-12-07T22:17:27","modified_gmt":"2025-12-07T21:17:27","slug":"autorenlesung","status":"publish","type":"page","link":"https:\/\/wordpress.nibis.de\/gsamstadtturm\/autorenlesung\/","title":{"rendered":"Autorenlesung 2024"},"content":{"rendered":"<p style=\"font-weight: 400\"><strong>Lesung f\u00fcr den 4. Jahrgang mit dem Stadth\u00e4ger Buchautor Janosch Walte<\/strong><\/p>\n<p style=\"font-weight: 400\">Anton m\u00f6chte wissen, woher eigentlich die Geschichten kommen, die sein Opa ihm immer erz\u00e4hlt. Die Antwort darauf bekamen die Sch\u00fcler des 4. Jahrgang vom Stadth\u00e4ger Buchautor Janosch Walte, der im Rahmen einer Lesung am 15. Mai 2024 sein Buch \u201eAnton und der M\u00e4rchenmond\u201c vorstellte.<\/p>\n<p style=\"font-weight: 400\">Die Reise f\u00fchrt \u00fcber die alte Eiche auf den M\u00e4rchenmond. Dort fahren Anton und Opa in den geheimnisvollen F\u00e4cherwald. Sie treffen auf fabelhafte Wesen, au\u00dfergew\u00f6hnliche B\u00e4ume und m\u00fcssen so manches Abenteuer bestehen, denn die Geschichten sind in Gefahr\u2026.<\/p>\n<p style=\"font-weight: 400\">Janosch Walte entf\u00fchrte die Sch\u00fclerinnen und Sch\u00fcler auf eine m\u00e4rchenhafte Reise. \u201eDie Idee f\u00fcr das Buch\u201c, so erkl\u00e4rte er im Anschluss an die Lesung, \u201ekam auf einem Spaziergang mit meiner Frau, als der Mond der Erde besonders nah erschien. Die Geschichte habe ich f\u00fcr meinen kleinen Sohn geschrieben.\u201c Illustriert wurde das Buch von Janosch Waltes Schwiegervater, J\u00fcrgen Walte.<\/p>\n<p><a href=\"https:\/\/wordpress.nibis.de\/gsamstadtturm\/files\/2024\/05\/Autorenlesung.jpeg\"><img loading=\"lazy\" decoding=\"async\" class=\"alignleft size-thumbnail wp-image-2516\" src=\"https:\/\/wordpress.nibis.de\/gsamstadtturm\/files\/2024\/05\/Autorenlesung-150x150.jpeg\" alt=\"\" width=\"150\" height=\"150\" \/><\/a><\/p>\n","protected":false},"excerpt":{"rendered":"<p>Lesung f\u00fcr den 4. Jahrgang mit dem Stadth\u00e4ger Buchautor Janosch Walte Anton m\u00f6chte wissen, woher eigentlich die Geschichten kommen, die sein Opa ihm immer erz\u00e4hlt. Die Antwort darauf bekamen die Sch\u00fcler des 4. Jahrgang vom Stadth\u00e4ger Buchautor Janosch Walte, der im Rahmen einer Lesung am 15. Mai 2024 sein Buch \u201eAnton und der M\u00e4rchenmond\u201c vorstellte. [&hellip;]<\/p>\n","protected":false},"author":654,"featured_media":0,"parent":0,"menu_order":0,"comment_status":"closed","ping_status":"closed","template":"","meta":{"footnotes":""},"class_list":["post-270","page","type-page","status-publish","hentry"],"_links":{"self":[{"href":"https:\/\/wordpress.nibis.de\/gsamstadtturm\/wp-json\/wp\/v2\/pages\/270","targetHints":{"allow":["GET"]}}],"collection":[{"href":"https:\/\/wordpress.nibis.de\/gsamstadtturm\/wp-json\/wp\/v2\/pages"}],"about":[{"href":"https:\/\/wordpress.nibis.de\/gsamstadtturm\/wp-json\/wp\/v2\/types\/page"}],"author":[{"embeddable":true,"href":"https:\/\/wordpress.nibis.de\/gsamstadtturm\/wp-json\/wp\/v2\/users\/654"}],"replies":[{"embeddable":true,"href":"https:\/\/wordpress.nibis.de\/gsamstadtturm\/wp-json\/wp\/v2\/comments?post=270"}],"version-history":[{"count":4,"href":"https:\/\/wordpress.nibis.de\/gsamstadtturm\/wp-json\/wp\/v2\/pages\/270\/revisions"}],"predecessor-version":[{"id":2769,"href":"https:\/\/wordpress.nibis.de\/gsamstadtturm\/wp-json\/wp\/v2\/pages\/270\/revisions\/2769"}],"wp:attachment":[{"href":"https:\/\/wordpress.nibis.de\/gsamstadtturm\/wp-json\/wp\/v2\/media?parent=270"}],"curies":[{"name":"wp","href":"https:\/\/api.w.org\/{rel}","templated":true}]}}