{"id":2716,"date":"2025-09-25T19:53:51","date_gmt":"2025-09-25T17:53:51","guid":{"rendered":"https:\/\/wordpress.nibis.de\/gsamstadtturm\/?page_id=2716"},"modified":"2025-09-25T20:18:08","modified_gmt":"2025-09-25T18:18:08","slug":"weltkindertag-2025","status":"publish","type":"page","link":"https:\/\/wordpress.nibis.de\/gsamstadtturm\/weltkindertag-2025\/","title":{"rendered":"Weltkindertag 2025"},"content":{"rendered":"\n\n\n<p>Anl\u00e4sslich des Weltkindertages am 20.09.2025 genossen die Sch\u00fclerinnen und Sch\u00fcler der GS Am Stadtturm am Montag, 22.09.2025, zwei besondere Pausen.\u00a0<\/p>\n<p>Genaueres dazu sehen Sie <a href=\"https:\/\/wordpress.nibis.de\/gsamstadtturm\/files\/2025\/09\/Weltkindertag_2025.09.20.pdf\">hier<\/a>.<\/p>\n<p><a href=\"https:\/\/wordpress.nibis.de\/gsamstadtturm\/files\/2025\/09\/Weltkindertag_2025_Foto.jpg\"><img loading=\"lazy\" decoding=\"async\" class=\"alignleft wp-image-2722 size-medium\" src=\"https:\/\/wordpress.nibis.de\/gsamstadtturm\/files\/2025\/09\/Weltkindertag_2025_Foto-300x225.jpg\" alt=\"\" width=\"300\" height=\"225\" srcset=\"https:\/\/wordpress.nibis.de\/gsamstadtturm\/files\/2025\/09\/Weltkindertag_2025_Foto-300x225.jpg 300w, https:\/\/wordpress.nibis.de\/gsamstadtturm\/files\/2025\/09\/Weltkindertag_2025_Foto-768x577.jpg 768w, https:\/\/wordpress.nibis.de\/gsamstadtturm\/files\/2025\/09\/Weltkindertag_2025_Foto.jpg 935w\" sizes=\"auto, (max-width: 300px) 100vw, 300px\" \/><\/a><\/p>\n","protected":false},"excerpt":{"rendered":"<p>Anl\u00e4sslich des Weltkindertages am 20.09.2025 genossen die Sch\u00fclerinnen und Sch\u00fcler der GS Am Stadtturm am Montag, 22.09.2025, zwei besondere Pausen.\u00a0 Genaueres dazu sehen Sie hier.<\/p>\n","protected":false},"author":654,"featured_media":0,"parent":0,"menu_order":0,"comment_status":"closed","ping_status":"closed","template":"","meta":{"footnotes":""},"class_list":["post-2716","page","type-page","status-publish","hentry"],"_links":{"self":[{"href":"https:\/\/wordpress.nibis.de\/gsamstadtturm\/wp-json\/wp\/v2\/pages\/2716","targetHints":{"allow":["GET"]}}],"collection":[{"href":"https:\/\/wordpress.nibis.de\/gsamstadtturm\/wp-json\/wp\/v2\/pages"}],"about":[{"href":"https:\/\/wordpress.nibis.de\/gsamstadtturm\/wp-json\/wp\/v2\/types\/page"}],"author":[{"embeddable":true,"href":"https:\/\/wordpress.nibis.de\/gsamstadtturm\/wp-json\/wp\/v2\/users\/654"}],"replies":[{"embeddable":true,"href":"https:\/\/wordpress.nibis.de\/gsamstadtturm\/wp-json\/wp\/v2\/comments?post=2716"}],"version-history":[{"count":8,"href":"https:\/\/wordpress.nibis.de\/gsamstadtturm\/wp-json\/wp\/v2\/pages\/2716\/revisions"}],"predecessor-version":[{"id":2733,"href":"https:\/\/wordpress.nibis.de\/gsamstadtturm\/wp-json\/wp\/v2\/pages\/2716\/revisions\/2733"}],"wp:attachment":[{"href":"https:\/\/wordpress.nibis.de\/gsamstadtturm\/wp-json\/wp\/v2\/media?parent=2716"}],"curies":[{"name":"wp","href":"https:\/\/api.w.org\/{rel}","templated":true}]}}