{"id":2755,"date":"2025-12-07T21:49:15","date_gmt":"2025-12-07T20:49:15","guid":{"rendered":"https:\/\/wordpress.nibis.de\/gsamstadtturm\/?page_id=2755"},"modified":"2026-01-26T20:47:08","modified_gmt":"2026-01-26T19:47:08","slug":"handball-aktionstag-2025","status":"publish","type":"page","link":"https:\/\/wordpress.nibis.de\/gsamstadtturm\/handball-aktionstag-2025\/","title":{"rendered":"Handball-Aktionstag 2025"},"content":{"rendered":"\n<p style=\"font-weight: 400\"><strong><u>Volltreffer! Gro\u00dfartiger Handball-Aktionstag an der Grundschule am Stadtturm<\/u><\/strong><br \/><br \/>Am Freitag, den 14.11.2025, verwandelte sich unsere Turnhalle in ein echtes Handball-Areal! Alle dritten Klassen\u00a0unserer Schule nahmen mit Begeisterung am diesj\u00e4hrigen Grundschulaktionstag teil. Rund 90 unserer Sch\u00fclerinnen und Sch\u00fcler\u00a0erlebten einen spannenden Vormittag rund um den Handballsport.<\/p>\n<p style=\"font-weight: 400\"><br \/>Ein gro\u00dfes Dankesch\u00f6n an die HSG Auhagen\/Stadthagen<br \/>Dieser tolle Tag w\u00e4re ohne die hervorragende Unterst\u00fctzung der HSG Auhagen\/Stadthagen\u00a0nicht m\u00f6glich gewesen. Wir bedanken uns herzlich bei den vielen ehrenamtlichen Helfern\u00a0des Vereins, die mit gro\u00dfem Engagement die Stationen betreut und den gesamten Ablauf perfekt organisiert haben!<\/p>\n<p style=\"font-weight: 400\"><br \/>Das Ziel der Kinder war klar: Sie wollten den offiziellen \u201eHanniballpass\u201c\u00a0des Deutschen Handballbundes erwerben. Daf\u00fcr mussten die Drittkl\u00e4ssler an f\u00fcnf Stationen\u00a0ihr K\u00f6nnen unter Beweis stellen. Ob Prellen, Werfen, Laufen\u00a0oder knifflige koordinative Aufgaben\u00a0\u2013 die \u00dcbungen forderten gleicherma\u00dfen K\u00f6rper und K\u00f6pfchen\u00a0und machten riesigen Spa\u00df.<br \/>Die Kinder waren mit gro\u00dfer Begeisterung dabei und genossen es sichtlich, mal eine andere Sportart auszuprobieren. Dabei blitzten bei einigen echte versteckte Talente\u00a0auf!<br \/><br \/><\/p>\n<p style=\"font-weight: 400\">Um die Energiereserven wieder aufzuf\u00fcllen, gab es zwischendurch ein liebevoll vorbereitetes Buffet\u00a0mit gesundem Obst und Gem\u00fcse, das bei allen gro\u00dfen Anklang fand.<\/p>\n<p style=\"font-weight: 400\">Am Ende des Vormittags gingen alle 90 Kinder als Sieger nach Hause. Sie erhielten nicht nur den ersehnten Hanniballpass, sondern auch eine offizielle Urkunde\u00a0als Anerkennung f\u00fcr ihre sportliche Leistung und ihren Einsatz.<br \/>Ein rundum gelungener Tag, der Lust auf mehr Bewegung gemacht hat!<\/p>\n<p><a href=\"https:\/\/wordpress.nibis.de\/gsamstadtturm\/files\/2025\/12\/2025.11.14_Handball_2.jpeg\"><img loading=\"lazy\" decoding=\"async\" class=\"alignleft size-thumbnail wp-image-2761\" src=\"https:\/\/wordpress.nibis.de\/gsamstadtturm\/files\/2025\/12\/2025.11.14_Handball_2-150x150.jpeg\" alt=\"\" width=\"150\" height=\"150\" \/><\/a><a href=\"https:\/\/wordpress.nibis.de\/gsamstadtturm\/files\/2025\/12\/2025.11.14_Handball_4.jpeg\"><img loading=\"lazy\" decoding=\"async\" class=\"alignleft size-thumbnail wp-image-2763\" src=\"https:\/\/wordpress.nibis.de\/gsamstadtturm\/files\/2025\/12\/2025.11.14_Handball_4-150x150.jpeg\" alt=\"\" width=\"150\" height=\"150\" \/><\/a><a href=\"https:\/\/wordpress.nibis.de\/gsamstadtturm\/files\/2025\/12\/2025.11.14_Handball_3.jpeg\"><img loading=\"lazy\" decoding=\"async\" class=\"alignleft size-thumbnail wp-image-2762\" src=\"https:\/\/wordpress.nibis.de\/gsamstadtturm\/files\/2025\/12\/2025.11.14_Handball_3-150x150.jpeg\" alt=\"\" width=\"150\" height=\"150\" \/><\/a><a href=\"https:\/\/wordpress.nibis.de\/gsamstadtturm\/files\/2025\/12\/2025.11.14_Handball_1.jpeg\"><img loading=\"lazy\" decoding=\"async\" class=\"alignleft size-thumbnail wp-image-2760\" src=\"https:\/\/wordpress.nibis.de\/gsamstadtturm\/files\/2025\/12\/2025.11.14_Handball_1-150x150.jpeg\" alt=\"\" width=\"150\" height=\"150\" \/><\/a><\/p>\n<p>\u00a0<\/p>\n\n\n","protected":false},"excerpt":{"rendered":"<p>Volltreffer! Gro\u00dfartiger Handball-Aktionstag an der Grundschule am Stadtturm Am Freitag, den 14.11.2025, verwandelte sich unsere Turnhalle in ein echtes Handball-Areal! Alle dritten Klassen\u00a0unserer Schule nahmen mit Begeisterung am diesj\u00e4hrigen Grundschulaktionstag teil. Rund 90 unserer Sch\u00fclerinnen und Sch\u00fcler\u00a0erlebten einen spannenden Vormittag rund um den Handballsport. Ein gro\u00dfes Dankesch\u00f6n an die HSG Auhagen\/StadthagenDieser tolle Tag w\u00e4re ohne [&hellip;]<\/p>\n","protected":false},"author":654,"featured_media":0,"parent":0,"menu_order":0,"comment_status":"closed","ping_status":"closed","template":"","meta":{"footnotes":""},"class_list":["post-2755","page","type-page","status-publish","hentry"],"_links":{"self":[{"href":"https:\/\/wordpress.nibis.de\/gsamstadtturm\/wp-json\/wp\/v2\/pages\/2755","targetHints":{"allow":["GET"]}}],"collection":[{"href":"https:\/\/wordpress.nibis.de\/gsamstadtturm\/wp-json\/wp\/v2\/pages"}],"about":[{"href":"https:\/\/wordpress.nibis.de\/gsamstadtturm\/wp-json\/wp\/v2\/types\/page"}],"author":[{"embeddable":true,"href":"https:\/\/wordpress.nibis.de\/gsamstadtturm\/wp-json\/wp\/v2\/users\/654"}],"replies":[{"embeddable":true,"href":"https:\/\/wordpress.nibis.de\/gsamstadtturm\/wp-json\/wp\/v2\/comments?post=2755"}],"version-history":[{"count":3,"href":"https:\/\/wordpress.nibis.de\/gsamstadtturm\/wp-json\/wp\/v2\/pages\/2755\/revisions"}],"predecessor-version":[{"id":2872,"href":"https:\/\/wordpress.nibis.de\/gsamstadtturm\/wp-json\/wp\/v2\/pages\/2755\/revisions\/2872"}],"wp:attachment":[{"href":"https:\/\/wordpress.nibis.de\/gsamstadtturm\/wp-json\/wp\/v2\/media?parent=2755"}],"curies":[{"name":"wp","href":"https:\/\/api.w.org\/{rel}","templated":true}]}}