{"id":2868,"date":"2026-01-26T20:44:41","date_gmt":"2026-01-26T19:44:41","guid":{"rendered":"https:\/\/wordpress.nibis.de\/gsamstadtturm\/?page_id=2868"},"modified":"2026-01-26T21:02:08","modified_gmt":"2026-01-26T20:02:08","slug":"home-run-januar-2026","status":"publish","type":"page","link":"https:\/\/wordpress.nibis.de\/gsamstadtturm\/home-run-januar-2026\/","title":{"rendered":"Baseball Januar 2026"},"content":{"rendered":"\n<h3><b><u>Home Run in der Turnhalle<\/u><\/b><\/h3>\n<h3 style=\"font-weight: 400\"><strong><u>Baseball-Schnuppertage begeistern die 3. und 4. Klassen<\/u><\/strong><\/h3>\n<p style=\"font-weight: 400\">Vom 20. bis zum 22. Januar 2026 hie\u00df es an unserer Schule: \u201eBatter up!\u201c An drei spannenden Tagen drehte sich f\u00fcr alle Kinder der dritten und vierten Klassen alles um den amerikanischen Nationalsport Baseball.<\/p>\n<p style=\"font-weight: 400\"><strong>Profi-Training mit den B\u00fcckeburg Buccaneers<\/strong><br \/>Unter der fachkundigen Leitung von Adrian Staaks von den B\u00fcckeburg Buccaneers (VfL B\u00fcckeburg) tauchten die Sch\u00fclerinnen und Sch\u00fcler in die Welt der Schl\u00e4ger, Baseballs und Bases ein.<\/p>\n<p style=\"font-weight: 400\">Der Ablauf war sportlich intensiv:<\/p>\n<ul>\n<li>Warm-up: Jede Stunde startete mit gezielten Aufw\u00e4rm\u00fcbungen, um die Gelenke f\u00fcr die Wurfbewegungen und Sprints zu lockern.<\/li>\n<li>Theorie-Check: Bevor es richtig losging, erkl\u00e4rte Adrian geduldig die wichtigsten Spielregeln. Was ist ein \u201eStrike\u201c? Und wie erreicht man eigentlich ein \u201eHome Run\u201c?<\/li>\n<li>Action auf dem Feld: Dann ging es endlich zur Sache!<\/li>\n<\/ul>\n<p style=\"font-weight: 400\"><strong>Timing, Taktik und Teamgeist<\/strong><br \/>Baseball sieht im Fernsehen oft einfach aus, doch die Kinder merkten schnell: Der Teufel steckt im Detail. Gefordert waren:<\/p>\n<ol>\n<li style=\"font-weight: 400\">Pr\u00e4zision: Das richtige Timing beim Schlagen des kleinen Balls.<\/li>\n<li style=\"font-weight: 400\">Koordination: Den Ball sicher fangen.<\/li>\n<li style=\"font-weight: 400\">Schnelligkeit: Flinke Beine beim Laufen zwischen den Bases.<\/li>\n<li style=\"font-weight: 400\">K\u00f6pfchen: Die richtige Taktik, um das gegnerische Team auszuspielen.<\/li>\n<\/ol>\n<p style=\"font-weight: 400\">Aller Anfang ist schwer \u2013 besonders das Treffen des kleinen Balls mit dem schmalen Schl\u00e4ger war zun\u00e4chst eine Herausforderung. Doch der Ehrgeiz war geweckt! Mit jeder Runde klappte es besser, die Treffsicherheit stieg und in den abschlie\u00dfenden kleinen Team-Matches wurde lautstark um jeden Punkt gek\u00e4mpft.<\/p>\n<p style=\"font-weight: 400\"><strong>Ein bleibender Eindruck<\/strong><br \/>Zum kr\u00f6nenden Abschluss gab es strahlende Gesichter: Jedes Kind erhielt eine Teilnahmeurkunde und die hei\u00df begehrten Buccaneers-Sticker.<br \/>Besonders toll: Damit die neu entfachte Begeisterung nicht direkt wieder verfliegt, durften die Klassen einen eigenen Schl\u00e4ger inklusive passendem Soft-Baseball entgegennehmen. So kann die Sportart auch im regul\u00e4ren Sportunterricht weiter trainiert werden.<br \/>Ein herzliches Dankesch\u00f6n geht an Adrian Staaks f\u00fcr seine Zeit, seine Geduld und das tolle Training! Wir freuen uns schon auf das n\u00e4chste Mal.<\/p>\n\n\n\n<table style=\"border-collapse: collapse;width: 100%\">\n<tbody>\n<tr>\n<td style=\"width: 16.666667%\"><img decoding=\"async\" src=\"https:\/\/wordpress.nibis.de\/gsamstadtturm\/files\/2026\/01\/Baseball-6.jpg\" \/><\/td>\n<td style=\"width: 16.666667%\"><img decoding=\"async\" src=\"https:\/\/wordpress.nibis.de\/gsamstadtturm\/files\/2026\/01\/Baseball-1.jpg\" \/><\/td>\n<td style=\"width: 16.666667%\"><img decoding=\"async\" src=\"https:\/\/wordpress.nibis.de\/gsamstadtturm\/files\/2026\/01\/Baseball-2.jpg\" \/><\/td>\n<td style=\"width: 16.666667%\"><img decoding=\"async\" src=\"https:\/\/wordpress.nibis.de\/gsamstadtturm\/files\/2026\/01\/Baseball-3.jpg\" \/><\/td>\n<td style=\"width: 16.666667%\"><img decoding=\"async\" src=\"https:\/\/wordpress.nibis.de\/gsamstadtturm\/files\/2026\/01\/Baseball-4.jpg\" \/><\/td>\n<td style=\"width: 16.666667%\"><img decoding=\"async\" src=\"https:\/\/wordpress.nibis.de\/gsamstadtturm\/files\/2026\/01\/Baseball-5.jpg\" \/><\/td>\n<\/tr>\n<\/tbody>\n<\/table>\n","protected":false},"excerpt":{"rendered":"<p>Home Run in der Turnhalle Baseball-Schnuppertage begeistern die 3. und 4. Klassen Vom 20. bis zum 22. Januar 2026 hie\u00df es an unserer Schule: \u201eBatter up!\u201c An drei spannenden Tagen drehte sich f\u00fcr alle Kinder der dritten und vierten Klassen alles um den amerikanischen Nationalsport Baseball. Profi-Training mit den B\u00fcckeburg BuccaneersUnter der fachkundigen Leitung von [&hellip;]<\/p>\n","protected":false},"author":654,"featured_media":0,"parent":0,"menu_order":0,"comment_status":"closed","ping_status":"closed","template":"","meta":{"footnotes":""},"class_list":["post-2868","page","type-page","status-publish","hentry"],"_links":{"self":[{"href":"https:\/\/wordpress.nibis.de\/gsamstadtturm\/wp-json\/wp\/v2\/pages\/2868","targetHints":{"allow":["GET"]}}],"collection":[{"href":"https:\/\/wordpress.nibis.de\/gsamstadtturm\/wp-json\/wp\/v2\/pages"}],"about":[{"href":"https:\/\/wordpress.nibis.de\/gsamstadtturm\/wp-json\/wp\/v2\/types\/page"}],"author":[{"embeddable":true,"href":"https:\/\/wordpress.nibis.de\/gsamstadtturm\/wp-json\/wp\/v2\/users\/654"}],"replies":[{"embeddable":true,"href":"https:\/\/wordpress.nibis.de\/gsamstadtturm\/wp-json\/wp\/v2\/comments?post=2868"}],"version-history":[{"count":8,"href":"https:\/\/wordpress.nibis.de\/gsamstadtturm\/wp-json\/wp\/v2\/pages\/2868\/revisions"}],"predecessor-version":[{"id":2887,"href":"https:\/\/wordpress.nibis.de\/gsamstadtturm\/wp-json\/wp\/v2\/pages\/2868\/revisions\/2887"}],"wp:attachment":[{"href":"https:\/\/wordpress.nibis.de\/gsamstadtturm\/wp-json\/wp\/v2\/media?parent=2868"}],"curies":[{"name":"wp","href":"https:\/\/api.w.org\/{rel}","templated":true}]}}