{"id":2897,"date":"2026-01-29T19:39:23","date_gmt":"2026-01-29T18:39:23","guid":{"rendered":"https:\/\/wordpress.nibis.de\/gsamstadtturm\/?page_id=2897"},"modified":"2026-03-16T16:02:16","modified_gmt":"2026-03-16T15:02:16","slug":"info-religioese-feste","status":"publish","type":"page","link":"https:\/\/wordpress.nibis.de\/gsamstadtturm\/info-religioese-feste\/","title":{"rendered":"Info religi\u00f6se Feste"},"content":{"rendered":"\n<p class=\"p1\">Bald beginnt der Monat Ramadan, eine besondere Zeit f\u00fcr viele muslimische Familien. In<\/p>\n<p class=\"p1\">diesem Jahr beginnt dieser voraussichtlich am Abend des 18. Februar und endet am Abend<\/p>\n<p class=\"p1\">des 20. M\u00e4rz. In dieser Zeit fasten Muslime von der Morgend\u00e4mmerung bis zum<\/p>\n<p class=\"p1\">Sonnenuntergang, sie verzichten in dieser Zeitspanne also auf das Essen und Trinken.<\/p>\n<p class=\"p1\">\u00c4hnlich wie bei vielen anderen Fastenarten oder dem christlichen Fasten geht es um einen<\/p>\n<p class=\"p1\">Verzicht f\u00fcr eine festgelegte Zeit.<\/p>\n<p class=\"p1\">Vom Fasten ausgeschlossen sind kranke und \u00e4ltere Menschen, reisende Personen,<\/p>\n<p class=\"p1\">schwangere oder stillende Frauen. Kinder sind erst mit Beginn der Pubert\u00e4t zum Fasten<\/p>\n<p class=\"p1\">verpflichtet. Wie in den vergangenen Jahren werden sicher auch wieder einige unserer<\/p>\n<p class=\"p1\">Grundschulkinder das Fasten ausprobieren.<\/p>\n<p class=\"p1\">\u00dcberlegen Sie deshalb in diesem Fall mit Ihrem Kind \u2013 wie kann Ihr Kind die Anforderungen<\/p>\n<p class=\"p1\">der Schule und der Fastenzeit mit Ihrer Unterst\u00fctzung schaffen? Wie kann Ihr Kind ohne ein<\/p>\n<p class=\"p1\">gesundheitliches Risiko fasten?<\/p>\n<p class=\"p1\">Aus diesem Grund bitten wir Sie: Geben Sie trotzdem, etwas zu essen und zu trinken mit in<\/p>\n<p class=\"p1\">die Schule. Es kann sein, dass Ihr Kind das Fasten einfach unterbrechen m\u00f6chte oder aus<\/p>\n<p class=\"p1\">gesundheitlichen Gr\u00fcnden unterbrechen muss. Bedenken Sie, dass Ihr Kind auch in der Zeit<\/p>\n<p class=\"p1\">des Ramadans gest\u00e4rkt und ausgeschlafen in die Schule kommen muss, um dem Unterricht<\/p>\n<p class=\"p1\">folgen zu k\u00f6nnen. Informieren Sie bitte auf jeden Fall auch die Lehrkraft, ob und in welcher<\/p>\n<p class=\"p1\">Form Ihr Kind am Ramadan teilnimmt.<\/p>\n<p class=\"p1\">Am Ende des Ramadan Monats feiern Muslime ein 3-t\u00e4giges Fest namens \u201eEid-Ul-Fitr.\u201c<\/p>\n<p class=\"p1\">(Fest des Spendens). So wie die Christen z. B. Ostern und Weihnachten in der Familie<\/p>\n<p class=\"p1\">begehen, wird das Ende des Ramadans als Familienfest begangen.<\/p>\n<p class=\"p1\">Am ersten Tag dieses Festes, dem 20. M\u00e4rz, k\u00f6nnten muslimische Kinder eine Unterrichts-<\/p>\n<p class=\"p1\">befreiung beantragen. In diesem Schuljahr f\u00e4llt er auf den letzten Schultag vor den<\/p>\n<p class=\"p1\">Osterferien.<\/p>\n<p class=\"p1\">Ich danke Ihnen f\u00fcr Ihr Verst\u00e4ndnis und w\u00fcnsche allen, die den Ramadan begehen, eine<\/p>\n<p class=\"p1\">besinnliche Zeit der inneren Einkehr und der Gemeinschaft und gratuliere schon jetzt zum<\/p>\n<p class=\"p1\">Ramadan und zum Eid-Ul-Fitr.<\/p>\n<p>Infobrief Ramadan<\/p>\n<p><a href=\"https:\/\/wordpress.nibis.de\/gsamstadtturm\/files\/2026\/01\/Befreiung-religioeser-Feiertag.pdf\">Formular zur Unterrichtsbefreiung<\/a><\/p>\n\n\n\n\n","protected":false},"excerpt":{"rendered":"<p>Bald beginnt der Monat Ramadan, eine besondere Zeit f\u00fcr viele muslimische Familien. In diesem Jahr beginnt dieser voraussichtlich am Abend des 18. Februar und endet am Abend des 20. M\u00e4rz. In dieser Zeit fasten Muslime von der Morgend\u00e4mmerung bis zum Sonnenuntergang, sie verzichten in dieser Zeitspanne also auf das Essen und Trinken. \u00c4hnlich wie bei [&hellip;]<\/p>\n","protected":false},"author":654,"featured_media":0,"parent":0,"menu_order":0,"comment_status":"closed","ping_status":"closed","template":"","meta":{"footnotes":""},"class_list":["post-2897","page","type-page","status-publish","hentry"],"_links":{"self":[{"href":"https:\/\/wordpress.nibis.de\/gsamstadtturm\/wp-json\/wp\/v2\/pages\/2897","targetHints":{"allow":["GET"]}}],"collection":[{"href":"https:\/\/wordpress.nibis.de\/gsamstadtturm\/wp-json\/wp\/v2\/pages"}],"about":[{"href":"https:\/\/wordpress.nibis.de\/gsamstadtturm\/wp-json\/wp\/v2\/types\/page"}],"author":[{"embeddable":true,"href":"https:\/\/wordpress.nibis.de\/gsamstadtturm\/wp-json\/wp\/v2\/users\/654"}],"replies":[{"embeddable":true,"href":"https:\/\/wordpress.nibis.de\/gsamstadtturm\/wp-json\/wp\/v2\/comments?post=2897"}],"version-history":[{"count":3,"href":"https:\/\/wordpress.nibis.de\/gsamstadtturm\/wp-json\/wp\/v2\/pages\/2897\/revisions"}],"predecessor-version":[{"id":3026,"href":"https:\/\/wordpress.nibis.de\/gsamstadtturm\/wp-json\/wp\/v2\/pages\/2897\/revisions\/3026"}],"wp:attachment":[{"href":"https:\/\/wordpress.nibis.de\/gsamstadtturm\/wp-json\/wp\/v2\/media?parent=2897"}],"curies":[{"name":"wp","href":"https:\/\/api.w.org\/{rel}","templated":true}]}}